{"id":71,"date":"2020-02-26T12:31:16","date_gmt":"2020-02-26T12:31:16","guid":{"rendered":"https:\/\/www.hypnose-bw.eu\/?page_id=71"},"modified":"2020-04-07T12:43:47","modified_gmt":"2020-04-07T12:43:47","slug":"ueber-uns","status":"publish","type":"page","link":"https:\/\/www.hypnose-bw.eu\/index.php\/ueber-uns\/","title":{"rendered":"\u00dcber uns"},"content":{"rendered":"<p>[et_pb_section fb_built=&#8220;1&#8243; _builder_version=&#8220;4.4.0&#8243; custom_padding=&#8220;100px|||||&#8220;][et_pb_row _builder_version=&#8220;4.4.0&#8243; min_height=&#8220;150px&#8220; custom_padding=&#8220;0px||100px|||&#8220;][et_pb_column type=&#8220;4_4&#8243; _builder_version=&#8220;4.4.0&#8243;][et_pb_divider color=&#8220;#5D9D8B&#8220; divider_weight=&#8220;2px&#8220; _builder_version=&#8220;4.3.4&#8243; transform_translate=&#8220;0px|10px&#8220; transform_translate_linked=&#8220;off&#8220; width=&#8220;10%&#8220; module_alignment=&#8220;center&#8220; custom_margin=&#8220;||21px|493px||&#8220; global_module=&#8220;738&#8243; saved_tabs=&#8220;all&#8220;][\/et_pb_divider][et_pb_text _builder_version=&#8220;4.4.0&#8243; text_font=&#8220;Barlow||||||||&#8220; text_text_color=&#8220;#5D9D8B&#8220; header_font=&#8220;Barlow||||||||&#8220; header_text_color=&#8220;#024669&#8243; custom_margin=&#8220;||29px|||&#8220; custom_padding=&#8220;0px||0px|||&#8220; saved_tabs=&#8220;all&#8220; inline_fonts=&#8220;Roboto Slab&#8220;]<\/p>\n<p style=\"text-align: center;\"><span style=\"font-size: xx-large; font-family: 'Roboto Slab';\">Hypnose fasziniert &#8211; Hypnose hilft<\/span><\/p>\n<p>[\/et_pb_text][\/et_pb_column][\/et_pb_row][et_pb_row column_structure=&#8220;2_5,3_5&#8243; _builder_version=&#8220;4.4.0&#8243; width_tablet=&#8220;&#8220; width_phone=&#8220;90%&#8220; width_last_edited=&#8220;on|phone&#8220;][et_pb_column type=&#8220;2_5&#8243; _builder_version=&#8220;4.4.0&#8243;][et_pb_image src=&#8220;https:\/\/www.hypnose-bw.eu\/wp-content\/uploads\/2020\/03\/Andreas-Wehrle.jpg&#8220; align=&#8220;center&#8220; align_tablet=&#8220;center&#8220; align_phone=&#8220;&#8220; align_last_edited=&#8220;on|tablet&#8220; _builder_version=&#8220;4.4.0&#8243; transform_scale=&#8220;120%|120%&#8220; transform_scale_tablet=&#8220;95%|95%&#8220; transform_scale_phone=&#8220;&#8220; transform_scale_last_edited=&#8220;on|tablet&#8220; transform_translate=&#8220;40px|-21px&#8220; transform_translate_tablet=&#8220;0px|0px&#8220; transform_translate_phone=&#8220;&#8220; transform_translate_last_edited=&#8220;on|desktop&#8220; transform_translate_linked=&#8220;off&#8220; transform_rotate_tablet=&#8220;&#8220; transform_rotate_phone=&#8220;&#8220; transform_rotate_last_edited=&#8220;on|desktop&#8220; transform_skew_tablet=&#8220;&#8220; transform_skew_phone=&#8220;&#8220; transform_skew_last_edited=&#8220;on|desktop&#8220; transform_origin_tablet=&#8220;&#8220; transform_origin_phone=&#8220;&#8220; transform_origin_last_edited=&#8220;on|desktop&#8220; transform_styles_last_edited=&#8220;on|desktop&#8220; animation_style=&#8220;slide&#8220; animation_direction=&#8220;left&#8220; animation_intensity_slide=&#8220;4%&#8220; transform_styles_tablet=&#8220;&#8220; transform_styles_phone=&#8220;&#8220; box_shadow_style=&#8220;preset1&#8243;][\/et_pb_image][\/et_pb_column][et_pb_column type=&#8220;3_5&#8243; _builder_version=&#8220;4.4.0&#8243;][et_pb_text _builder_version=&#8220;4.4.0&#8243; text_font=&#8220;Roboto|300|||||||&#8220; text_text_color=&#8220;#ffffff&#8220; text_font_size=&#8220;20px&#8220; text_line_height=&#8220;1.5em&#8220; background_color=&#8220;#5D9D8B&#8220; use_background_color_gradient=&#8220;on&#8220; background_color_gradient_start=&#8220;#3D7B7F&#8220; background_color_gradient_end=&#8220;#5D9D8B&#8220; background_color_gradient_direction=&#8220;343deg&#8220; custom_padding=&#8220;50px|50px|50px|50px|false|false&#8220; filter_opacity=&#8220;90%&#8220; text_font_size_tablet=&#8220;18px&#8220; text_font_size_phone=&#8220;16px&#8220; text_font_size_last_edited=&#8220;on|desktop&#8220; box_shadow_style=&#8220;preset1&#8243;]<\/p>\n<p>\u00dcber uns<\/p>\n<p>Als ich 1986 das erste mal <span class=\"lang_en\" lang=\"en\" xml:lang=\"en\">live<\/span> bei einer Show mit <a href=\"file:\/\/\/glossar\/17-Hypnose.html#17\" title=\"\" class=\"glossar_link\">Hypnose<\/a> konfrontiert wurde, l\u00f6ste das eine gro\u00dfe Faszination aus. Lange war ich der Meinung dass zur Hypnose eine Veranlagung geh\u00f6rt die der eine hat und der andere eben nicht.<\/p>\n<p>Hypnoseschulen, Ausbildungsangebote oder deutsche B\u00fccher \u00fcber Hypnose suchte man zu dieser Zeit in Deutschland noch vergebens. Auch die M\u00f6glichkeiten die heute das Internet bietet gab es einfach nicht. So blieb diese Faszination in mir lange verborgen. Selbst die im TV der 90er ausgestrahlen Talkshows in der Hypnotiseure gezeigt wurden, konnte diese Faszination nicht erneut entfesseln.<\/p>\n<p>\u00dcber 20 Jahre hat es gedauert bis ich 2007 das Buch von Kurt Tepperwein &#8222;Die hohe Schule der Hypnose&#8220; gelesen habe. Seither ist diese Faszination zur\u00fcck und es war \u00fcber die Jahre bis heute ein stetiges lernen und weiterbilden.<\/p>\n<p>Andreas Wehrle<\/p>\n<p>&nbsp;<\/p>\n<p>[\/et_pb_text][\/et_pb_column][\/et_pb_row][\/et_pb_section]<\/p>\n","protected":false},"excerpt":{"rendered":"<p>Hypnose fasziniert &#8211; Hypnose hilft\u00dcber unsAls ich 1986 das erste mal live bei einer Show mit Hypnose konfrontiert wurde, l\u00f6ste das eine gro\u00dfe Faszination aus. Lange war ich der Meinung dass zur Hypnose eine Veranlagung geh\u00f6rt die der eine hat und der andere eben nicht. Hypnoseschulen, Ausbildungsangebote oder deutsche B\u00fccher \u00fcber Hypnose suchte man zu [&hellip;]<\/p>\n","protected":false},"author":3,"featured_media":0,"parent":0,"menu_order":0,"comment_status":"closed","ping_status":"closed","template":"","meta":{"_et_pb_use_builder":"on","_et_pb_old_content":"","_et_gb_content_width":"","footnotes":""},"class_list":["post-71","page","type-page","status-publish","hentry"],"yoast_head":"<!-- This site is optimized with the Yoast SEO plugin v24.1 - https:\/\/yoast.com\/wordpress\/plugins\/seo\/ -->\n<title>\u00dcber uns - Hypnose Center Baden-W\u00fcrttemberg, Hypnosetherapie<\/title>\n<meta name=\"description\" content=\"\u00dcber uns - Als ich 1986 das erste mal live bei einer Show mit Hypnose konfrontiert wurde, l\u00f6ste das, wie bei vielen Menschen, eine gro\u00dfe Faszination aus.\" \/>\n<meta name=\"robots\" content=\"index, follow, max-snippet:-1, max-image-preview:large, max-video-preview:-1\" \/>\n<link rel=\"canonical\" href=\"https:\/\/www.hypnose-bw.eu\/index.php\/ueber-uns\/\" \/>\n<meta property=\"og:locale\" content=\"de_DE\" \/>\n<meta property=\"og:type\" content=\"article\" \/>\n<meta property=\"og:title\" content=\"\u00dcber uns - Hypnose Center Baden-W\u00fcrttemberg, Hypnosetherapie\" \/>\n<meta property=\"og:description\" content=\"\u00dcber uns - Als ich 1986 das erste mal live bei einer Show mit Hypnose konfrontiert wurde, l\u00f6ste das, wie bei vielen Menschen, eine gro\u00dfe Faszination aus.\" \/>\n<meta property=\"og:url\" content=\"https:\/\/www.hypnose-bw.eu\/index.php\/ueber-uns\/\" \/>\n<meta property=\"og:site_name\" content=\"Hypnose Center Baden-W\u00fcrttemberg, Hypnosetherapie- und Ausbildung\" \/>\n<meta property=\"article:modified_time\" content=\"2020-04-07T12:43:47+00:00\" \/>\n<meta name=\"twitter:card\" content=\"summary_large_image\" \/>\n<meta name=\"twitter:label1\" content=\"Gesch\u00e4tzte Lesezeit\" \/>\n\t<meta name=\"twitter:data1\" content=\"3\u00a0Minuten\" \/>\n<script type=\"application\/ld+json\" class=\"yoast-schema-graph\">{\"@context\":\"https:\/\/schema.org\",\"@graph\":[{\"@type\":\"WebPage\",\"@id\":\"https:\/\/www.hypnose-bw.eu\/index.php\/ueber-uns\/\",\"url\":\"https:\/\/www.hypnose-bw.eu\/index.php\/ueber-uns\/\",\"name\":\"\u00dcber uns - Hypnose Center Baden-W\u00fcrttemberg, Hypnosetherapie\",\"isPartOf\":{\"@id\":\"https:\/\/www.hypnose-bw.eu\/#website\"},\"datePublished\":\"2020-02-26T12:31:16+00:00\",\"dateModified\":\"2020-04-07T12:43:47+00:00\",\"description\":\"\u00dcber uns - Als ich 1986 das erste mal live bei einer Show mit Hypnose konfrontiert wurde, l\u00f6ste das, wie bei vielen Menschen, eine gro\u00dfe Faszination aus.\",\"breadcrumb\":{\"@id\":\"https:\/\/www.hypnose-bw.eu\/index.php\/ueber-uns\/#breadcrumb\"},\"inLanguage\":\"de\",\"potentialAction\":[{\"@type\":\"ReadAction\",\"target\":[\"https:\/\/www.hypnose-bw.eu\/index.php\/ueber-uns\/\"]}]},{\"@type\":\"BreadcrumbList\",\"@id\":\"https:\/\/www.hypnose-bw.eu\/index.php\/ueber-uns\/#breadcrumb\",\"itemListElement\":[{\"@type\":\"ListItem\",\"position\":1,\"name\":\"Home\",\"item\":\"https:\/\/www.hypnose-bw.eu\/\"},{\"@type\":\"ListItem\",\"position\":2,\"name\":\"\u00dcber uns\"}]},{\"@type\":\"WebSite\",\"@id\":\"https:\/\/www.hypnose-bw.eu\/#website\",\"url\":\"https:\/\/www.hypnose-bw.eu\/\",\"name\":\"Hypnose, Hypnosetherapie und Hypnoseausbildung in Baden-W\u00fcrttemberg\",\"description\":\"Moderne Hypnose bietet heute eine enorme Bandbreite von Anwendungen. Informieren Sie sich auf unseren Seiten zum Thema: Hypnose, Hypnosetherapie und Hypnoseausbildung in Baden-W\u00fcrttemberg.\",\"publisher\":{\"@id\":\"https:\/\/www.hypnose-bw.eu\/#\/schema\/person\/696f9a4168500159d90848a8d0d5cb54\"},\"potentialAction\":[{\"@type\":\"SearchAction\",\"target\":{\"@type\":\"EntryPoint\",\"urlTemplate\":\"https:\/\/www.hypnose-bw.eu\/?s={search_term_string}\"},\"query-input\":{\"@type\":\"PropertyValueSpecification\",\"valueRequired\":true,\"valueName\":\"search_term_string\"}}],\"inLanguage\":\"de\"},{\"@type\":[\"Person\",\"Organization\"],\"@id\":\"https:\/\/www.hypnose-bw.eu\/#\/schema\/person\/696f9a4168500159d90848a8d0d5cb54\",\"name\":\"admin\",\"image\":{\"@type\":\"ImageObject\",\"inLanguage\":\"de\",\"@id\":\"https:\/\/www.hypnose-bw.eu\/#\/schema\/person\/image\/\",\"url\":\"https:\/\/secure.gravatar.com\/avatar\/9c6614c27ceccccabc48687d162e5c06?s=96&d=mm&r=g\",\"contentUrl\":\"https:\/\/secure.gravatar.com\/avatar\/9c6614c27ceccccabc48687d162e5c06?s=96&d=mm&r=g\",\"caption\":\"admin\"},\"logo\":{\"@id\":\"https:\/\/www.hypnose-bw.eu\/#\/schema\/person\/image\/\"}}]}<\/script>\n<!-- \/ Yoast SEO plugin. -->","yoast_head_json":{"title":"\u00dcber uns - Hypnose Center Baden-W\u00fcrttemberg, Hypnosetherapie","description":"\u00dcber uns - Als ich 1986 das erste mal live bei einer Show mit Hypnose konfrontiert wurde, l\u00f6ste das, wie bei vielen Menschen, eine gro\u00dfe Faszination aus.","robots":{"index":"index","follow":"follow","max-snippet":"max-snippet:-1","max-image-preview":"max-image-preview:large","max-video-preview":"max-video-preview:-1"},"canonical":"https:\/\/www.hypnose-bw.eu\/index.php\/ueber-uns\/","og_locale":"de_DE","og_type":"article","og_title":"\u00dcber uns - Hypnose Center Baden-W\u00fcrttemberg, Hypnosetherapie","og_description":"\u00dcber uns - Als ich 1986 das erste mal live bei einer Show mit Hypnose konfrontiert wurde, l\u00f6ste das, wie bei vielen Menschen, eine gro\u00dfe Faszination aus.","og_url":"https:\/\/www.hypnose-bw.eu\/index.php\/ueber-uns\/","og_site_name":"Hypnose Center Baden-W\u00fcrttemberg, Hypnosetherapie- und Ausbildung","article_modified_time":"2020-04-07T12:43:47+00:00","twitter_card":"summary_large_image","twitter_misc":{"Gesch\u00e4tzte Lesezeit":"3\u00a0Minuten"},"schema":{"@context":"https:\/\/schema.org","@graph":[{"@type":"WebPage","@id":"https:\/\/www.hypnose-bw.eu\/index.php\/ueber-uns\/","url":"https:\/\/www.hypnose-bw.eu\/index.php\/ueber-uns\/","name":"\u00dcber uns - Hypnose Center Baden-W\u00fcrttemberg, Hypnosetherapie","isPartOf":{"@id":"https:\/\/www.hypnose-bw.eu\/#website"},"datePublished":"2020-02-26T12:31:16+00:00","dateModified":"2020-04-07T12:43:47+00:00","description":"\u00dcber uns - Als ich 1986 das erste mal live bei einer Show mit Hypnose konfrontiert wurde, l\u00f6ste das, wie bei vielen Menschen, eine gro\u00dfe Faszination aus.","breadcrumb":{"@id":"https:\/\/www.hypnose-bw.eu\/index.php\/ueber-uns\/#breadcrumb"},"inLanguage":"de","potentialAction":[{"@type":"ReadAction","target":["https:\/\/www.hypnose-bw.eu\/index.php\/ueber-uns\/"]}]},{"@type":"BreadcrumbList","@id":"https:\/\/www.hypnose-bw.eu\/index.php\/ueber-uns\/#breadcrumb","itemListElement":[{"@type":"ListItem","position":1,"name":"Home","item":"https:\/\/www.hypnose-bw.eu\/"},{"@type":"ListItem","position":2,"name":"\u00dcber uns"}]},{"@type":"WebSite","@id":"https:\/\/www.hypnose-bw.eu\/#website","url":"https:\/\/www.hypnose-bw.eu\/","name":"Hypnose, Hypnosetherapie und Hypnoseausbildung in Baden-W\u00fcrttemberg","description":"Moderne Hypnose bietet heute eine enorme Bandbreite von Anwendungen. Informieren Sie sich auf unseren Seiten zum Thema: Hypnose, Hypnosetherapie und Hypnoseausbildung in Baden-W\u00fcrttemberg.","publisher":{"@id":"https:\/\/www.hypnose-bw.eu\/#\/schema\/person\/696f9a4168500159d90848a8d0d5cb54"},"potentialAction":[{"@type":"SearchAction","target":{"@type":"EntryPoint","urlTemplate":"https:\/\/www.hypnose-bw.eu\/?s={search_term_string}"},"query-input":{"@type":"PropertyValueSpecification","valueRequired":true,"valueName":"search_term_string"}}],"inLanguage":"de"},{"@type":["Person","Organization"],"@id":"https:\/\/www.hypnose-bw.eu\/#\/schema\/person\/696f9a4168500159d90848a8d0d5cb54","name":"admin","image":{"@type":"ImageObject","inLanguage":"de","@id":"https:\/\/www.hypnose-bw.eu\/#\/schema\/person\/image\/","url":"https:\/\/secure.gravatar.com\/avatar\/9c6614c27ceccccabc48687d162e5c06?s=96&d=mm&r=g","contentUrl":"https:\/\/secure.gravatar.com\/avatar\/9c6614c27ceccccabc48687d162e5c06?s=96&d=mm&r=g","caption":"admin"},"logo":{"@id":"https:\/\/www.hypnose-bw.eu\/#\/schema\/person\/image\/"}}]}},"_links":{"self":[{"href":"https:\/\/www.hypnose-bw.eu\/index.php\/wp-json\/wp\/v2\/pages\/71","targetHints":{"allow":["GET"]}}],"collection":[{"href":"https:\/\/www.hypnose-bw.eu\/index.php\/wp-json\/wp\/v2\/pages"}],"about":[{"href":"https:\/\/www.hypnose-bw.eu\/index.php\/wp-json\/wp\/v2\/types\/page"}],"author":[{"embeddable":true,"href":"https:\/\/www.hypnose-bw.eu\/index.php\/wp-json\/wp\/v2\/users\/3"}],"replies":[{"embeddable":true,"href":"https:\/\/www.hypnose-bw.eu\/index.php\/wp-json\/wp\/v2\/comments?post=71"}],"version-history":[{"count":40,"href":"https:\/\/www.hypnose-bw.eu\/index.php\/wp-json\/wp\/v2\/pages\/71\/revisions"}],"predecessor-version":[{"id":1544,"href":"https:\/\/www.hypnose-bw.eu\/index.php\/wp-json\/wp\/v2\/pages\/71\/revisions\/1544"}],"wp:attachment":[{"href":"https:\/\/www.hypnose-bw.eu\/index.php\/wp-json\/wp\/v2\/media?parent=71"}],"curies":[{"name":"wp","href":"https:\/\/api.w.org\/{rel}","templated":true}]}}