{"id":67,"date":"2020-02-26T12:30:24","date_gmt":"2020-02-26T12:30:24","guid":{"rendered":"https:\/\/www.hypnose-bw.eu\/?page_id=67"},"modified":"2020-04-07T11:34:36","modified_gmt":"2020-04-07T11:34:36","slug":"termine-2","status":"publish","type":"page","link":"https:\/\/www.hypnose-bw.eu\/index.php\/termine-2\/","title":{"rendered":"Termine"},"content":{"rendered":"<p>[et_pb_section fb_built=&#8220;1&#8243; _builder_version=&#8220;4.4.0&#8243;][et_pb_row _builder_version=&#8220;4.4.0&#8243;][et_pb_column type=&#8220;4_4&#8243; _builder_version=&#8220;4.4.0&#8243;][et_pb_image src=&#8220;https:\/\/www.hypnose-bw.eu\/wp-content\/uploads\/2020\/04\/information-1.png&#8220; _builder_version=&#8220;4.4.2&#8243; align=&#8220;center&#8220; hover_enabled=&#8220;0&#8243; transform_scale=&#8220;80%|80%&#8220; transform_translate_linked=&#8220;off&#8220;][\/et_pb_image][et_pb_divider color=&#8220;#5D9D8B&#8220; divider_weight=&#8220;2px&#8220; _builder_version=&#8220;4.3.4&#8243; transform_translate=&#8220;0px|10px&#8220; transform_translate_linked=&#8220;off&#8220; width=&#8220;10%&#8220; module_alignment=&#8220;center&#8220; custom_margin=&#8220;||21px|493px||&#8220; saved_tabs=&#8220;all&#8220; global_module=&#8220;738&#8243;][\/et_pb_divider][et_pb_text _builder_version=&#8220;4.4.2&#8243; text_font=&#8220;Barlow||||||||&#8220; text_text_color=&#8220;#5D9D8B&#8220; header_font=&#8220;Barlow||||||||&#8220; header_text_color=&#8220;#024669&#8243; custom_margin=&#8220;||29px|||&#8220; custom_padding=&#8220;0px||0px|||&#8220; saved_tabs=&#8220;all&#8220; inline_fonts=&#8220;Roboto Slab&#8220;]<\/p>\n<p style=\"text-align: center;\"><span style=\"font-size: xx-large; font-family: 'Roboto Slab';\">Aus aktuellem Anlass finden keine Termine statt<\/span><\/p>\n<p>[\/et_pb_text][et_pb_text _builder_version=&#8220;4.4.0&#8243; text_font=&#8220;|300|||||||&#8220; text_font_size=&#8220;20px&#8220; text_line_height=&#8220;1.5em&#8220; text_font_size_tablet=&#8220;18px&#8220; text_font_size_phone=&#8220;16px&#8220; text_font_size_last_edited=&#8220;on|desktop&#8220;]<\/p>\n<p>Aufgrund der aktuellen Situation in Deutschland infolge des Corona-Virus und den Quarant\u00e4ne Ma\u00dfnahmen finden in der n\u00e4chsten Zeit keine Termine statt. Deshalb bitten wir Sie um Ihr Verst\u00e4ndnis.<br \/>Sie k\u00f6nnen sich jedoch weiterhin auf unseren Seiten zum\u00a0<span>Thema <\/span><a href=\"https:\/\/www.hypnose-bw.eu\/index.php\/informationen\/hypnose\/\" target=\"_blank\" rel=\"noopener noreferrer\" title=\"Hypnose\">Hypnose<\/a><span>und deren <\/span><a href=\"https:\/\/www.hypnose-bw.eu\/index.php\/informationen\/anwendungsbeispiele\/\" target=\"_blank\" rel=\"noopener noreferrer\" title=\"Anwendungsgebiete\">Anwendungsgebiete<\/a><span>\u00a0informieren.<\/span><br \/>Bleiben Sie gesund.<\/p>\n<p>Mit besten Gr\u00fc\u00dfen,<br \/><span style=\"font-size: 20px;\">Ihr Hypnose Center Baden-W\u00fcrttemberg<\/span><\/p>\n<p>&nbsp;<\/p>\n<p>[\/et_pb_text][\/et_pb_column][\/et_pb_row][\/et_pb_section][et_pb_section fb_built=&#8220;1&#8243; _builder_version=&#8220;4.4.0&#8243;][et_pb_row _builder_version=&#8220;4.4.2&#8243;][et_pb_column _builder_version=&#8220;4.4.2&#8243; type=&#8220;4_4&#8243;][et_pb_social_media_follow _builder_version=&#8220;4.4.2&#8243; text_orientation=&#8220;center&#8220; hover_enabled=&#8220;0&#8243;][et_pb_social_media_follow_network social_network=&#8220;facebook&#8220; background_color=&#8220;#3b5998&#8243; _builder_version=&#8220;4.4.2&#8243; follow_button=&#8220;off&#8220; url_new_window=&#8220;on&#8220; url=&#8220;https:\/\/de-de.facebook.com\/Hypnose.BW\/&#8220; hover_enabled=&#8220;0&#8243;]facebook[\/et_pb_social_media_follow_network][\/et_pb_social_media_follow][\/et_pb_column][\/et_pb_row][\/et_pb_section]<\/p>\n","protected":false},"excerpt":{"rendered":"<p>Aus aktuellem Anlass finden keine Termine stattAufgrund der aktuellen Situation in Deutschland infolge des Corona-Virus und den Quarant\u00e4ne Ma\u00dfnahmen finden in der n\u00e4chsten Zeit keine Termine statt. Deshalb bitten wir Sie um Ihr Verst\u00e4ndnis.Sie k\u00f6nnen sich jedoch weiterhin auf unseren Seiten zum\u00a0Thema Hypnoseund deren Anwendungsgebiete\u00a0informieren.Bleiben Sie gesund. Mit besten Gr\u00fc\u00dfen,Ihr Hypnose Center Baden-W\u00fcrttemberg &nbsp;<\/p>\n","protected":false},"author":3,"featured_media":0,"parent":0,"menu_order":0,"comment_status":"closed","ping_status":"closed","template":"","meta":{"_et_pb_use_builder":"on","_et_pb_old_content":"","_et_gb_content_width":"","footnotes":""},"class_list":["post-67","page","type-page","status-publish","hentry"],"yoast_head":"<!-- This site is optimized with the Yoast SEO plugin v24.1 - https:\/\/yoast.com\/wordpress\/plugins\/seo\/ -->\n<title>Termine - Hypnose Center Baden-W\u00fcrttemberg, Hypnosetherapie<\/title>\n<meta name=\"description\" content=\"Aufgrund der aktuellen Situation in Deutschland infolge des Corona-Virus und den Quarant\u00e4ne Ma\u00dfnahmen finden in der n\u00e4chsten Zeit keine Termine statt.\" \/>\n<meta name=\"robots\" content=\"index, follow, max-snippet:-1, max-image-preview:large, max-video-preview:-1\" \/>\n<link rel=\"canonical\" href=\"https:\/\/www.hypnose-bw.eu\/index.php\/termine-2\/\" \/>\n<meta property=\"og:locale\" content=\"de_DE\" \/>\n<meta property=\"og:type\" content=\"article\" \/>\n<meta property=\"og:title\" content=\"Termine - Hypnose Center Baden-W\u00fcrttemberg, Hypnosetherapie\" \/>\n<meta property=\"og:description\" content=\"Aufgrund der aktuellen Situation in Deutschland infolge des Corona-Virus und den Quarant\u00e4ne Ma\u00dfnahmen finden in der n\u00e4chsten Zeit keine Termine statt.\" \/>\n<meta property=\"og:url\" content=\"https:\/\/www.hypnose-bw.eu\/index.php\/termine-2\/\" \/>\n<meta property=\"og:site_name\" content=\"Hypnose Center Baden-W\u00fcrttemberg, Hypnosetherapie- und Ausbildung\" \/>\n<meta property=\"article:modified_time\" content=\"2020-04-07T11:34:36+00:00\" \/>\n<meta name=\"twitter:card\" content=\"summary_large_image\" \/>\n<meta name=\"twitter:label1\" content=\"Gesch\u00e4tzte Lesezeit\" \/>\n\t<meta name=\"twitter:data1\" content=\"2\u00a0Minuten\" \/>\n<script type=\"application\/ld+json\" class=\"yoast-schema-graph\">{\"@context\":\"https:\/\/schema.org\",\"@graph\":[{\"@type\":\"WebPage\",\"@id\":\"https:\/\/www.hypnose-bw.eu\/index.php\/termine-2\/\",\"url\":\"https:\/\/www.hypnose-bw.eu\/index.php\/termine-2\/\",\"name\":\"Termine - Hypnose Center Baden-W\u00fcrttemberg, Hypnosetherapie\",\"isPartOf\":{\"@id\":\"https:\/\/www.hypnose-bw.eu\/#website\"},\"datePublished\":\"2020-02-26T12:30:24+00:00\",\"dateModified\":\"2020-04-07T11:34:36+00:00\",\"description\":\"Aufgrund der aktuellen Situation in Deutschland infolge des Corona-Virus und den Quarant\u00e4ne Ma\u00dfnahmen finden in der n\u00e4chsten Zeit keine Termine statt.\",\"breadcrumb\":{\"@id\":\"https:\/\/www.hypnose-bw.eu\/index.php\/termine-2\/#breadcrumb\"},\"inLanguage\":\"de\",\"potentialAction\":[{\"@type\":\"ReadAction\",\"target\":[\"https:\/\/www.hypnose-bw.eu\/index.php\/termine-2\/\"]}]},{\"@type\":\"BreadcrumbList\",\"@id\":\"https:\/\/www.hypnose-bw.eu\/index.php\/termine-2\/#breadcrumb\",\"itemListElement\":[{\"@type\":\"ListItem\",\"position\":1,\"name\":\"Home\",\"item\":\"https:\/\/www.hypnose-bw.eu\/\"},{\"@type\":\"ListItem\",\"position\":2,\"name\":\"Termine\"}]},{\"@type\":\"WebSite\",\"@id\":\"https:\/\/www.hypnose-bw.eu\/#website\",\"url\":\"https:\/\/www.hypnose-bw.eu\/\",\"name\":\"Hypnose, Hypnosetherapie und Hypnoseausbildung in Baden-W\u00fcrttemberg\",\"description\":\"Moderne Hypnose bietet heute eine enorme Bandbreite von Anwendungen. Informieren Sie sich auf unseren Seiten zum Thema: Hypnose, Hypnosetherapie und Hypnoseausbildung in Baden-W\u00fcrttemberg.\",\"publisher\":{\"@id\":\"https:\/\/www.hypnose-bw.eu\/#\/schema\/person\/696f9a4168500159d90848a8d0d5cb54\"},\"potentialAction\":[{\"@type\":\"SearchAction\",\"target\":{\"@type\":\"EntryPoint\",\"urlTemplate\":\"https:\/\/www.hypnose-bw.eu\/?s={search_term_string}\"},\"query-input\":{\"@type\":\"PropertyValueSpecification\",\"valueRequired\":true,\"valueName\":\"search_term_string\"}}],\"inLanguage\":\"de\"},{\"@type\":[\"Person\",\"Organization\"],\"@id\":\"https:\/\/www.hypnose-bw.eu\/#\/schema\/person\/696f9a4168500159d90848a8d0d5cb54\",\"name\":\"admin\",\"image\":{\"@type\":\"ImageObject\",\"inLanguage\":\"de\",\"@id\":\"https:\/\/www.hypnose-bw.eu\/#\/schema\/person\/image\/\",\"url\":\"https:\/\/secure.gravatar.com\/avatar\/9c6614c27ceccccabc48687d162e5c06?s=96&d=mm&r=g\",\"contentUrl\":\"https:\/\/secure.gravatar.com\/avatar\/9c6614c27ceccccabc48687d162e5c06?s=96&d=mm&r=g\",\"caption\":\"admin\"},\"logo\":{\"@id\":\"https:\/\/www.hypnose-bw.eu\/#\/schema\/person\/image\/\"}}]}<\/script>\n<!-- \/ Yoast SEO plugin. -->","yoast_head_json":{"title":"Termine - Hypnose Center Baden-W\u00fcrttemberg, Hypnosetherapie","description":"Aufgrund der aktuellen Situation in Deutschland infolge des Corona-Virus und den Quarant\u00e4ne Ma\u00dfnahmen finden in der n\u00e4chsten Zeit keine Termine statt.","robots":{"index":"index","follow":"follow","max-snippet":"max-snippet:-1","max-image-preview":"max-image-preview:large","max-video-preview":"max-video-preview:-1"},"canonical":"https:\/\/www.hypnose-bw.eu\/index.php\/termine-2\/","og_locale":"de_DE","og_type":"article","og_title":"Termine - Hypnose Center Baden-W\u00fcrttemberg, Hypnosetherapie","og_description":"Aufgrund der aktuellen Situation in Deutschland infolge des Corona-Virus und den Quarant\u00e4ne Ma\u00dfnahmen finden in der n\u00e4chsten Zeit keine Termine statt.","og_url":"https:\/\/www.hypnose-bw.eu\/index.php\/termine-2\/","og_site_name":"Hypnose Center Baden-W\u00fcrttemberg, Hypnosetherapie- und Ausbildung","article_modified_time":"2020-04-07T11:34:36+00:00","twitter_card":"summary_large_image","twitter_misc":{"Gesch\u00e4tzte Lesezeit":"2\u00a0Minuten"},"schema":{"@context":"https:\/\/schema.org","@graph":[{"@type":"WebPage","@id":"https:\/\/www.hypnose-bw.eu\/index.php\/termine-2\/","url":"https:\/\/www.hypnose-bw.eu\/index.php\/termine-2\/","name":"Termine - Hypnose Center Baden-W\u00fcrttemberg, Hypnosetherapie","isPartOf":{"@id":"https:\/\/www.hypnose-bw.eu\/#website"},"datePublished":"2020-02-26T12:30:24+00:00","dateModified":"2020-04-07T11:34:36+00:00","description":"Aufgrund der aktuellen Situation in Deutschland infolge des Corona-Virus und den Quarant\u00e4ne Ma\u00dfnahmen finden in der n\u00e4chsten Zeit keine Termine statt.","breadcrumb":{"@id":"https:\/\/www.hypnose-bw.eu\/index.php\/termine-2\/#breadcrumb"},"inLanguage":"de","potentialAction":[{"@type":"ReadAction","target":["https:\/\/www.hypnose-bw.eu\/index.php\/termine-2\/"]}]},{"@type":"BreadcrumbList","@id":"https:\/\/www.hypnose-bw.eu\/index.php\/termine-2\/#breadcrumb","itemListElement":[{"@type":"ListItem","position":1,"name":"Home","item":"https:\/\/www.hypnose-bw.eu\/"},{"@type":"ListItem","position":2,"name":"Termine"}]},{"@type":"WebSite","@id":"https:\/\/www.hypnose-bw.eu\/#website","url":"https:\/\/www.hypnose-bw.eu\/","name":"Hypnose, Hypnosetherapie und Hypnoseausbildung in Baden-W\u00fcrttemberg","description":"Moderne Hypnose bietet heute eine enorme Bandbreite von Anwendungen. Informieren Sie sich auf unseren Seiten zum Thema: Hypnose, Hypnosetherapie und Hypnoseausbildung in Baden-W\u00fcrttemberg.","publisher":{"@id":"https:\/\/www.hypnose-bw.eu\/#\/schema\/person\/696f9a4168500159d90848a8d0d5cb54"},"potentialAction":[{"@type":"SearchAction","target":{"@type":"EntryPoint","urlTemplate":"https:\/\/www.hypnose-bw.eu\/?s={search_term_string}"},"query-input":{"@type":"PropertyValueSpecification","valueRequired":true,"valueName":"search_term_string"}}],"inLanguage":"de"},{"@type":["Person","Organization"],"@id":"https:\/\/www.hypnose-bw.eu\/#\/schema\/person\/696f9a4168500159d90848a8d0d5cb54","name":"admin","image":{"@type":"ImageObject","inLanguage":"de","@id":"https:\/\/www.hypnose-bw.eu\/#\/schema\/person\/image\/","url":"https:\/\/secure.gravatar.com\/avatar\/9c6614c27ceccccabc48687d162e5c06?s=96&d=mm&r=g","contentUrl":"https:\/\/secure.gravatar.com\/avatar\/9c6614c27ceccccabc48687d162e5c06?s=96&d=mm&r=g","caption":"admin"},"logo":{"@id":"https:\/\/www.hypnose-bw.eu\/#\/schema\/person\/image\/"}}]}},"_links":{"self":[{"href":"https:\/\/www.hypnose-bw.eu\/index.php\/wp-json\/wp\/v2\/pages\/67","targetHints":{"allow":["GET"]}}],"collection":[{"href":"https:\/\/www.hypnose-bw.eu\/index.php\/wp-json\/wp\/v2\/pages"}],"about":[{"href":"https:\/\/www.hypnose-bw.eu\/index.php\/wp-json\/wp\/v2\/types\/page"}],"author":[{"embeddable":true,"href":"https:\/\/www.hypnose-bw.eu\/index.php\/wp-json\/wp\/v2\/users\/3"}],"replies":[{"embeddable":true,"href":"https:\/\/www.hypnose-bw.eu\/index.php\/wp-json\/wp\/v2\/comments?post=67"}],"version-history":[{"count":7,"href":"https:\/\/www.hypnose-bw.eu\/index.php\/wp-json\/wp\/v2\/pages\/67\/revisions"}],"predecessor-version":[{"id":1536,"href":"https:\/\/www.hypnose-bw.eu\/index.php\/wp-json\/wp\/v2\/pages\/67\/revisions\/1536"}],"wp:attachment":[{"href":"https:\/\/www.hypnose-bw.eu\/index.php\/wp-json\/wp\/v2\/media?parent=67"}],"curies":[{"name":"wp","href":"https:\/\/api.w.org\/{rel}","templated":true}]}}