{"id":53,"date":"2020-02-26T12:27:15","date_gmt":"2020-02-26T12:27:15","guid":{"rendered":"https:\/\/www.hypnose-bw.eu\/?page_id=53"},"modified":"2022-08-30T17:45:09","modified_gmt":"2022-08-30T17:45:09","slug":"hypnose-informationen","status":"publish","type":"page","link":"https:\/\/www.hypnose-bw.eu\/index.php\/hypnose-informationen\/","title":{"rendered":"Informationen"},"content":{"rendered":"<p>[et_pb_section fb_built=&#8220;1&#8243; _builder_version=&#8220;4.4.0&#8243; custom_padding=&#8220;||0px||false|false&#8220;][et_pb_row _builder_version=&#8220;4.3.4&#8243; custom_margin=&#8220;-38px|auto||auto||&#8220; custom_padding=&#8220;30px|||||&#8220;][et_pb_column type=&#8220;4_4&#8243; _builder_version=&#8220;4.3.4&#8243;][et_pb_divider color=&#8220;#5D9D8B&#8220; divider_weight=&#8220;2px&#8220; _builder_version=&#8220;4.3.4&#8243; transform_translate=&#8220;0px|10px&#8220; transform_translate_linked=&#8220;off&#8220; width=&#8220;10%&#8220; module_alignment=&#8220;center&#8220; custom_margin=&#8220;|||493px||&#8220;][\/et_pb_divider][et_pb_text _builder_version=&#8220;4.3.4&#8243; text_font=&#8220;Roboto Slab||||||||&#8220; text_text_color=&#8220;#5D9D8B&#8220; header_font=&#8220;Barlow||||||||&#8220; header_text_color=&#8220;#024669&#8243; custom_margin=&#8220;||0px|||&#8220; custom_padding=&#8220;0px||0px|||&#8220; saved_tabs=&#8220;all&#8220; inline_fonts=&#8220;Roboto Slab&#8220;]<\/p>\n<p style=\"text-align: center;\"><span style=\"font-size: xx-large; font-family: 'Roboto Slab';\">Hypnose hilft<\/span><\/p>\n<p>[\/et_pb_text][\/et_pb_column][\/et_pb_row][et_pb_row _builder_version=&#8220;4.4.0&#8243; width=&#8220;100%&#8220; module_alignment=&#8220;center&#8220; custom_margin=&#8220;|auto||180px||&#8220; custom_padding=&#8220;||0px|||&#8220;][et_pb_column type=&#8220;4_4&#8243; _builder_version=&#8220;4.3.4&#8243;][et_pb_testimonial author=&#8220;Andreas Wehrle&#8220; portrait_url=&#8220;https:\/\/www.hypnose-bw.eu\/wp-content\/uploads\/2020\/02\/10_HypnotiseurAndreasWehrle.jpg&#8220; quote_icon_color=&#8220;#5D9D8B&#8220; quote_icon_background_color=&#8220;rgba(0,0,0,0)&#8220; portrait_height=&#8220;90px&#8220; _builder_version=&#8220;4.4.0&#8243; body_font=&#8220;|300|||||||&#8220; body_font_size=&#8220;20px&#8220; author_font=&#8220;|300|||||||&#8220; background_color=&#8220;rgba(0,0,0,0)&#8220; custom_margin=&#8220;-1px||-2px|||&#8220; custom_padding=&#8220;||60px|||&#8220; body_font_tablet=&#8220;&#8220; body_font_phone=&#8220;&#8220; body_font_last_edited=&#8220;on|phone&#8220; body_font_size_tablet=&#8220;18px&#8220; body_font_size_phone=&#8220;16px&#8220; body_font_size_last_edited=&#8220;on|phone&#8220; border_radii_portrait=&#8220;on|91px|91px|91px|91px&#8220; border_color_all_portrait=&#8220;rgba(0,0,0,0)&#8220; border_style_all_portrait=&#8220;none&#8220;]<\/p>\n<p><i>&#8222;Oft sind es Angewohnheiten die sich nach und nach in unserem Leben eingeschlichen haben. Vielleicht bereits in der Kindheit, als Jugendlicher oder auch erst als Erwachsener. Oder waren es Ereignisse, an die Sie sich schon gar nicht mehr erinnern. Verhaltensmuster die sich \u00fcber die Jahre in unserem Unterbewusstsein etabliert haben und so fest sitzen dass wir sie mit unserem normalen Bewusstsein, wenn \u00fcberhaupt, meistens nur sehr schwer selbst korrigieren k\u00f6nnen.<br \/><span>Hypnose bietet eine kraftvolle M\u00f6glichkeit, Probleme und Blockaden zu \u00fcberwinden sowie bestimmte Ziele schneller zu erreichen.<\/span>&#8222;<\/i><\/p>\n<p>[\/et_pb_testimonial][\/et_pb_column][\/et_pb_row][\/et_pb_section][et_pb_section fb_built=&#8220;1&#8243; _builder_version=&#8220;4.4.0&#8243;][et_pb_row column_structure=&#8220;1_2,1_2&#8243; _builder_version=&#8220;4.4.0&#8243; width_tablet=&#8220;&#8220; width_phone=&#8220;90%&#8220; width_last_edited=&#8220;on|tablet&#8220; custom_padding=&#8220;41px|||||&#8220;][et_pb_column type=&#8220;1_2&#8243; _builder_version=&#8220;4.4.0&#8243;][et_pb_image src=&#8220;https:\/\/www.hypnose-bw.eu\/wp-content\/uploads\/2020\/03\/Meditation_01jpg.jpg&#8220; align=&#8220;center&#8220; force_fullwidth=&#8220;on&#8220; module_id=&#8220;z-index: 10&#8243; _builder_version=&#8220;4.4.0&#8243; transform_scale=&#8220;133%|133%&#8220; transform_scale_tablet=&#8220;&#8220; transform_scale_phone=&#8220;&#8220; transform_scale_last_edited=&#8220;on|phone&#8220; transform_translate_tablet=&#8220;&#8220; transform_translate_phone=&#8220;0px|10px&#8220; transform_translate_last_edited=&#8220;on|phone&#8220; transform_translate_linked=&#8220;off&#8220; transform_rotate_tablet=&#8220;&#8220; transform_rotate_phone=&#8220;&#8220; transform_rotate_last_edited=&#8220;on|phone&#8220; transform_skew_tablet=&#8220;&#8220; transform_skew_phone=&#8220;&#8220; transform_skew_last_edited=&#8220;on|phone&#8220; transform_origin_tablet=&#8220;&#8220; transform_origin_phone=&#8220;&#8220; transform_origin_last_edited=&#8220;on|phone&#8220; transform_styles_last_edited=&#8220;on|phone&#8220; animation_style=&#8220;slide&#8220; animation_direction=&#8220;left&#8220; animation_delay=&#8220;200ms&#8220; animation_intensity_slide=&#8220;4%&#8220; scroll_horizontal_motion=&#8220;0|80|80|100|1|0|1&#8243; transform_styles_tablet=&#8220;&#8220; transform_styles_phone=&#8220;&#8220;][\/et_pb_image][\/et_pb_column][et_pb_column type=&#8220;1_2&#8243; _builder_version=&#8220;4.4.0&#8243;][et_pb_text _builder_version=&#8220;4.4.0&#8243; text_font=&#8220;|300|||||||&#8220; text_text_color=&#8220;#ffffff&#8220; text_font_size=&#8220;20px&#8220; text_line_height=&#8220;1.5em&#8220; header_font=&#8220;Roboto Slab||||||||&#8220; header_text_color=&#8220;#ffffff&#8220; header_2_font=&#8220;Roboto Slab||||||||&#8220; header_2_text_color=&#8220;#ffffff&#8220; background_color=&#8220;#5D9D8B&#8220; use_background_color_gradient=&#8220;on&#8220; background_color_gradient_start=&#8220;#3D7B7F&#8220; background_color_gradient_end=&#8220;#5D9D8B&#8220; background_color_gradient_direction=&#8220;343deg&#8220; width=&#8220;100%&#8220; max_width=&#8220;100%&#8220; custom_margin_tablet=&#8220;&#8220; custom_margin_phone=&#8220;&#8220; custom_margin_last_edited=&#8220;on|phone&#8220; custom_padding=&#8220;50px|50px|50px|50px|false|false&#8220; custom_padding_tablet=&#8220;&#8220; custom_padding_phone=&#8220;50px|20px|50px|20px|false|false&#8220; custom_padding_last_edited=&#8220;on|phone&#8220; filter_opacity=&#8220;90%&#8220; text_font_tablet=&#8220;&#8220; text_font_phone=&#8220;&#8220; text_font_last_edited=&#8220;on|phone&#8220; text_font_size_tablet=&#8220;18px&#8220; text_font_size_phone=&#8220;16px&#8220; text_font_size_last_edited=&#8220;on|desktop&#8220; box_shadow_style=&#8220;preset1&#8243; text_letter_spacing__hover_enabled=&#8220;on|desktop&#8220;]<\/p>\n<h2>Haben wir nicht alle..<\/h2>\n<p><span><\/span><\/p>\n<p><span>..die ein oder andere Angewohnheit die wir gerne gel\u00f6st h\u00e4tten.<\/span><br \/> <span> ..die Eigenschaft Dingen aus dem Weg zu gehen anstatt sich ihnen zu stellen.<\/span><br \/> <span> ..schon mal etwas dagegen unternommen aber nicht durchgehalten.<\/span><\/p>\n<p><span>Hypnose bietet hier wunderbare M\u00f6glichkeiten die gew\u00fcnschten Ver\u00e4nderungen durchzuf\u00fchren.<\/span><br \/> <span>Denn in der hypnotischen <a href=\"https:\/\/de.wikipedia.org\/wiki\/Trance\" target=\"_blank\" rel=\"noopener noreferrer\" title=\"Trance\">Trance<\/a> ist unser Unterbewusstsein bereit, neues leichter aufzunehmen\u00a0<\/span><span>und zu akzeptieren.<\/span><\/p>\n<p><span><\/span><\/p>\n<p>[\/et_pb_text][\/et_pb_column][\/et_pb_row][\/et_pb_section][et_pb_section fb_built=&#8220;1&#8243; _builder_version=&#8220;4.4.2&#8243;][et_pb_row column_structure=&#8220;1_2,1_2&#8243; _builder_version=&#8220;4.4.2&#8243; width_tablet=&#8220;&#8220; width_phone=&#8220;90%&#8220; width_last_edited=&#8220;on|phone&#8220; custom_padding=&#8220;85px|||||&#8220;][et_pb_column type=&#8220;1_2&#8243; _builder_version=&#8220;4.4.0&#8243;][et_pb_text _builder_version=&#8220;4.4.2&#8243; text_font=&#8220;|300|||||||&#8220; text_text_color=&#8220;#ffffff&#8220; text_font_size=&#8220;20px&#8220; text_line_height=&#8220;1.5em&#8220; header_font=&#8220;Roboto Slab||||||||&#8220; header_text_color=&#8220;#ffffff&#8220; header_line_height=&#8220;1.5em&#8220; header_2_font=&#8220;Roboto Slab||||||||&#8220; header_2_text_color=&#8220;#ffffff&#8220; header_2_font_size=&#8220;23px&#8220; header_2_line_height=&#8220;1.5em&#8220; background_color=&#8220;#5D9D8B&#8220; use_background_color_gradient=&#8220;on&#8220; background_color_gradient_start=&#8220;#3D7B7F&#8220; background_color_gradient_end=&#8220;#5D9D8B&#8220; background_color_gradient_direction=&#8220;343deg&#8220; custom_margin=&#8220;0px||||false|false&#8220; custom_padding=&#8220;50px|50px|50px|50px|false|false&#8220; custom_padding_tablet=&#8220;&#8220; custom_padding_phone=&#8220;50px|20px|50px|20px|false|false&#8220; custom_padding_last_edited=&#8220;on|phone&#8220; filter_opacity=&#8220;90%&#8220; text_font_tablet=&#8220;&#8220; text_font_phone=&#8220;&#8220; text_font_last_edited=&#8220;on|phone&#8220; text_font_size_tablet=&#8220;18px&#8220; text_font_size_phone=&#8220;&#8220; text_font_size_last_edited=&#8220;on|desktop&#8220; custom_css_main_element=&#8220;z-index: 10;&#8220; box_shadow_style=&#8220;preset1&#8243;]<\/p>\n<h2>Sind\u00a0Sie\u00a0bereit mit Hilfe von Hypnose etwas f\u00fcr sich selbst zu tun?<\/h2>\n<p>&nbsp;<\/p>\n<p>Dann beginnen Sie jetzt mit dem ersten Schritt.<br \/>Auf unseren Seiten finden Sie alle Informationen zu den Themen Hypnose und deren <a title=\"Anwendungsgebiete\" href=\"https:\/\/www.hypnose-bw.eu\/index.php\/informationen\/anwendungsbeispiele\/\" target=\"_blank\" rel=\"noopener noreferrer\">Anwendungsgebiete<\/a>, unserem\u00a0Seminar- und Kursangebot sowie \u00fcber die <a title=\"Hypnoseausbildung\" href=\"https:\/\/www.hypnose-bw.eu\/index.php\/informationen\/hypnose-erlernen\/\" target=\"_blank\" rel=\"noopener noreferrer\">Hypnoseausbildung<\/a> in Baden-W\u00fcrttemberg.<br \/>Um pers\u00f6nlich mit uns in Kontakt zu treten, rufen Sie uns gerne, melden Sie sich per Mail oder besuchen Sie unsere Facebook Seite.<\/p>\n<p>&nbsp;<\/p>\n<p>&nbsp;<\/p>\n<p>[\/et_pb_text][\/et_pb_column][et_pb_column type=&#8220;1_2&#8243; _builder_version=&#8220;4.4.0&#8243;][et_pb_image src=&#8220;https:\/\/www.hypnose-bw.eu\/wp-content\/uploads\/2020\/03\/lake-4426212_1920.jpg&#8220; align=&#8220;center&#8220; force_fullwidth=&#8220;on&#8220; src_tablet=&#8220;https:\/\/www.hypnose-bw.eu\/wp-content\/uploads\/2020\/03\/lake-4426212_1920.jpg&#8220; src_phone=&#8220;https:\/\/www.hypnose-bw.eu\/wp-content\/uploads\/2020\/03\/lake-4426212_1920.jpg&#8220; src_last_edited=&#8220;on|tablet&#8220; _builder_version=&#8220;4.4.2&#8243; transform_scale=&#8220;121%|121%&#8220; transform_scale_tablet=&#8220;128%|128%&#8220; transform_scale_phone=&#8220;&#8220; transform_scale_last_edited=&#8220;on|phone&#8220; transform_translate=&#8220;-30px|-30px&#8220; transform_translate_tablet=&#8220;0px|0px&#8220; transform_translate_phone=&#8220;0px|-15px&#8220; transform_translate_last_edited=&#8220;on|tablet&#8220; transform_translate_linked_phone=&#8220;off&#8220; transform_rotate_tablet=&#8220;&#8220; transform_rotate_phone=&#8220;&#8220; transform_rotate_last_edited=&#8220;on|tablet&#8220; transform_skew_tablet=&#8220;&#8220; transform_skew_phone=&#8220;&#8220; transform_skew_last_edited=&#8220;on|tablet&#8220; transform_origin_tablet=&#8220;&#8220; transform_origin_phone=&#8220;&#8220; transform_origin_last_edited=&#8220;on|tablet&#8220; transform_styles_last_edited=&#8220;on|phone&#8220; animation_style=&#8220;slide&#8220; animation_direction=&#8220;right&#8220; animation_delay=&#8220;400ms&#8220; animation_intensity_slide=&#8220;5%&#8220; transform_styles_tablet=&#8220;&#8220; transform_styles_phone=&#8220;&#8220; custom_css_after=&#8220;z-index: 9;&#8220;][\/et_pb_image][\/et_pb_column][\/et_pb_row][et_pb_row _builder_version=&#8220;4.4.0&#8243;][et_pb_column type=&#8220;4_4&#8243; _builder_version=&#8220;4.4.0&#8243;][\/et_pb_column][\/et_pb_row][\/et_pb_section]<\/p>\n","protected":false},"excerpt":{"rendered":"<p>Hypnose hilft&#8220;Oft sind es Angewohnheiten die sich nach und nach in unserem Leben eingeschlichen haben. Vielleicht bereits in der Kindheit, als Jugendlicher oder auch erst als Erwachsener. Oder waren es Ereignisse, an die Sie sich schon gar nicht mehr erinnern. Verhaltensmuster die sich \u00fcber die Jahre in unserem Unterbewusstsein etabliert haben und so fest sitzen [&hellip;]<\/p>\n","protected":false},"author":3,"featured_media":0,"parent":0,"menu_order":0,"comment_status":"closed","ping_status":"closed","template":"","meta":{"_et_pb_use_builder":"on","_et_pb_old_content":"","_et_gb_content_width":"","footnotes":""},"class_list":["post-53","page","type-page","status-publish","hentry"],"yoast_head":"<!-- This site is optimized with the Yoast SEO plugin v24.1 - https:\/\/yoast.com\/wordpress\/plugins\/seo\/ -->\n<title>Hypnose - Informationen, Hypnose Center Baden-W\u00fcrttemberg<\/title>\n<meta name=\"description\" content=\"Hypnose bietet wunderbare M\u00f6glichkeiten gew\u00fcnschte Ver\u00e4nderungen durchzuf\u00fchren. In Trance ist unser Unterbewusstsein bereit neues leichter aufzunehmen.\" \/>\n<meta name=\"robots\" content=\"index, follow, max-snippet:-1, max-image-preview:large, max-video-preview:-1\" \/>\n<link rel=\"canonical\" href=\"https:\/\/www.hypnose-bw.eu\/index.php\/hypnose-informationen\/\" \/>\n<meta property=\"og:locale\" content=\"de_DE\" \/>\n<meta property=\"og:type\" content=\"article\" \/>\n<meta property=\"og:title\" content=\"Hypnose - Informationen, Hypnose Center Baden-W\u00fcrttemberg\" \/>\n<meta property=\"og:description\" content=\"Hypnose bietet wunderbare M\u00f6glichkeiten gew\u00fcnschte Ver\u00e4nderungen durchzuf\u00fchren. In Trance ist unser Unterbewusstsein bereit neues leichter aufzunehmen.\" \/>\n<meta property=\"og:url\" content=\"https:\/\/www.hypnose-bw.eu\/index.php\/hypnose-informationen\/\" \/>\n<meta property=\"og:site_name\" content=\"Hypnose Center Baden-W\u00fcrttemberg, Hypnosetherapie- und Ausbildung\" \/>\n<meta property=\"article:modified_time\" content=\"2022-08-30T17:45:09+00:00\" \/>\n<meta name=\"twitter:card\" content=\"summary_large_image\" \/>\n<meta name=\"twitter:label1\" content=\"Gesch\u00e4tzte Lesezeit\" \/>\n\t<meta name=\"twitter:data1\" content=\"6\u00a0Minuten\" \/>\n<script type=\"application\/ld+json\" class=\"yoast-schema-graph\">{\"@context\":\"https:\/\/schema.org\",\"@graph\":[{\"@type\":\"WebPage\",\"@id\":\"https:\/\/www.hypnose-bw.eu\/index.php\/hypnose-informationen\/\",\"url\":\"https:\/\/www.hypnose-bw.eu\/index.php\/hypnose-informationen\/\",\"name\":\"Hypnose - Informationen, Hypnose Center Baden-W\u00fcrttemberg\",\"isPartOf\":{\"@id\":\"https:\/\/www.hypnose-bw.eu\/#website\"},\"datePublished\":\"2020-02-26T12:27:15+00:00\",\"dateModified\":\"2022-08-30T17:45:09+00:00\",\"description\":\"Hypnose bietet wunderbare M\u00f6glichkeiten gew\u00fcnschte Ver\u00e4nderungen durchzuf\u00fchren. In Trance ist unser Unterbewusstsein bereit neues leichter aufzunehmen.\",\"breadcrumb\":{\"@id\":\"https:\/\/www.hypnose-bw.eu\/index.php\/hypnose-informationen\/#breadcrumb\"},\"inLanguage\":\"de\",\"potentialAction\":[{\"@type\":\"ReadAction\",\"target\":[\"https:\/\/www.hypnose-bw.eu\/index.php\/hypnose-informationen\/\"]}]},{\"@type\":\"BreadcrumbList\",\"@id\":\"https:\/\/www.hypnose-bw.eu\/index.php\/hypnose-informationen\/#breadcrumb\",\"itemListElement\":[{\"@type\":\"ListItem\",\"position\":1,\"name\":\"Home\",\"item\":\"https:\/\/www.hypnose-bw.eu\/\"},{\"@type\":\"ListItem\",\"position\":2,\"name\":\"Informationen\"}]},{\"@type\":\"WebSite\",\"@id\":\"https:\/\/www.hypnose-bw.eu\/#website\",\"url\":\"https:\/\/www.hypnose-bw.eu\/\",\"name\":\"Hypnose, Hypnosetherapie und Hypnoseausbildung in Baden-W\u00fcrttemberg\",\"description\":\"Moderne Hypnose bietet heute eine enorme Bandbreite von Anwendungen. Informieren Sie sich auf unseren Seiten zum Thema: Hypnose, Hypnosetherapie und Hypnoseausbildung in Baden-W\u00fcrttemberg.\",\"publisher\":{\"@id\":\"https:\/\/www.hypnose-bw.eu\/#\/schema\/person\/696f9a4168500159d90848a8d0d5cb54\"},\"potentialAction\":[{\"@type\":\"SearchAction\",\"target\":{\"@type\":\"EntryPoint\",\"urlTemplate\":\"https:\/\/www.hypnose-bw.eu\/?s={search_term_string}\"},\"query-input\":{\"@type\":\"PropertyValueSpecification\",\"valueRequired\":true,\"valueName\":\"search_term_string\"}}],\"inLanguage\":\"de\"},{\"@type\":[\"Person\",\"Organization\"],\"@id\":\"https:\/\/www.hypnose-bw.eu\/#\/schema\/person\/696f9a4168500159d90848a8d0d5cb54\",\"name\":\"admin\",\"image\":{\"@type\":\"ImageObject\",\"inLanguage\":\"de\",\"@id\":\"https:\/\/www.hypnose-bw.eu\/#\/schema\/person\/image\/\",\"url\":\"https:\/\/secure.gravatar.com\/avatar\/9c6614c27ceccccabc48687d162e5c06?s=96&d=mm&r=g\",\"contentUrl\":\"https:\/\/secure.gravatar.com\/avatar\/9c6614c27ceccccabc48687d162e5c06?s=96&d=mm&r=g\",\"caption\":\"admin\"},\"logo\":{\"@id\":\"https:\/\/www.hypnose-bw.eu\/#\/schema\/person\/image\/\"}}]}<\/script>\n<!-- \/ Yoast SEO plugin. -->","yoast_head_json":{"title":"Hypnose - Informationen, Hypnose Center Baden-W\u00fcrttemberg","description":"Hypnose bietet wunderbare M\u00f6glichkeiten gew\u00fcnschte Ver\u00e4nderungen durchzuf\u00fchren. In Trance ist unser Unterbewusstsein bereit neues leichter aufzunehmen.","robots":{"index":"index","follow":"follow","max-snippet":"max-snippet:-1","max-image-preview":"max-image-preview:large","max-video-preview":"max-video-preview:-1"},"canonical":"https:\/\/www.hypnose-bw.eu\/index.php\/hypnose-informationen\/","og_locale":"de_DE","og_type":"article","og_title":"Hypnose - Informationen, Hypnose Center Baden-W\u00fcrttemberg","og_description":"Hypnose bietet wunderbare M\u00f6glichkeiten gew\u00fcnschte Ver\u00e4nderungen durchzuf\u00fchren. In Trance ist unser Unterbewusstsein bereit neues leichter aufzunehmen.","og_url":"https:\/\/www.hypnose-bw.eu\/index.php\/hypnose-informationen\/","og_site_name":"Hypnose Center Baden-W\u00fcrttemberg, Hypnosetherapie- und Ausbildung","article_modified_time":"2022-08-30T17:45:09+00:00","twitter_card":"summary_large_image","twitter_misc":{"Gesch\u00e4tzte Lesezeit":"6\u00a0Minuten"},"schema":{"@context":"https:\/\/schema.org","@graph":[{"@type":"WebPage","@id":"https:\/\/www.hypnose-bw.eu\/index.php\/hypnose-informationen\/","url":"https:\/\/www.hypnose-bw.eu\/index.php\/hypnose-informationen\/","name":"Hypnose - Informationen, Hypnose Center Baden-W\u00fcrttemberg","isPartOf":{"@id":"https:\/\/www.hypnose-bw.eu\/#website"},"datePublished":"2020-02-26T12:27:15+00:00","dateModified":"2022-08-30T17:45:09+00:00","description":"Hypnose bietet wunderbare M\u00f6glichkeiten gew\u00fcnschte Ver\u00e4nderungen durchzuf\u00fchren. In Trance ist unser Unterbewusstsein bereit neues leichter aufzunehmen.","breadcrumb":{"@id":"https:\/\/www.hypnose-bw.eu\/index.php\/hypnose-informationen\/#breadcrumb"},"inLanguage":"de","potentialAction":[{"@type":"ReadAction","target":["https:\/\/www.hypnose-bw.eu\/index.php\/hypnose-informationen\/"]}]},{"@type":"BreadcrumbList","@id":"https:\/\/www.hypnose-bw.eu\/index.php\/hypnose-informationen\/#breadcrumb","itemListElement":[{"@type":"ListItem","position":1,"name":"Home","item":"https:\/\/www.hypnose-bw.eu\/"},{"@type":"ListItem","position":2,"name":"Informationen"}]},{"@type":"WebSite","@id":"https:\/\/www.hypnose-bw.eu\/#website","url":"https:\/\/www.hypnose-bw.eu\/","name":"Hypnose, Hypnosetherapie und Hypnoseausbildung in Baden-W\u00fcrttemberg","description":"Moderne Hypnose bietet heute eine enorme Bandbreite von Anwendungen. Informieren Sie sich auf unseren Seiten zum Thema: Hypnose, Hypnosetherapie und Hypnoseausbildung in Baden-W\u00fcrttemberg.","publisher":{"@id":"https:\/\/www.hypnose-bw.eu\/#\/schema\/person\/696f9a4168500159d90848a8d0d5cb54"},"potentialAction":[{"@type":"SearchAction","target":{"@type":"EntryPoint","urlTemplate":"https:\/\/www.hypnose-bw.eu\/?s={search_term_string}"},"query-input":{"@type":"PropertyValueSpecification","valueRequired":true,"valueName":"search_term_string"}}],"inLanguage":"de"},{"@type":["Person","Organization"],"@id":"https:\/\/www.hypnose-bw.eu\/#\/schema\/person\/696f9a4168500159d90848a8d0d5cb54","name":"admin","image":{"@type":"ImageObject","inLanguage":"de","@id":"https:\/\/www.hypnose-bw.eu\/#\/schema\/person\/image\/","url":"https:\/\/secure.gravatar.com\/avatar\/9c6614c27ceccccabc48687d162e5c06?s=96&d=mm&r=g","contentUrl":"https:\/\/secure.gravatar.com\/avatar\/9c6614c27ceccccabc48687d162e5c06?s=96&d=mm&r=g","caption":"admin"},"logo":{"@id":"https:\/\/www.hypnose-bw.eu\/#\/schema\/person\/image\/"}}]}},"_links":{"self":[{"href":"https:\/\/www.hypnose-bw.eu\/index.php\/wp-json\/wp\/v2\/pages\/53","targetHints":{"allow":["GET"]}}],"collection":[{"href":"https:\/\/www.hypnose-bw.eu\/index.php\/wp-json\/wp\/v2\/pages"}],"about":[{"href":"https:\/\/www.hypnose-bw.eu\/index.php\/wp-json\/wp\/v2\/types\/page"}],"author":[{"embeddable":true,"href":"https:\/\/www.hypnose-bw.eu\/index.php\/wp-json\/wp\/v2\/users\/3"}],"replies":[{"embeddable":true,"href":"https:\/\/www.hypnose-bw.eu\/index.php\/wp-json\/wp\/v2\/comments?post=53"}],"version-history":[{"count":120,"href":"https:\/\/www.hypnose-bw.eu\/index.php\/wp-json\/wp\/v2\/pages\/53\/revisions"}],"predecessor-version":[{"id":1529,"href":"https:\/\/www.hypnose-bw.eu\/index.php\/wp-json\/wp\/v2\/pages\/53\/revisions\/1529"}],"wp:attachment":[{"href":"https:\/\/www.hypnose-bw.eu\/index.php\/wp-json\/wp\/v2\/media?parent=53"}],"curies":[{"name":"wp","href":"https:\/\/api.w.org\/{rel}","templated":true}]}}