{"id":216,"date":"2020-02-27T11:21:44","date_gmt":"2020-02-27T11:21:44","guid":{"rendered":"https:\/\/www.hypnose-bw.eu\/?page_id=216"},"modified":"2020-03-19T15:23:00","modified_gmt":"2020-03-19T15:23:00","slug":"promotion","status":"publish","type":"page","link":"https:\/\/www.hypnose-bw.eu\/index.php\/ueber-uns\/promotion\/","title":{"rendered":"Promotion"},"content":{"rendered":"<p>[et_pb_section fb_built=&#8220;1&#8243; _builder_version=&#8220;3.22&#8243; custom_padding=&#8220;1px|||||&#8220;][et_pb_row _builder_version=&#8220;4.4.0&#8243; module_alignment=&#8220;center&#8220; custom_margin=&#8220;|auto||180px||&#8220; custom_padding=&#8220;30px|||||&#8220;][et_pb_column type=&#8220;4_4&#8243; _builder_version=&#8220;4.3.4&#8243;][et_pb_divider color=&#8220;#5d9d8b&#8220; divider_weight=&#8220;2px&#8220; _builder_version=&#8220;4.3.4&#8243; transform_translate=&#8220;0px|10px&#8220; transform_translate_linked=&#8220;off&#8220; width=&#8220;10%&#8220; module_alignment=&#8220;center&#8220; custom_margin=&#8220;|||493px||&#8220;][\/et_pb_divider][et_pb_text _builder_version=&#8220;4.4.0&#8243; text_font=&#8220;Barlow||||||||&#8220; text_text_color=&#8220;#5D9D8B&#8220; header_font=&#8220;Barlow||||||||&#8220; header_text_color=&#8220;#024669&#8243; custom_margin=&#8220;||29px|||&#8220; custom_padding=&#8220;0px||0px|||&#8220; saved_tabs=&#8220;all&#8220; inline_fonts=&#8220;Roboto Slab&#8220;]<\/p>\n<p style=\"text-align: center;\"><span style=\"font-size: xx-large; font-family: 'Roboto Slab';\">Hypnose Promotion<\/span><\/p>\n<p>[\/et_pb_text][et_pb_text _builder_version=&#8220;4.4.0&#8243; text_font=&#8220;|300|||||||&#8220; text_text_color=&#8220;#666666&#8243; text_font_size=&#8220;20px&#8220; text_line_height=&#8220;1.5em&#8220; header_2_font=&#8220;Barlow||||||||&#8220; custom_margin=&#8220;-1px||-1px||true|&#8220; custom_padding=&#8220;3px||51px|||&#8220; text_font_size_tablet=&#8220;18px&#8220; text_font_size_phone=&#8220;14px&#8220; text_font_size_last_edited=&#8220;on|tablet&#8220; text_font_size__hover_enabled=&#8220;on|desktop&#8220;]<\/p>\n<p>Die <a href=\"file:\/\/\/glossar\/17-Hypnose.html#17\" title=\"\" class=\"glossar_link\">Hypnose<\/a> besitzt in der \u00d6ffentlichkeit ein geteilter Ruf und viele Menschen haben gro\u00dfen Respekt davor sich hypnotisieren zu lassen. Dies ist meistens begr\u00fcndet durch eine falsche Vorstellung von der hypnotischen Trance. Uns ist sehr daran gelegen diese Vorurteile auszur\u00e4umen und den Menschen die Hypnose n\u00e4her zu bringen. Neben unseren Einzelsitzungen, Gruppenkurse und Seminaren bieten wir auch Hypnose Infoabende \u00fcber Volkshochschulen und Seminarh\u00e4user an verschiedenen Standorten. Sollten Sie Interesse an einem Infoabend oder VHS-Grundseminar haben, k\u00f6nnen Sie uns gerne per Telefon, <span class=\"lang_en\" lang=\"en\" xml:lang=\"en\">Mail<\/span> oder \u00fcber unser Formular unverbindlich kontaktieren.<\/p>\n<p>[\/et_pb_text][et_pb_image src=&#8220;https:\/\/www.hypnose-bw.eu\/wp-content\/uploads\/2020\/03\/10_streethypnosisgruppe1.jpg&#8220; align=&#8220;center&#8220; _builder_version=&#8220;4.3.4&#8243; box_shadow_style=&#8220;preset1&#8243;][\/et_pb_image][et_pb_text _builder_version=&#8220;4.4.0&#8243; text_font=&#8220;|300|||||||&#8220; text_text_color=&#8220;#666666&#8243; text_font_size=&#8220;20px&#8220; text_line_height=&#8220;1.5em&#8220; header_2_font=&#8220;Barlow||||||||&#8220; custom_margin=&#8220;-1px||-1px||true|&#8220; custom_padding=&#8220;3px||5px|||&#8220; text_font_size_tablet=&#8220;18px&#8220; text_font_size_phone=&#8220;16px&#8220; text_font_size_last_edited=&#8220;on|phone&#8220;]<\/p>\n<p>Besonders Interessant f\u00fcr die Menschen erscheinen aber immer wieder unsere T\u00e4tigkeiten zur Hypnoseaufkl\u00e4rung bei gr\u00f6\u00dferen Events und Veranstaltungen.<\/p>\n<p>Gerade hier ist bei der Demonstration von hypnotischen Effekten neben einer enormen Faszination, den Menschen durchaus bewusst zu was die Kraft der Suggestion, auch im normalen Alltag eingesetzt werden kann. Nicht umsonnst steigt nach diesen Events und Veranstaltungen auch die Nachfrage f\u00fcr Einzel- und Gruppensitzungen sowie Seminaren rapide an.<\/p>\n<p>[\/et_pb_text][\/et_pb_column][\/et_pb_row][et_pb_row _builder_version=&#8220;4.4.0&#8243; module_alignment=&#8220;center&#8220; custom_margin=&#8220;|auto||180px||&#8220; custom_padding=&#8220;30px|||||&#8220;][et_pb_column type=&#8220;4_4&#8243; _builder_version=&#8220;4.3.4&#8243;][et_pb_text _builder_version=&#8220;4.4.0&#8243; text_font=&#8220;Roboto Slab||||||||&#8220; text_text_color=&#8220;#5d9d8b&#8220; text_font_size=&#8220;26px&#8220; text_orientation=&#8220;center&#8220;]<\/p>\n<p>Einige Bilder aus der \u00d6ffentlichkeitsarbeit<\/p>\n<p>[\/et_pb_text][\/et_pb_column][\/et_pb_row][et_pb_row column_structure=&#8220;1_3,1_3,1_3&#8243; _builder_version=&#8220;4.3.4&#8243;][et_pb_column type=&#8220;1_3&#8243; _builder_version=&#8220;4.3.4&#8243;][et_pb_image src=&#8220;https:\/\/www.hypnose-bw.eu\/wp-content\/uploads\/2020\/03\/10_streethypnosis_00.jpg&#8220; align=&#8220;center&#8220; _builder_version=&#8220;4.4.0&#8243; box_shadow_style=&#8220;preset1&#8243;][\/et_pb_image][\/et_pb_column][et_pb_column type=&#8220;1_3&#8243; _builder_version=&#8220;4.3.4&#8243;][et_pb_image src=&#8220;https:\/\/www.hypnose-bw.eu\/wp-content\/uploads\/2020\/03\/10_streethypnosis_03.jpg&#8220; align=&#8220;center&#8220; _builder_version=&#8220;4.4.0&#8243; box_shadow_style=&#8220;preset1&#8243;][\/et_pb_image][\/et_pb_column][et_pb_column type=&#8220;1_3&#8243; _builder_version=&#8220;4.3.4&#8243;][et_pb_image src=&#8220;https:\/\/www.hypnose-bw.eu\/wp-content\/uploads\/2020\/03\/10_streethypnosis_00.jpg&#8220; align=&#8220;center&#8220; _builder_version=&#8220;4.4.0&#8243; box_shadow_style=&#8220;preset1&#8243;][\/et_pb_image][\/et_pb_column][\/et_pb_row][et_pb_row _builder_version=&#8220;4.4.0&#8243; module_alignment=&#8220;center&#8220; custom_margin=&#8220;|auto||180px||&#8220; custom_padding=&#8220;30px|||||&#8220;][et_pb_column type=&#8220;4_4&#8243; _builder_version=&#8220;4.3.4&#8243;][et_pb_text _builder_version=&#8220;4.4.0&#8243; text_font=&#8220;Roboto Slab||||||||&#8220; text_text_color=&#8220;#5d9d8b&#8220; text_font_size=&#8220;26px&#8220; text_line_height=&#8220;1.5em&#8220; text_orientation=&#8220;center&#8220;]<\/p>\n<p>Sie planen eine Veranstaltung und m\u00f6chten Ihrem Publikum und G\u00e4sten etwas besonderes bieten?<\/p>\n<p>[\/et_pb_text][et_pb_text _builder_version=&#8220;4.4.0&#8243; text_font=&#8220;|300|||||||&#8220; text_text_color=&#8220;#666666&#8243; text_font_size=&#8220;20px&#8220; text_line_height=&#8220;1.5em&#8220; header_2_font=&#8220;Barlow||||||||&#8220; custom_margin=&#8220;-1px||-1px||true|&#8220; custom_padding=&#8220;3px||5px|||&#8220; text_font_size_tablet=&#8220;18px&#8220; text_font_size_phone=&#8220;16px&#8220; text_font_size_last_edited=&#8220;on|phone&#8220;]<\/p>\n<p><span>Hypnose ist immer etwas Einzigartiges den die Faszination die von Ihr ausgeht besch\u00e4ftigt und motiviert die Menschen. Gerne sind wir bereit bei einem passenden Rahmen auch auf Ihrer Veranstaltung, Hypnose und die hypnotischen Effekte zu pr\u00e4sentieren.<\/span><\/p>\n<p>[\/et_pb_text][\/et_pb_column][\/et_pb_row][et_pb_row _builder_version=&#8220;4.4.0&#8243; module_alignment=&#8220;center&#8220; custom_margin=&#8220;|auto||180px||&#8220; custom_padding=&#8220;30px|||||&#8220;][et_pb_column type=&#8220;4_4&#8243; _builder_version=&#8220;4.3.4&#8243;][et_pb_divider color=&#8220;#5d9d8b&#8220; divider_weight=&#8220;2px&#8220; _builder_version=&#8220;4.3.4&#8243; transform_translate=&#8220;0px|10px&#8220; transform_translate_linked=&#8220;off&#8220; width=&#8220;10%&#8220; module_alignment=&#8220;center&#8220; custom_margin=&#8220;|||493px||&#8220;][\/et_pb_divider][et_pb_text _builder_version=&#8220;4.4.0&#8243; text_font=&#8220;Roboto Slab||||||||&#8220; text_text_color=&#8220;#5d9d8b&#8220; text_font_size=&#8220;26px&#8220; text_orientation=&#8220;center&#8220;]<\/p>\n<p>Was sagen die Veranstalter?<\/p>\n<p>[\/et_pb_text][et_pb_testimonial author=&#8220;Georg Winker, Organisator und Gesch\u00e4ftsf\u00fchrer der %22ARGE V\u00f6hrenbacher Stattfest%22&#8243; portrait_url=&#8220;https:\/\/www.hypnose-bw.eu\/wp-content\/uploads\/2020\/03\/Georg-Winker.png&#8220; quote_icon_color=&#8220;#5d9d8b&#8220; _builder_version=&#8220;4.4.0&#8243; body_font=&#8220;|300|||||||&#8220; background_color=&#8220;rgba(0,0,0,0)&#8220; hover_enabled=&#8220;0&#8243; border_radii_portrait=&#8220;off|90px|90px|90px|90px&#8220; border_color_all_portrait=&#8220;rgba(0,0,0,0)&#8220; body_font_size_last_edited=&#8220;on|phone&#8220; body_font_size=&#8220;18px&#8220; body_font_size_tablet=&#8220;16px&#8220; body_font_size_phone=&#8220;16px&#8220;]<\/p>\n<p>Die Hypnosedemonstrationen des Hypnosecenters Schwarzwald-Baar war eines der absoluten Highlights beim Stadtfest 2012 und noch lange Gespr\u00e4chsthema im Ort. Hypnotiseur Andreas Wehrle sorgte mit seiner Erfahrung und Technik f\u00fcr gro\u00dfes Erstaunen und mancher Zuschauer konnte es gar nicht glauben wie mit Schnell- und Blitzhypnose die freiwilligen Teilnehmer in den hypnotischen Schlaf eintauchten. Ich kann diese unkomplizierten, kurzweiligen und mitrei\u00dfenden Demonstrationen jedem Veranstalter nur weiterempfehlen.<\/p>\n<p>[\/et_pb_testimonial][\/et_pb_column][\/et_pb_row][\/et_pb_section]<\/p>\n","protected":false},"excerpt":{"rendered":"<p>Hypnose PromotionDie Hypnose besitzt in der \u00d6ffentlichkeit ein geteilter Ruf und viele Menschen haben gro\u00dfen Respekt davor sich hypnotisieren zu lassen. Dies ist meistens begr\u00fcndet durch eine falsche Vorstellung von der hypnotischen Trance. Uns ist sehr daran gelegen diese Vorurteile auszur\u00e4umen und den Menschen die Hypnose n\u00e4her zu bringen. Neben unseren Einzelsitzungen, Gruppenkurse und Seminaren [&hellip;]<\/p>\n","protected":false},"author":3,"featured_media":0,"parent":71,"menu_order":0,"comment_status":"closed","ping_status":"closed","template":"","meta":{"_et_pb_use_builder":"on","_et_pb_old_content":"","_et_gb_content_width":"","footnotes":""},"class_list":["post-216","page","type-page","status-publish","hentry"],"yoast_head":"<!-- This site is optimized with the Yoast SEO plugin v24.1 - https:\/\/yoast.com\/wordpress\/plugins\/seo\/ -->\n<title>Promotion - Hypnose Center Baden-W\u00fcrttemberg, Hypnosetherapie- und Ausbildung<\/title>\n<meta name=\"robots\" content=\"index, follow, max-snippet:-1, max-image-preview:large, max-video-preview:-1\" \/>\n<link rel=\"canonical\" href=\"https:\/\/www.hypnose-bw.eu\/index.php\/ueber-uns\/promotion\/\" \/>\n<meta property=\"og:locale\" content=\"de_DE\" \/>\n<meta property=\"og:type\" content=\"article\" \/>\n<meta property=\"og:title\" content=\"Promotion - Hypnose Center Baden-W\u00fcrttemberg, Hypnosetherapie- und Ausbildung\" \/>\n<meta property=\"og:description\" content=\"Hypnose PromotionDie Hypnose besitzt in der \u00d6ffentlichkeit ein geteilter Ruf und viele Menschen haben gro\u00dfen Respekt davor sich hypnotisieren zu lassen. Dies ist meistens begr\u00fcndet durch eine falsche Vorstellung von der hypnotischen Trance. Uns ist sehr daran gelegen diese Vorurteile auszur\u00e4umen und den Menschen die Hypnose n\u00e4her zu bringen. Neben unseren Einzelsitzungen, Gruppenkurse und Seminaren [&hellip;]\" \/>\n<meta property=\"og:url\" content=\"https:\/\/www.hypnose-bw.eu\/index.php\/ueber-uns\/promotion\/\" \/>\n<meta property=\"og:site_name\" content=\"Hypnose Center Baden-W\u00fcrttemberg, Hypnosetherapie- und Ausbildung\" \/>\n<meta property=\"article:modified_time\" content=\"2020-03-19T15:23:00+00:00\" \/>\n<meta name=\"twitter:card\" content=\"summary_large_image\" \/>\n<meta name=\"twitter:label1\" content=\"Gesch\u00e4tzte Lesezeit\" \/>\n\t<meta name=\"twitter:data1\" content=\"5\u00a0Minuten\" \/>\n<script type=\"application\/ld+json\" class=\"yoast-schema-graph\">{\"@context\":\"https:\/\/schema.org\",\"@graph\":[{\"@type\":\"WebPage\",\"@id\":\"https:\/\/www.hypnose-bw.eu\/index.php\/ueber-uns\/promotion\/\",\"url\":\"https:\/\/www.hypnose-bw.eu\/index.php\/ueber-uns\/promotion\/\",\"name\":\"Promotion - Hypnose Center Baden-W\u00fcrttemberg, Hypnosetherapie- und Ausbildung\",\"isPartOf\":{\"@id\":\"https:\/\/www.hypnose-bw.eu\/#website\"},\"datePublished\":\"2020-02-27T11:21:44+00:00\",\"dateModified\":\"2020-03-19T15:23:00+00:00\",\"breadcrumb\":{\"@id\":\"https:\/\/www.hypnose-bw.eu\/index.php\/ueber-uns\/promotion\/#breadcrumb\"},\"inLanguage\":\"de\",\"potentialAction\":[{\"@type\":\"ReadAction\",\"target\":[\"https:\/\/www.hypnose-bw.eu\/index.php\/ueber-uns\/promotion\/\"]}]},{\"@type\":\"BreadcrumbList\",\"@id\":\"https:\/\/www.hypnose-bw.eu\/index.php\/ueber-uns\/promotion\/#breadcrumb\",\"itemListElement\":[{\"@type\":\"ListItem\",\"position\":1,\"name\":\"Home\",\"item\":\"https:\/\/www.hypnose-bw.eu\/\"},{\"@type\":\"ListItem\",\"position\":2,\"name\":\"\u00dcber uns\",\"item\":\"https:\/\/www.hypnose-bw.eu\/index.php\/ueber-uns\/\"},{\"@type\":\"ListItem\",\"position\":3,\"name\":\"Promotion\"}]},{\"@type\":\"WebSite\",\"@id\":\"https:\/\/www.hypnose-bw.eu\/#website\",\"url\":\"https:\/\/www.hypnose-bw.eu\/\",\"name\":\"Hypnose, Hypnosetherapie und Hypnoseausbildung in Baden-W\u00fcrttemberg\",\"description\":\"Moderne Hypnose bietet heute eine enorme Bandbreite von Anwendungen. Informieren Sie sich auf unseren Seiten zum Thema: Hypnose, Hypnosetherapie und Hypnoseausbildung in Baden-W\u00fcrttemberg.\",\"publisher\":{\"@id\":\"https:\/\/www.hypnose-bw.eu\/#\/schema\/person\/696f9a4168500159d90848a8d0d5cb54\"},\"potentialAction\":[{\"@type\":\"SearchAction\",\"target\":{\"@type\":\"EntryPoint\",\"urlTemplate\":\"https:\/\/www.hypnose-bw.eu\/?s={search_term_string}\"},\"query-input\":{\"@type\":\"PropertyValueSpecification\",\"valueRequired\":true,\"valueName\":\"search_term_string\"}}],\"inLanguage\":\"de\"},{\"@type\":[\"Person\",\"Organization\"],\"@id\":\"https:\/\/www.hypnose-bw.eu\/#\/schema\/person\/696f9a4168500159d90848a8d0d5cb54\",\"name\":\"admin\",\"image\":{\"@type\":\"ImageObject\",\"inLanguage\":\"de\",\"@id\":\"https:\/\/www.hypnose-bw.eu\/#\/schema\/person\/image\/\",\"url\":\"https:\/\/secure.gravatar.com\/avatar\/9c6614c27ceccccabc48687d162e5c06?s=96&d=mm&r=g\",\"contentUrl\":\"https:\/\/secure.gravatar.com\/avatar\/9c6614c27ceccccabc48687d162e5c06?s=96&d=mm&r=g\",\"caption\":\"admin\"},\"logo\":{\"@id\":\"https:\/\/www.hypnose-bw.eu\/#\/schema\/person\/image\/\"}}]}<\/script>\n<!-- \/ Yoast SEO plugin. -->","yoast_head_json":{"title":"Promotion - Hypnose Center Baden-W\u00fcrttemberg, Hypnosetherapie- und Ausbildung","robots":{"index":"index","follow":"follow","max-snippet":"max-snippet:-1","max-image-preview":"max-image-preview:large","max-video-preview":"max-video-preview:-1"},"canonical":"https:\/\/www.hypnose-bw.eu\/index.php\/ueber-uns\/promotion\/","og_locale":"de_DE","og_type":"article","og_title":"Promotion - Hypnose Center Baden-W\u00fcrttemberg, Hypnosetherapie- und Ausbildung","og_description":"Hypnose PromotionDie Hypnose besitzt in der \u00d6ffentlichkeit ein geteilter Ruf und viele Menschen haben gro\u00dfen Respekt davor sich hypnotisieren zu lassen. Dies ist meistens begr\u00fcndet durch eine falsche Vorstellung von der hypnotischen Trance. Uns ist sehr daran gelegen diese Vorurteile auszur\u00e4umen und den Menschen die Hypnose n\u00e4her zu bringen. Neben unseren Einzelsitzungen, Gruppenkurse und Seminaren [&hellip;]","og_url":"https:\/\/www.hypnose-bw.eu\/index.php\/ueber-uns\/promotion\/","og_site_name":"Hypnose Center Baden-W\u00fcrttemberg, Hypnosetherapie- und Ausbildung","article_modified_time":"2020-03-19T15:23:00+00:00","twitter_card":"summary_large_image","twitter_misc":{"Gesch\u00e4tzte Lesezeit":"5\u00a0Minuten"},"schema":{"@context":"https:\/\/schema.org","@graph":[{"@type":"WebPage","@id":"https:\/\/www.hypnose-bw.eu\/index.php\/ueber-uns\/promotion\/","url":"https:\/\/www.hypnose-bw.eu\/index.php\/ueber-uns\/promotion\/","name":"Promotion - Hypnose Center Baden-W\u00fcrttemberg, Hypnosetherapie- und Ausbildung","isPartOf":{"@id":"https:\/\/www.hypnose-bw.eu\/#website"},"datePublished":"2020-02-27T11:21:44+00:00","dateModified":"2020-03-19T15:23:00+00:00","breadcrumb":{"@id":"https:\/\/www.hypnose-bw.eu\/index.php\/ueber-uns\/promotion\/#breadcrumb"},"inLanguage":"de","potentialAction":[{"@type":"ReadAction","target":["https:\/\/www.hypnose-bw.eu\/index.php\/ueber-uns\/promotion\/"]}]},{"@type":"BreadcrumbList","@id":"https:\/\/www.hypnose-bw.eu\/index.php\/ueber-uns\/promotion\/#breadcrumb","itemListElement":[{"@type":"ListItem","position":1,"name":"Home","item":"https:\/\/www.hypnose-bw.eu\/"},{"@type":"ListItem","position":2,"name":"\u00dcber uns","item":"https:\/\/www.hypnose-bw.eu\/index.php\/ueber-uns\/"},{"@type":"ListItem","position":3,"name":"Promotion"}]},{"@type":"WebSite","@id":"https:\/\/www.hypnose-bw.eu\/#website","url":"https:\/\/www.hypnose-bw.eu\/","name":"Hypnose, Hypnosetherapie und Hypnoseausbildung in Baden-W\u00fcrttemberg","description":"Moderne Hypnose bietet heute eine enorme Bandbreite von Anwendungen. Informieren Sie sich auf unseren Seiten zum Thema: Hypnose, Hypnosetherapie und Hypnoseausbildung in Baden-W\u00fcrttemberg.","publisher":{"@id":"https:\/\/www.hypnose-bw.eu\/#\/schema\/person\/696f9a4168500159d90848a8d0d5cb54"},"potentialAction":[{"@type":"SearchAction","target":{"@type":"EntryPoint","urlTemplate":"https:\/\/www.hypnose-bw.eu\/?s={search_term_string}"},"query-input":{"@type":"PropertyValueSpecification","valueRequired":true,"valueName":"search_term_string"}}],"inLanguage":"de"},{"@type":["Person","Organization"],"@id":"https:\/\/www.hypnose-bw.eu\/#\/schema\/person\/696f9a4168500159d90848a8d0d5cb54","name":"admin","image":{"@type":"ImageObject","inLanguage":"de","@id":"https:\/\/www.hypnose-bw.eu\/#\/schema\/person\/image\/","url":"https:\/\/secure.gravatar.com\/avatar\/9c6614c27ceccccabc48687d162e5c06?s=96&d=mm&r=g","contentUrl":"https:\/\/secure.gravatar.com\/avatar\/9c6614c27ceccccabc48687d162e5c06?s=96&d=mm&r=g","caption":"admin"},"logo":{"@id":"https:\/\/www.hypnose-bw.eu\/#\/schema\/person\/image\/"}}]}},"_links":{"self":[{"href":"https:\/\/www.hypnose-bw.eu\/index.php\/wp-json\/wp\/v2\/pages\/216","targetHints":{"allow":["GET"]}}],"collection":[{"href":"https:\/\/www.hypnose-bw.eu\/index.php\/wp-json\/wp\/v2\/pages"}],"about":[{"href":"https:\/\/www.hypnose-bw.eu\/index.php\/wp-json\/wp\/v2\/types\/page"}],"author":[{"embeddable":true,"href":"https:\/\/www.hypnose-bw.eu\/index.php\/wp-json\/wp\/v2\/users\/3"}],"replies":[{"embeddable":true,"href":"https:\/\/www.hypnose-bw.eu\/index.php\/wp-json\/wp\/v2\/comments?post=216"}],"version-history":[{"count":11,"href":"https:\/\/www.hypnose-bw.eu\/index.php\/wp-json\/wp\/v2\/pages\/216\/revisions"}],"predecessor-version":[{"id":1216,"href":"https:\/\/www.hypnose-bw.eu\/index.php\/wp-json\/wp\/v2\/pages\/216\/revisions\/1216"}],"up":[{"embeddable":true,"href":"https:\/\/www.hypnose-bw.eu\/index.php\/wp-json\/wp\/v2\/pages\/71"}],"wp:attachment":[{"href":"https:\/\/www.hypnose-bw.eu\/index.php\/wp-json\/wp\/v2\/media?parent=216"}],"curies":[{"name":"wp","href":"https:\/\/api.w.org\/{rel}","templated":true}]}}