{"id":206,"date":"2020-02-27T11:19:45","date_gmt":"2020-02-27T11:19:45","guid":{"rendered":"https:\/\/www.hypnose-bw.eu\/?page_id=206"},"modified":"2020-03-25T10:48:21","modified_gmt":"2020-03-25T10:48:21","slug":"tiefenentspannung-stressabbau-und-burnout-praevention","status":"publish","type":"page","link":"https:\/\/www.hypnose-bw.eu\/index.php\/hypnose-informationen\/gruppenkurse\/tiefenentspannung-stressabbau-und-burnout-praevention\/","title":{"rendered":"Tiefenentspannung, Stressabbau und Burnout Pr\u00e4vention"},"content":{"rendered":"<p>[et_pb_section fb_built=&#8220;1&#8243; _builder_version=&#8220;3.22&#8243; custom_padding=&#8220;1px|||||&#8220;][et_pb_row _builder_version=&#8220;4.4.0&#8243; module_alignment=&#8220;center&#8220; custom_margin=&#8220;|auto||180px||&#8220; custom_padding=&#8220;30px|||||&#8220;][et_pb_column type=&#8220;4_4&#8243; _builder_version=&#8220;4.3.4&#8243;][et_pb_divider color=&#8220;#5d9d8b&#8220; divider_weight=&#8220;2px&#8220; _builder_version=&#8220;4.3.4&#8243; transform_translate=&#8220;0px|10px&#8220; transform_translate_linked=&#8220;off&#8220; width=&#8220;10%&#8220; module_alignment=&#8220;center&#8220; custom_margin=&#8220;|||493px||&#8220;][\/et_pb_divider][et_pb_text _builder_version=&#8220;4.4.0&#8243; text_font=&#8220;Barlow||||||||&#8220; text_text_color=&#8220;#5D9D8B&#8220; header_font=&#8220;Barlow||||||||&#8220; header_text_color=&#8220;#024669&#8243; custom_margin=&#8220;||29px|||&#8220; custom_padding=&#8220;0px||0px|||&#8220; saved_tabs=&#8220;all&#8220; inline_fonts=&#8220;Roboto Slab&#8220;]<\/p>\n<p style=\"text-align: center;\"><span style=\"font-size: xx-large; font-family: 'Roboto Slab';\">Tiefenentspannung, Stressabbau und Burnout Pr\u00e4vention\u00a0<\/span><\/p>\n<p>[\/et_pb_text][et_pb_text _builder_version=&#8220;4.4.0&#8243; text_font=&#8220;|300|||||||&#8220; text_text_color=&#8220;#666666&#8243; text_font_size=&#8220;20px&#8220; text_line_height=&#8220;1.5em&#8220; header_2_font=&#8220;Barlow||||||||&#8220; custom_margin=&#8220;-1px||-1px||true|&#8220; custom_padding=&#8220;3px||5px|||&#8220; text_font_size_tablet=&#8220;18px&#8220; text_font_size_phone=&#8220;16px&#8220; text_font_size_last_edited=&#8220;on|phone&#8220;]<\/p>\n<p>Ben\u00f6tigt wird eine Gymnastikmatte, eine warme Decke sowie ein Nackenkissen.\u00a0Eine Kurseinheit hat 6 Termine die im Abstand von ca. 2 Wochen stattfinden. (siehe unser Veranstaltungskalender) Die Kursgeb\u00fchr f\u00fcr den kompletten Kurs betr\u00e4gt 100,- Euro. Einzeltermine k\u00f6nnen auch mit 22,- Euro pro Abend abgerechnet werden.<br \/> In diesem Kurs lernen und vertiefen Sie die M\u00f6glichkeit Stress abzubauen und Tiefenentspannung f\u00fcr das innere Wohlbewinden und als Burnout Pravention\u00a0 zu nutzen. Ebenso werden Methoden zur Selbshypnose angewendet die Sie auch Zuhause f\u00fcr sich Nutzen k\u00f6nnen. Lassen Sie sich \u00fcberraschen und genie\u00dfen Sie eine wunderbaren Abend mit netten Menschen.\u00a0Sie erleben eine geniale Mischung aus gef\u00fchrter Meditiation, autogenem Training und Elementen der Hypnosetherapie.<\/p>\n<p>[\/et_pb_text][\/et_pb_column][\/et_pb_row][et_pb_row _builder_version=&#8220;4.4.0&#8243; module_alignment=&#8220;center&#8220; custom_margin=&#8220;|auto||180px||&#8220; custom_padding=&#8220;30px|||||&#8220;][et_pb_column type=&#8220;4_4&#8243; _builder_version=&#8220;4.3.4&#8243;][et_pb_divider color=&#8220;#5D9D8B&#8220; divider_weight=&#8220;2px&#8220; _builder_version=&#8220;4.3.4&#8243; transform_translate=&#8220;0px|10px&#8220; transform_translate_linked=&#8220;off&#8220; width=&#8220;10%&#8220; module_alignment=&#8220;center&#8220; custom_margin=&#8220;||21px|493px||&#8220; global_module=&#8220;738&#8243; saved_tabs=&#8220;all&#8220;][\/et_pb_divider][et_pb_text _builder_version=&#8220;4.4.0&#8243; text_font=&#8220;Roboto Slab||||||||&#8220; text_text_color=&#8220;#5d9d8b&#8220; text_font_size=&#8220;26px&#8220; text_orientation=&#8220;center&#8220;]<\/p>\n<p>Veranstaltungsort<\/p>\n<p>[\/et_pb_text][et_pb_text _builder_version=&#8220;4.4.0&#8243; text_font=&#8220;|300|||||||&#8220; text_text_color=&#8220;#666666&#8243; text_font_size=&#8220;20px&#8220; text_line_height=&#8220;1.5em&#8220; header_2_font=&#8220;Barlow||||||||&#8220; text_orientation=&#8220;center&#8220; custom_margin=&#8220;-1px||-1px||true|&#8220; custom_padding=&#8220;3px||5px|||&#8220;]<\/p>\n<p><span>Grieshaberstra\u00dfe 11, 78120 Furtwangen<\/span><\/p>\n<p>[\/et_pb_text][\/et_pb_column][\/et_pb_row][et_pb_row _builder_version=&#8220;4.4.0&#8243; module_alignment=&#8220;center&#8220; custom_margin=&#8220;|auto||180px||&#8220; custom_padding=&#8220;30px|||||&#8220;][et_pb_column type=&#8220;4_4&#8243; _builder_version=&#8220;4.3.4&#8243;][et_pb_divider color=&#8220;#5D9D8B&#8220; divider_weight=&#8220;2px&#8220; _builder_version=&#8220;4.3.4&#8243; transform_translate=&#8220;0px|10px&#8220; transform_translate_linked=&#8220;off&#8220; width=&#8220;10%&#8220; module_alignment=&#8220;center&#8220; custom_margin=&#8220;||21px|493px||&#8220; global_module=&#8220;738&#8243; saved_tabs=&#8220;all&#8220;][\/et_pb_divider][et_pb_text _builder_version=&#8220;4.4.0&#8243; text_font=&#8220;Roboto Slab||||||||&#8220; text_text_color=&#8220;#5d9d8b&#8220; text_font_size=&#8220;26px&#8220; text_orientation=&#8220;center&#8220;]<\/p>\n<p>Dauer<\/p>\n<p>[\/et_pb_text][et_pb_text _builder_version=&#8220;4.4.0&#8243; text_font=&#8220;|300|||||||&#8220; text_text_color=&#8220;#666666&#8243; text_font_size=&#8220;20px&#8220; text_line_height=&#8220;1.5em&#8220; header_2_font=&#8220;Barlow||||||||&#8220; text_orientation=&#8220;center&#8220; custom_margin=&#8220;-1px||-1px||true|&#8220; custom_padding=&#8220;3px||5px|||&#8220;]<\/p>\n<p>Treffpunkt: 19:45 Uhr<br \/> <span style=\"font-size: 20px;\">Beginn: 20:00 Uhr &#8211; 22:00 Uhr<\/span><\/p>\n<p>[\/et_pb_text][\/et_pb_column][\/et_pb_row][et_pb_row _builder_version=&#8220;4.4.0&#8243; module_alignment=&#8220;center&#8220; custom_margin=&#8220;|auto||180px||&#8220; custom_padding=&#8220;30px|||||&#8220;][et_pb_column type=&#8220;4_4&#8243; _builder_version=&#8220;4.3.4&#8243;][et_pb_divider color=&#8220;#5D9D8B&#8220; divider_weight=&#8220;2px&#8220; _builder_version=&#8220;4.3.4&#8243; transform_translate=&#8220;0px|10px&#8220; transform_translate_linked=&#8220;off&#8220; width=&#8220;10%&#8220; module_alignment=&#8220;center&#8220; custom_margin=&#8220;||21px|493px||&#8220; global_module=&#8220;738&#8243; saved_tabs=&#8220;all&#8220;][\/et_pb_divider][et_pb_text _builder_version=&#8220;4.4.0&#8243; text_font=&#8220;Roboto Slab||||||||&#8220; text_text_color=&#8220;#5d9d8b&#8220; text_font_size=&#8220;26px&#8220; text_orientation=&#8220;center&#8220;]<\/p>\n<p>Termine<\/p>\n<p>[\/et_pb_text][et_pb_text _builder_version=&#8220;4.4.0&#8243; text_font=&#8220;|300|||||||&#8220; text_text_color=&#8220;#666666&#8243; text_font_size=&#8220;20px&#8220; text_line_height=&#8220;1.5em&#8220; header_2_font=&#8220;Barlow||||||||&#8220; text_orientation=&#8220;center&#8220; custom_margin=&#8220;-1px||-1px||true|&#8220; custom_padding=&#8220;3px||5px|||&#8220; hover_enabled=&#8220;0&#8243;]<\/p>\n<p>Termine zu diesem Kurs finden Sie in unserem <a title=\"Tiefenentspannung, Stressabbau und Burnout Pr\u00e4vention\" href=\"https:\/\/www.hypnose-bw.eu\/index.php\/termine-2\/\">Terminkalender<\/a>.<\/p>\n<p>[\/et_pb_text][\/et_pb_column][\/et_pb_row][et_pb_row _builder_version=&#8220;4.4.0&#8243; module_alignment=&#8220;center&#8220; custom_margin=&#8220;|auto||180px||&#8220; custom_padding=&#8220;30px|||||&#8220;][et_pb_column type=&#8220;4_4&#8243; _builder_version=&#8220;4.3.4&#8243;][et_pb_divider color=&#8220;#5D9D8B&#8220; divider_weight=&#8220;2px&#8220; _builder_version=&#8220;4.3.4&#8243; transform_translate=&#8220;0px|10px&#8220; transform_translate_linked=&#8220;off&#8220; width=&#8220;10%&#8220; module_alignment=&#8220;center&#8220; custom_margin=&#8220;||21px|493px||&#8220; global_module=&#8220;738&#8243; saved_tabs=&#8220;all&#8220;][\/et_pb_divider][et_pb_text _builder_version=&#8220;4.4.0&#8243; text_font=&#8220;Roboto Slab||||||||&#8220; text_text_color=&#8220;#5d9d8b&#8220; text_font_size=&#8220;26px&#8220; text_orientation=&#8220;center&#8220;]<\/p>\n<p>Information und Anmeldung<\/p>\n<p>[\/et_pb_text][et_pb_text _builder_version=&#8220;4.4.0&#8243; text_font=&#8220;|300|||||||&#8220; text_text_color=&#8220;#666666&#8243; text_font_size=&#8220;20px&#8220; text_line_height=&#8220;1.5em&#8220; header_2_font=&#8220;Barlow||||||||&#8220; text_orientation=&#8220;center&#8220; custom_margin=&#8220;-1px||-1px||true|&#8220; custom_padding=&#8220;3px||5px|||&#8220; hover_enabled=&#8220;0&#8243;]<\/p>\n<p><span>Tel. 07723 \/ 50 442 80 (Andreas Wehrle)<\/span><\/p>\n<h5><\/h5>\n<p>[\/et_pb_text][\/et_pb_column][\/et_pb_row][\/et_pb_section]<\/p>\n","protected":false},"excerpt":{"rendered":"<p>Tiefenentspannung, Stressabbau und Burnout Pr\u00e4vention\u00a0Ben\u00f6tigt wird eine Gymnastikmatte, eine warme Decke sowie ein Nackenkissen.\u00a0Eine Kurseinheit hat 6 Termine die im Abstand von ca. 2 Wochen stattfinden. (siehe unser Veranstaltungskalender) Die Kursgeb\u00fchr f\u00fcr den kompletten Kurs betr\u00e4gt 100,- Euro. Einzeltermine k\u00f6nnen auch mit 22,- Euro pro Abend abgerechnet werden. In diesem Kurs lernen und vertiefen Sie [&hellip;]<\/p>\n","protected":false},"author":3,"featured_media":0,"parent":201,"menu_order":0,"comment_status":"closed","ping_status":"closed","template":"","meta":{"_et_pb_use_builder":"on","_et_pb_old_content":"","_et_gb_content_width":"","footnotes":""},"class_list":["post-206","page","type-page","status-publish","hentry"],"yoast_head":"<!-- This site is optimized with the Yoast SEO plugin v24.1 - https:\/\/yoast.com\/wordpress\/plugins\/seo\/ -->\n<title>Tiefenentspannung, Stressabbau und Burnout Pr\u00e4vention - Hypnose Center Baden-W\u00fcrttemberg, Hypnosetherapie- und Ausbildung<\/title>\n<meta name=\"robots\" content=\"index, follow, max-snippet:-1, max-image-preview:large, max-video-preview:-1\" \/>\n<link rel=\"canonical\" href=\"https:\/\/www.hypnose-bw.eu\/index.php\/hypnose-informationen\/gruppenkurse\/tiefenentspannung-stressabbau-und-burnout-praevention\/\" \/>\n<meta property=\"og:locale\" content=\"de_DE\" \/>\n<meta property=\"og:type\" content=\"article\" \/>\n<meta property=\"og:title\" content=\"Tiefenentspannung, Stressabbau und Burnout Pr\u00e4vention - Hypnose Center Baden-W\u00fcrttemberg, Hypnosetherapie- und Ausbildung\" \/>\n<meta property=\"og:description\" content=\"Tiefenentspannung, Stressabbau und Burnout Pr\u00e4vention\u00a0Ben\u00f6tigt wird eine Gymnastikmatte, eine warme Decke sowie ein Nackenkissen.\u00a0Eine Kurseinheit hat 6 Termine die im Abstand von ca. 2 Wochen stattfinden. (siehe unser Veranstaltungskalender) Die Kursgeb\u00fchr f\u00fcr den kompletten Kurs betr\u00e4gt 100,- Euro. Einzeltermine k\u00f6nnen auch mit 22,- Euro pro Abend abgerechnet werden. In diesem Kurs lernen und vertiefen Sie [&hellip;]\" \/>\n<meta property=\"og:url\" content=\"https:\/\/www.hypnose-bw.eu\/index.php\/hypnose-informationen\/gruppenkurse\/tiefenentspannung-stressabbau-und-burnout-praevention\/\" \/>\n<meta property=\"og:site_name\" content=\"Hypnose Center Baden-W\u00fcrttemberg, Hypnosetherapie- und Ausbildung\" \/>\n<meta property=\"article:modified_time\" content=\"2020-03-25T10:48:21+00:00\" \/>\n<meta name=\"twitter:card\" content=\"summary_large_image\" \/>\n<meta name=\"twitter:label1\" content=\"Gesch\u00e4tzte Lesezeit\" \/>\n\t<meta name=\"twitter:data1\" content=\"4\u00a0Minuten\" \/>\n<script type=\"application\/ld+json\" class=\"yoast-schema-graph\">{\"@context\":\"https:\/\/schema.org\",\"@graph\":[{\"@type\":\"WebPage\",\"@id\":\"https:\/\/www.hypnose-bw.eu\/index.php\/hypnose-informationen\/gruppenkurse\/tiefenentspannung-stressabbau-und-burnout-praevention\/\",\"url\":\"https:\/\/www.hypnose-bw.eu\/index.php\/hypnose-informationen\/gruppenkurse\/tiefenentspannung-stressabbau-und-burnout-praevention\/\",\"name\":\"Tiefenentspannung, Stressabbau und Burnout Pr\u00e4vention - Hypnose Center Baden-W\u00fcrttemberg, Hypnosetherapie- und Ausbildung\",\"isPartOf\":{\"@id\":\"https:\/\/www.hypnose-bw.eu\/#website\"},\"datePublished\":\"2020-02-27T11:19:45+00:00\",\"dateModified\":\"2020-03-25T10:48:21+00:00\",\"breadcrumb\":{\"@id\":\"https:\/\/www.hypnose-bw.eu\/index.php\/hypnose-informationen\/gruppenkurse\/tiefenentspannung-stressabbau-und-burnout-praevention\/#breadcrumb\"},\"inLanguage\":\"de\",\"potentialAction\":[{\"@type\":\"ReadAction\",\"target\":[\"https:\/\/www.hypnose-bw.eu\/index.php\/hypnose-informationen\/gruppenkurse\/tiefenentspannung-stressabbau-und-burnout-praevention\/\"]}]},{\"@type\":\"BreadcrumbList\",\"@id\":\"https:\/\/www.hypnose-bw.eu\/index.php\/hypnose-informationen\/gruppenkurse\/tiefenentspannung-stressabbau-und-burnout-praevention\/#breadcrumb\",\"itemListElement\":[{\"@type\":\"ListItem\",\"position\":1,\"name\":\"Home\",\"item\":\"https:\/\/www.hypnose-bw.eu\/\"},{\"@type\":\"ListItem\",\"position\":2,\"name\":\"Informationen\",\"item\":\"https:\/\/www.hypnose-bw.eu\/index.php\/hypnose-informationen\/\"},{\"@type\":\"ListItem\",\"position\":3,\"name\":\"Gruppenkurse\",\"item\":\"https:\/\/www.hypnose-bw.eu\/index.php\/hypnose-informationen\/gruppenkurse\/\"},{\"@type\":\"ListItem\",\"position\":4,\"name\":\"Tiefenentspannung, Stressabbau und Burnout Pr\u00e4vention\"}]},{\"@type\":\"WebSite\",\"@id\":\"https:\/\/www.hypnose-bw.eu\/#website\",\"url\":\"https:\/\/www.hypnose-bw.eu\/\",\"name\":\"Hypnose, Hypnosetherapie und Hypnoseausbildung in Baden-W\u00fcrttemberg\",\"description\":\"Moderne Hypnose bietet heute eine enorme Bandbreite von Anwendungen. Informieren Sie sich auf unseren Seiten zum Thema: Hypnose, Hypnosetherapie und Hypnoseausbildung in Baden-W\u00fcrttemberg.\",\"publisher\":{\"@id\":\"https:\/\/www.hypnose-bw.eu\/#\/schema\/person\/696f9a4168500159d90848a8d0d5cb54\"},\"potentialAction\":[{\"@type\":\"SearchAction\",\"target\":{\"@type\":\"EntryPoint\",\"urlTemplate\":\"https:\/\/www.hypnose-bw.eu\/?s={search_term_string}\"},\"query-input\":{\"@type\":\"PropertyValueSpecification\",\"valueRequired\":true,\"valueName\":\"search_term_string\"}}],\"inLanguage\":\"de\"},{\"@type\":[\"Person\",\"Organization\"],\"@id\":\"https:\/\/www.hypnose-bw.eu\/#\/schema\/person\/696f9a4168500159d90848a8d0d5cb54\",\"name\":\"admin\",\"image\":{\"@type\":\"ImageObject\",\"inLanguage\":\"de\",\"@id\":\"https:\/\/www.hypnose-bw.eu\/#\/schema\/person\/image\/\",\"url\":\"https:\/\/secure.gravatar.com\/avatar\/9c6614c27ceccccabc48687d162e5c06?s=96&d=mm&r=g\",\"contentUrl\":\"https:\/\/secure.gravatar.com\/avatar\/9c6614c27ceccccabc48687d162e5c06?s=96&d=mm&r=g\",\"caption\":\"admin\"},\"logo\":{\"@id\":\"https:\/\/www.hypnose-bw.eu\/#\/schema\/person\/image\/\"}}]}<\/script>\n<!-- \/ Yoast SEO plugin. -->","yoast_head_json":{"title":"Tiefenentspannung, Stressabbau und Burnout Pr\u00e4vention - Hypnose Center Baden-W\u00fcrttemberg, Hypnosetherapie- und Ausbildung","robots":{"index":"index","follow":"follow","max-snippet":"max-snippet:-1","max-image-preview":"max-image-preview:large","max-video-preview":"max-video-preview:-1"},"canonical":"https:\/\/www.hypnose-bw.eu\/index.php\/hypnose-informationen\/gruppenkurse\/tiefenentspannung-stressabbau-und-burnout-praevention\/","og_locale":"de_DE","og_type":"article","og_title":"Tiefenentspannung, Stressabbau und Burnout Pr\u00e4vention - Hypnose Center Baden-W\u00fcrttemberg, Hypnosetherapie- und Ausbildung","og_description":"Tiefenentspannung, Stressabbau und Burnout Pr\u00e4vention\u00a0Ben\u00f6tigt wird eine Gymnastikmatte, eine warme Decke sowie ein Nackenkissen.\u00a0Eine Kurseinheit hat 6 Termine die im Abstand von ca. 2 Wochen stattfinden. (siehe unser Veranstaltungskalender) Die Kursgeb\u00fchr f\u00fcr den kompletten Kurs betr\u00e4gt 100,- Euro. Einzeltermine k\u00f6nnen auch mit 22,- Euro pro Abend abgerechnet werden. In diesem Kurs lernen und vertiefen Sie [&hellip;]","og_url":"https:\/\/www.hypnose-bw.eu\/index.php\/hypnose-informationen\/gruppenkurse\/tiefenentspannung-stressabbau-und-burnout-praevention\/","og_site_name":"Hypnose Center Baden-W\u00fcrttemberg, Hypnosetherapie- und Ausbildung","article_modified_time":"2020-03-25T10:48:21+00:00","twitter_card":"summary_large_image","twitter_misc":{"Gesch\u00e4tzte Lesezeit":"4\u00a0Minuten"},"schema":{"@context":"https:\/\/schema.org","@graph":[{"@type":"WebPage","@id":"https:\/\/www.hypnose-bw.eu\/index.php\/hypnose-informationen\/gruppenkurse\/tiefenentspannung-stressabbau-und-burnout-praevention\/","url":"https:\/\/www.hypnose-bw.eu\/index.php\/hypnose-informationen\/gruppenkurse\/tiefenentspannung-stressabbau-und-burnout-praevention\/","name":"Tiefenentspannung, Stressabbau und Burnout Pr\u00e4vention - Hypnose Center Baden-W\u00fcrttemberg, Hypnosetherapie- und Ausbildung","isPartOf":{"@id":"https:\/\/www.hypnose-bw.eu\/#website"},"datePublished":"2020-02-27T11:19:45+00:00","dateModified":"2020-03-25T10:48:21+00:00","breadcrumb":{"@id":"https:\/\/www.hypnose-bw.eu\/index.php\/hypnose-informationen\/gruppenkurse\/tiefenentspannung-stressabbau-und-burnout-praevention\/#breadcrumb"},"inLanguage":"de","potentialAction":[{"@type":"ReadAction","target":["https:\/\/www.hypnose-bw.eu\/index.php\/hypnose-informationen\/gruppenkurse\/tiefenentspannung-stressabbau-und-burnout-praevention\/"]}]},{"@type":"BreadcrumbList","@id":"https:\/\/www.hypnose-bw.eu\/index.php\/hypnose-informationen\/gruppenkurse\/tiefenentspannung-stressabbau-und-burnout-praevention\/#breadcrumb","itemListElement":[{"@type":"ListItem","position":1,"name":"Home","item":"https:\/\/www.hypnose-bw.eu\/"},{"@type":"ListItem","position":2,"name":"Informationen","item":"https:\/\/www.hypnose-bw.eu\/index.php\/hypnose-informationen\/"},{"@type":"ListItem","position":3,"name":"Gruppenkurse","item":"https:\/\/www.hypnose-bw.eu\/index.php\/hypnose-informationen\/gruppenkurse\/"},{"@type":"ListItem","position":4,"name":"Tiefenentspannung, Stressabbau und Burnout Pr\u00e4vention"}]},{"@type":"WebSite","@id":"https:\/\/www.hypnose-bw.eu\/#website","url":"https:\/\/www.hypnose-bw.eu\/","name":"Hypnose, Hypnosetherapie und Hypnoseausbildung in Baden-W\u00fcrttemberg","description":"Moderne Hypnose bietet heute eine enorme Bandbreite von Anwendungen. Informieren Sie sich auf unseren Seiten zum Thema: Hypnose, Hypnosetherapie und Hypnoseausbildung in Baden-W\u00fcrttemberg.","publisher":{"@id":"https:\/\/www.hypnose-bw.eu\/#\/schema\/person\/696f9a4168500159d90848a8d0d5cb54"},"potentialAction":[{"@type":"SearchAction","target":{"@type":"EntryPoint","urlTemplate":"https:\/\/www.hypnose-bw.eu\/?s={search_term_string}"},"query-input":{"@type":"PropertyValueSpecification","valueRequired":true,"valueName":"search_term_string"}}],"inLanguage":"de"},{"@type":["Person","Organization"],"@id":"https:\/\/www.hypnose-bw.eu\/#\/schema\/person\/696f9a4168500159d90848a8d0d5cb54","name":"admin","image":{"@type":"ImageObject","inLanguage":"de","@id":"https:\/\/www.hypnose-bw.eu\/#\/schema\/person\/image\/","url":"https:\/\/secure.gravatar.com\/avatar\/9c6614c27ceccccabc48687d162e5c06?s=96&d=mm&r=g","contentUrl":"https:\/\/secure.gravatar.com\/avatar\/9c6614c27ceccccabc48687d162e5c06?s=96&d=mm&r=g","caption":"admin"},"logo":{"@id":"https:\/\/www.hypnose-bw.eu\/#\/schema\/person\/image\/"}}]}},"_links":{"self":[{"href":"https:\/\/www.hypnose-bw.eu\/index.php\/wp-json\/wp\/v2\/pages\/206","targetHints":{"allow":["GET"]}}],"collection":[{"href":"https:\/\/www.hypnose-bw.eu\/index.php\/wp-json\/wp\/v2\/pages"}],"about":[{"href":"https:\/\/www.hypnose-bw.eu\/index.php\/wp-json\/wp\/v2\/types\/page"}],"author":[{"embeddable":true,"href":"https:\/\/www.hypnose-bw.eu\/index.php\/wp-json\/wp\/v2\/users\/3"}],"replies":[{"embeddable":true,"href":"https:\/\/www.hypnose-bw.eu\/index.php\/wp-json\/wp\/v2\/comments?post=206"}],"version-history":[{"count":13,"href":"https:\/\/www.hypnose-bw.eu\/index.php\/wp-json\/wp\/v2\/pages\/206\/revisions"}],"predecessor-version":[{"id":1390,"href":"https:\/\/www.hypnose-bw.eu\/index.php\/wp-json\/wp\/v2\/pages\/206\/revisions\/1390"}],"up":[{"embeddable":true,"href":"https:\/\/www.hypnose-bw.eu\/index.php\/wp-json\/wp\/v2\/pages\/201"}],"wp:attachment":[{"href":"https:\/\/www.hypnose-bw.eu\/index.php\/wp-json\/wp\/v2\/media?parent=206"}],"curies":[{"name":"wp","href":"https:\/\/api.w.org\/{rel}","templated":true}]}}