{"id":191,"date":"2020-02-27T11:06:04","date_gmt":"2020-02-27T11:06:04","guid":{"rendered":"https:\/\/www.hypnose-bw.eu\/?page_id=191"},"modified":"2020-03-25T13:06:58","modified_gmt":"2020-03-25T13:06:58","slug":"hypnoseausbildung-grundseminar","status":"publish","type":"page","link":"https:\/\/www.hypnose-bw.eu\/index.php\/hypnose-informationen\/hypnose-erlernen\/hypnoseausbildung-grundseminar\/","title":{"rendered":"Hypnoseausbildung Grundseminar"},"content":{"rendered":"<p>[et_pb_section fb_built=&#8220;1&#8243; _builder_version=&#8220;3.22&#8243; custom_padding=&#8220;1px|||||&#8220;][et_pb_row _builder_version=&#8220;4.3.4&#8243; custom_margin=&#8220;|auto||180px||&#8220; custom_padding=&#8220;30px|||||&#8220;][et_pb_column type=&#8220;4_4&#8243; _builder_version=&#8220;4.3.4&#8243;][et_pb_divider color=&#8220;#5d9d8b&#8220; divider_weight=&#8220;2px&#8220; _builder_version=&#8220;4.3.4&#8243; transform_translate=&#8220;0px|10px&#8220; transform_translate_linked=&#8220;off&#8220; width=&#8220;10%&#8220; module_alignment=&#8220;center&#8220; custom_margin=&#8220;|||493px||&#8220;][\/et_pb_divider][et_pb_text _builder_version=&#8220;4.4.0&#8243; text_font=&#8220;Barlow||||||||&#8220; text_text_color=&#8220;#5D9D8B&#8220; header_font=&#8220;Barlow||||||||&#8220; header_text_color=&#8220;#024669&#8243; custom_margin=&#8220;||29px|||&#8220; custom_padding=&#8220;0px||0px|||&#8220; saved_tabs=&#8220;all&#8220; inline_fonts=&#8220;Roboto Slab&#8220;]<\/p>\n<p style=\"text-align: center;\"><span style=\"font-size: xx-large; font-family: 'Roboto Slab';\">Hypnoseausbildung Grundseminar<\/span><\/p>\n<p>[\/et_pb_text][et_pb_text _builder_version=&#8220;4.4.0&#8243; text_font=&#8220;|300|||||||&#8220; text_text_color=&#8220;#666666&#8243; text_font_size=&#8220;20px&#8220; text_line_height=&#8220;1.5em&#8220; header_2_font=&#8220;Barlow||||||||&#8220; custom_margin=&#8220;-1px||-1px||true|&#8220; custom_padding=&#8220;3px||5px|||&#8220;]<\/p>\n<p>Das <a href=\"file:\/\/\/glossar\/17-Hypnose.html#17\" title=\"\">Hypnose<\/a> Grundseminar von Hypnose-Baden-W\u00fcrttemberg ist ein zweit\u00e4gigies Intensivseminar mit hochwertigen Lerninhalten und gro\u00dfer Bandbreite. Lernen Sie den Einstieg in die Hypnose und Hypnosetherapie in Theorie und Praxis.<br \/> <span style=\"font-size: 20px;\">Das Seminar ist geeignet f\u00fcr Neueinsteiger oder auch Therapeuten die ihr Anwendungsfeld mit Hypnose erweitern und ausbauen m\u00f6chten. Neben den wichtigen Grundlagen werden auch viele Tricks und Kniffe vermittelt und ge\u00fcbt.<br \/> <\/span><span style=\"font-size: 20px;\">Nach diesem Grundseminar k\u00f6nnen sie Menschen sicher in die Hypnose und aus der Hypnose heraus f\u00fchren. Besonders viel Wert legen wir auf einen gro\u00dfen Praxisanteil mit viel \u00fcben und Anwenden der verschiedenen Induktionen, der hypnotischen Tests und vielem weiteren. (Siehe Seminarablauf unten). Profitieren Sie von unserer langj\u00e4hrigen Erfahrung und von dem Vorteil da\u00df bei uns nach einem Kurs die Betreuung nicht aufh\u00f6rt.<br \/> <\/span><span style=\"font-size: 20px;\">So haben Sie als Teilnehmer weiterhin die M\u00f6glichkeit an unseren \u00dcbungsabenden teilzunehmen. Diese dienen zur weiteren Praxisfestigung und zur St\u00e4rkung Ihrer Selbstsicherheit denn nicht immer haben alle Teilnehmer die M\u00f6glichkeit so einfach das Gelernte zu vertiefen. Das besondere an diesen Abenden ist nicht nur das Training untereinander sondern auch die M\u00f6glichkeit mit Personen zu \u00dcben die zum ersten mal hypnotisiert werden. Hierzu organisieren wir einige Studenten der umliegenden Fachhochschule.\u00a0<\/span><span style=\"font-size: 20px;\">Diese einzigartige M\u00f6glichkeit ist gerade bei Hypnosetherapeuten wichtig, da unabh\u00e4ngig von einer echten Therapiesitzung Erfahrung gesammelt werden kann. Eine Besonderheit die Sie bei der Vielzahl der am Markt angebotenen Ausbildungen selten finden werden.<\/span><\/p>\n<p><span style=\"font-size: 20px;\">Ebenso veranstalten wir mehrmals j\u00e4hrlich ein Treffen von Hypnotiseuren und Hypnosetherapeuten in Donaueschingen. Das <\/span><a href=\"file:\/\/\/glossar\/23-NGH-Chapter.html#23\" title=\"\" style=\"font-size: 20px;\">NGH-Chapter<\/a><span style=\"font-size: 20px;\"> Baden-W\u00fcrttemberg bietet einen aktiven Erfahrungsaustausch und bei jedem Termin wird ein spezielles Thema aus dem Bereich Hypnose oder dem Umfeld aufbereitet und demonstriert. Werden auch Sie ein Teil dieser Comunity &#8211; Herzlich Willkommen.<\/span><\/p>\n<p>[\/et_pb_text][\/et_pb_column][\/et_pb_row][et_pb_row _builder_version=&#8220;4.3.4&#8243; custom_margin=&#8220;|auto||180px||&#8220; custom_padding=&#8220;30px|||||&#8220;][et_pb_column type=&#8220;4_4&#8243; _builder_version=&#8220;4.3.4&#8243;][et_pb_text _builder_version=&#8220;4.4.0&#8243; text_font=&#8220;Roboto Slab||||||||&#8220; text_text_color=&#8220;#5d9d8b&#8220; text_font_size=&#8220;26px&#8220; text_orientation=&#8220;center&#8220;]<\/p>\n<p>Hypnoseausbildung ohne Risiko<\/p>\n<p>[\/et_pb_text][et_pb_text _builder_version=&#8220;4.4.0&#8243; text_font=&#8220;|300|||||||&#8220; text_text_color=&#8220;#666666&#8243; text_font_size=&#8220;20px&#8220; text_line_height=&#8220;1.5em&#8220; header_2_font=&#8220;Barlow||||||||&#8220; custom_margin=&#8220;-1px||-1px||true|&#8220; custom_padding=&#8220;3px||5px|||&#8220;]<\/p>\n<p>Alle Teilnehmer der Grundausbildung erhalten au\u00dferdem einen Gutschein f\u00fcr die OMNI-Ausbildung bei Hypnose-BW \u00fcber den kompletten Preis unseres Grundseminars. Beachten Sie hierzu unsere Termine im Kalender.<\/p>\n<p>[\/et_pb_text][\/et_pb_column][\/et_pb_row][et_pb_row _builder_version=&#8220;4.3.4&#8243; custom_margin=&#8220;|auto||180px||&#8220; custom_padding=&#8220;30px|||||&#8220;][et_pb_column type=&#8220;4_4&#8243; _builder_version=&#8220;4.3.4&#8243;][et_pb_divider color=&#8220;#5d9d8b&#8220; divider_weight=&#8220;2px&#8220; _builder_version=&#8220;4.3.4&#8243; transform_translate=&#8220;0px|10px&#8220; transform_translate_linked=&#8220;off&#8220; width=&#8220;10%&#8220; module_alignment=&#8220;center&#8220; custom_margin=&#8220;|||493px||&#8220;][\/et_pb_divider][et_pb_text _builder_version=&#8220;4.4.0&#8243; text_font=&#8220;Barlow||||||||&#8220; text_text_color=&#8220;#5D9D8B&#8220; header_font=&#8220;Barlow||||||||&#8220; header_text_color=&#8220;#024669&#8243; custom_margin=&#8220;||29px|||&#8220; custom_padding=&#8220;0px||0px|||&#8220; saved_tabs=&#8220;all&#8220; inline_fonts=&#8220;Roboto Slab&#8220;]<\/p>\n<p style=\"text-align: center;\"><span style=\"font-size: xx-large; font-family: 'Roboto Slab';\">Inhalte der Hypnose-BW Grundausbildung<\/span><\/p>\n<p>[\/et_pb_text][\/et_pb_column][\/et_pb_row][et_pb_row column_structure=&#8220;1_2,1_2&#8243; _builder_version=&#8220;4.3.4&#8243;][et_pb_column type=&#8220;1_2&#8243; _builder_version=&#8220;4.3.4&#8243;][et_pb_text _builder_version=&#8220;4.4.0&#8243; text_font=&#8220;|300|||||||&#8220;]<\/p>\n<h4>Erster Tag<\/h4>\n<p>09:00 Begr\u00fc\u00dfung, Pers\u00f6nliche Vorstellung, Seminarablauf<\/p>\n<p>09:30 Was ist Hypnose, Wie funktioniert Hypnose<\/p>\n<p>10:15 M\u00f6glichkeiten und Anwendungsgebiete der Hypnose<\/p>\n<p>10:30 Kaffeepause<\/p>\n<p>10:45 Anforderungen an Hypnotiseur und Hypnotisand<\/p>\n<p>11:00 Suggestibilit\u00e4tstests, Convincer und Wachhypnose<\/p>\n<p>11:30 Methoden zur Vertiefung und Aufl\u00f6sen der Hypnose<\/p>\n<p>12:15 Fragen und Antworten<\/p>\n<p>12:30 Mittagspause<\/p>\n<p>13:30 Hypnose Demonstrationen<\/p>\n<p>14:00 Praktische \u00dcbungen Teil 1<\/p>\n<p>15:30 Hypnose Induktionen, Leerhypnose<\/p>\n<p>16:00 Kaffeepause<\/p>\n<p>16:15 Fraktionierungstechniken<\/p>\n<p>16:45 Hypnotische Effekte<\/p>\n<p>17:30 Praktische \u00dcbungen Teil 2<\/p>\n<p>18:45 Abschlussbesprechung Tag 1<\/p>\n<p>ab 19:00 Abendessen mit Diskussion (Freiwillig)<\/p>\n<p>und Analyse der Praktischen \u00dcbungen.<\/p>\n<p>ev. Blitzhypnose Demonstrationen.<\/p>\n<p>&nbsp;<\/p>\n<p>&nbsp;<\/p>\n<p>[\/et_pb_text][\/et_pb_column][et_pb_column type=&#8220;1_2&#8243; _builder_version=&#8220;4.3.4&#8243;][et_pb_text _builder_version=&#8220;4.4.0&#8243; text_font=&#8220;|300|||||||&#8220;]<\/p>\n<h4>Zweiter Tag<\/h4>\n<p>09:00 Informationen zum Omni-Hypnosetherapeuten<\/p>\n<p>09:15 Gefahrenlehre der Hypnose<\/p>\n<p>10:00 Einfache Blitzhypnosetechniken<\/p>\n<p>10:30 Kaffeepause<\/p>\n<p>10:45 Praktische \u00dcbungen Teil 3<\/p>\n<p>12:15 Fragen und Antworten<\/p>\n<p>12:30 Mittagspause<\/p>\n<p>13:30 Hypnose in Anwendung &amp; Praxis<\/p>\n<p>14:00 Praktische \u00dcbungen Teil 4<\/p>\n<p>15:30 Kaffeepause<\/p>\n<p>15:45 Selbsthypnose\/Entspannungshypnose<\/p>\n<p>16:15 Rauchen\/Abnehmen\/Schmerzen\/Blockaden in der Praxis<\/p>\n<p>17:00 \u00dcbergabe des Seminarzertifikats<\/p>\n<p>17:30 Abschlussbesprechung \/ Terminfindung \u00dcbungsabende<\/p>\n<p>[\/et_pb_text][\/et_pb_column][\/et_pb_row][et_pb_row _builder_version=&#8220;4.3.4&#8243; custom_margin=&#8220;|auto||180px||&#8220; custom_padding=&#8220;30px|||||&#8220;][et_pb_column type=&#8220;4_4&#8243; _builder_version=&#8220;4.3.4&#8243;][et_pb_divider color=&#8220;#5d9d8b&#8220; divider_weight=&#8220;2px&#8220; _builder_version=&#8220;4.3.4&#8243; transform_translate=&#8220;0px|10px&#8220; transform_translate_linked=&#8220;off&#8220; width=&#8220;10%&#8220; module_alignment=&#8220;center&#8220; custom_margin=&#8220;|||493px||&#8220;][\/et_pb_divider][et_pb_text _builder_version=&#8220;4.4.0&#8243; text_font=&#8220;Roboto Slab||||||||&#8220; text_text_color=&#8220;#5d9d8b&#8220; text_font_size=&#8220;26px&#8220; text_orientation=&#8220;center&#8220;]<\/p>\n<p>Preise<\/p>\n<p>[\/et_pb_text][et_pb_text _builder_version=&#8220;4.4.0&#8243; text_font=&#8220;|300|||||||&#8220; text_text_color=&#8220;#666666&#8243; text_font_size=&#8220;20px&#8220; text_line_height=&#8220;1.5em&#8220; header_2_font=&#8220;Barlow||||||||&#8220; text_orientation=&#8220;center&#8220; min_height=&#8220;240px&#8220; custom_margin=&#8220;-1px||-1px||true|&#8220; custom_padding=&#8220;3px||5px|||&#8220;]<\/p>\n<p style=\"text-align: left;\">Die Preise f\u00fcr das Hypnose-BW Grundseminar unterscheiden sich durch die unterschiedlichen Kosten der Seminarr\u00e4ume. Bei sp\u00e4terer Buchung des Hypnose-BW &#8211; OMNI-Seminars erhalten die Teilnehmer einen Nachlass in voller H\u00f6he des bezahlten Grundkurs-Preises.<\/p>\n<p>Donaueschingen 249,- Euro<br \/> Freiburg 349,- Euro<br \/> Stuttgart 399,- Euro<br \/> Tuttlingen 299,- Euro<\/p>\n<p>[\/et_pb_text][\/et_pb_column][\/et_pb_row][et_pb_row _builder_version=&#8220;4.3.4&#8243; custom_margin=&#8220;|auto||180px||&#8220; custom_padding=&#8220;30px|||||&#8220;][et_pb_column type=&#8220;4_4&#8243; _builder_version=&#8220;4.3.4&#8243;][et_pb_divider color=&#8220;#5d9d8b&#8220; divider_weight=&#8220;2px&#8220; _builder_version=&#8220;4.3.4&#8243; transform_translate=&#8220;0px|10px&#8220; transform_translate_linked=&#8220;off&#8220; width=&#8220;10%&#8220; module_alignment=&#8220;center&#8220; custom_margin=&#8220;|||493px||&#8220;][\/et_pb_divider][et_pb_text _builder_version=&#8220;4.4.0&#8243; text_font=&#8220;Roboto Slab||||||||&#8220; text_text_color=&#8220;#5d9d8b&#8220; text_font_size=&#8220;26px&#8220; text_orientation=&#8220;center&#8220;]<\/p>\n<p>Interesse?<\/p>\n<p>[\/et_pb_text][et_pb_text _builder_version=&#8220;4.4.0&#8243; text_font=&#8220;|300|||||||&#8220; text_text_color=&#8220;#666666&#8243; text_font_size=&#8220;20px&#8220; text_line_height=&#8220;1.5em&#8220; header_2_font=&#8220;Barlow||||||||&#8220; text_orientation=&#8220;center&#8220; custom_margin=&#8220;-1px||-1px||true|&#8220; custom_padding=&#8220;3px||5px|||&#8220;]<\/p>\n<p><span>Rufen Sie uns unverbindlich an oder senden Sie uns \u00fcber das <\/span><a title=\"Anfrage zur Hypnoseausbildung\" href=\"https:\/\/www.hypnose-bw.eu\/index.php\/kontakt\/\">Kontaktformular<\/a><span> eine Nachricht zu, wir werden uns dann umgehend bei Ihnen melden.<\/span><\/p>\n<p>[\/et_pb_text][\/et_pb_column][\/et_pb_row][et_pb_row _builder_version=&#8220;4.3.4&#8243; custom_margin=&#8220;|auto||180px||&#8220; custom_padding=&#8220;30px|||||&#8220;][et_pb_column type=&#8220;4_4&#8243; _builder_version=&#8220;4.3.4&#8243;][et_pb_divider color=&#8220;#5d9d8b&#8220; divider_weight=&#8220;2px&#8220; _builder_version=&#8220;4.3.4&#8243; transform_translate=&#8220;0px|10px&#8220; transform_translate_linked=&#8220;off&#8220; width=&#8220;10%&#8220; module_alignment=&#8220;center&#8220; custom_margin=&#8220;|||493px||&#8220;][\/et_pb_divider][et_pb_text _builder_version=&#8220;4.4.0&#8243; text_font=&#8220;Roboto Slab||||||||&#8220; text_text_color=&#8220;#5d9d8b&#8220; text_font_size=&#8220;26px&#8220; text_orientation=&#8220;center&#8220;]<\/p>\n<p>Termine<\/p>\n<p>[\/et_pb_text][et_pb_text _builder_version=&#8220;4.4.0&#8243; text_font=&#8220;|300|||||||&#8220; text_text_color=&#8220;#666666&#8243; text_font_size=&#8220;20px&#8220; text_line_height=&#8220;1.5em&#8220; header_2_font=&#8220;Barlow||||||||&#8220; text_orientation=&#8220;center&#8220; custom_margin=&#8220;-1px||-1px||true|&#8220; custom_padding=&#8220;3px||5px|||&#8220;]<\/p>\n<p><span>In unserem Terminkalender k\u00f6nnen Sie die n\u00e4chsten <\/span><a title=\"Hypnoseausbildung Termine\" href=\"https:\/\/www.hypnose-bw.eu\/index.php\/termine-2\/\">Termine<\/a><span> abrufen. (Im Kalender &#8222;gr\u00fcn&#8220;)<\/span><\/p>\n<p>[\/et_pb_text][\/et_pb_column][\/et_pb_row][et_pb_row _builder_version=&#8220;4.3.4&#8243; custom_margin=&#8220;|auto||180px||&#8220; custom_padding=&#8220;30px|||||&#8220;][et_pb_column type=&#8220;4_4&#8243; _builder_version=&#8220;4.3.4&#8243;][et_pb_divider color=&#8220;#5d9d8b&#8220; divider_weight=&#8220;2px&#8220; _builder_version=&#8220;4.3.4&#8243; transform_translate=&#8220;0px|10px&#8220; transform_translate_linked=&#8220;off&#8220; width=&#8220;10%&#8220; module_alignment=&#8220;center&#8220; custom_margin=&#8220;|||493px||&#8220;][\/et_pb_divider][et_pb_text _builder_version=&#8220;4.4.0&#8243; text_font=&#8220;Roboto Slab||||||||&#8220; text_text_color=&#8220;#5d9d8b&#8220; text_font_size=&#8220;26px&#8220; text_orientation=&#8220;center&#8220;]<\/p>\n<p>Kleines Dankesch\u00f6n<\/p>\n<p>[\/et_pb_text][et_pb_text _builder_version=&#8220;4.4.0&#8243; text_font=&#8220;|300|||||||&#8220; text_text_color=&#8220;#666666&#8243; text_font_size=&#8220;20px&#8220; text_line_height=&#8220;1.5em&#8220; header_2_font=&#8220;Barlow||||||||&#8220; custom_margin=&#8220;-1px||-1px||true|&#8220; custom_padding=&#8220;3px||5px|||&#8220;]<\/p>\n<p><span>Ihre Meinung zu unseren Seminaren ist uns wichtig. Deshalb k\u00f6nnen Sie gerne nach Abschluss des Seminars Ihre Meinung auf unseren Videoclip aufzeichen. Als kleines Dankesch\u00f6n erhalten sie einen Gutschein f\u00fcr einen Hypnose-\u00dcbungsabend im Wert von 49,- Euro.<\/span><\/p>\n<p>[\/et_pb_text][\/et_pb_column][\/et_pb_row][\/et_pb_section]<\/p>\n","protected":false},"excerpt":{"rendered":"<p>Hypnoseausbildung GrundseminarDas Hypnose Grundseminar von Hypnose-Baden-W\u00fcrttemberg ist ein zweit\u00e4gigies Intensivseminar mit hochwertigen Lerninhalten und gro\u00dfer Bandbreite. Lernen Sie den Einstieg in die Hypnose und Hypnosetherapie in Theorie und Praxis. Das Seminar ist geeignet f\u00fcr Neueinsteiger oder auch Therapeuten die ihr Anwendungsfeld mit Hypnose erweitern und ausbauen m\u00f6chten. Neben den wichtigen Grundlagen werden auch viele Tricks [&hellip;]<\/p>\n","protected":false},"author":3,"featured_media":0,"parent":189,"menu_order":0,"comment_status":"closed","ping_status":"closed","template":"","meta":{"_et_pb_use_builder":"on","_et_pb_old_content":"","_et_gb_content_width":"","footnotes":""},"class_list":["post-191","page","type-page","status-publish","hentry"],"yoast_head":"<!-- This site is optimized with the Yoast SEO plugin v24.1 - https:\/\/yoast.com\/wordpress\/plugins\/seo\/ -->\n<title>Hypnoseausbildung Grundseminar - Hypnose Center Baden-W\u00fcrttemberg, Hypnosetherapie- und Ausbildung<\/title>\n<meta name=\"robots\" content=\"index, follow, max-snippet:-1, max-image-preview:large, max-video-preview:-1\" \/>\n<link rel=\"canonical\" href=\"https:\/\/www.hypnose-bw.eu\/index.php\/hypnose-informationen\/hypnose-erlernen\/hypnoseausbildung-grundseminar\/\" \/>\n<meta property=\"og:locale\" content=\"de_DE\" \/>\n<meta property=\"og:type\" content=\"article\" \/>\n<meta property=\"og:title\" content=\"Hypnoseausbildung Grundseminar - Hypnose Center Baden-W\u00fcrttemberg, Hypnosetherapie- und Ausbildung\" \/>\n<meta property=\"og:description\" content=\"Hypnoseausbildung GrundseminarDas Hypnose Grundseminar von Hypnose-Baden-W\u00fcrttemberg ist ein zweit\u00e4gigies Intensivseminar mit hochwertigen Lerninhalten und gro\u00dfer Bandbreite. Lernen Sie den Einstieg in die Hypnose und Hypnosetherapie in Theorie und Praxis. Das Seminar ist geeignet f\u00fcr Neueinsteiger oder auch Therapeuten die ihr Anwendungsfeld mit Hypnose erweitern und ausbauen m\u00f6chten. Neben den wichtigen Grundlagen werden auch viele Tricks [&hellip;]\" \/>\n<meta property=\"og:url\" content=\"https:\/\/www.hypnose-bw.eu\/index.php\/hypnose-informationen\/hypnose-erlernen\/hypnoseausbildung-grundseminar\/\" \/>\n<meta property=\"og:site_name\" content=\"Hypnose Center Baden-W\u00fcrttemberg, Hypnosetherapie- und Ausbildung\" \/>\n<meta property=\"article:modified_time\" content=\"2020-03-25T13:06:58+00:00\" \/>\n<meta name=\"twitter:card\" content=\"summary_large_image\" \/>\n<meta name=\"twitter:label1\" content=\"Gesch\u00e4tzte Lesezeit\" \/>\n\t<meta name=\"twitter:data1\" content=\"7\u00a0Minuten\" \/>\n<script type=\"application\/ld+json\" class=\"yoast-schema-graph\">{\"@context\":\"https:\/\/schema.org\",\"@graph\":[{\"@type\":\"WebPage\",\"@id\":\"https:\/\/www.hypnose-bw.eu\/index.php\/hypnose-informationen\/hypnose-erlernen\/hypnoseausbildung-grundseminar\/\",\"url\":\"https:\/\/www.hypnose-bw.eu\/index.php\/hypnose-informationen\/hypnose-erlernen\/hypnoseausbildung-grundseminar\/\",\"name\":\"Hypnoseausbildung Grundseminar - Hypnose Center Baden-W\u00fcrttemberg, Hypnosetherapie- und Ausbildung\",\"isPartOf\":{\"@id\":\"https:\/\/www.hypnose-bw.eu\/#website\"},\"datePublished\":\"2020-02-27T11:06:04+00:00\",\"dateModified\":\"2020-03-25T13:06:58+00:00\",\"breadcrumb\":{\"@id\":\"https:\/\/www.hypnose-bw.eu\/index.php\/hypnose-informationen\/hypnose-erlernen\/hypnoseausbildung-grundseminar\/#breadcrumb\"},\"inLanguage\":\"de\",\"potentialAction\":[{\"@type\":\"ReadAction\",\"target\":[\"https:\/\/www.hypnose-bw.eu\/index.php\/hypnose-informationen\/hypnose-erlernen\/hypnoseausbildung-grundseminar\/\"]}]},{\"@type\":\"BreadcrumbList\",\"@id\":\"https:\/\/www.hypnose-bw.eu\/index.php\/hypnose-informationen\/hypnose-erlernen\/hypnoseausbildung-grundseminar\/#breadcrumb\",\"itemListElement\":[{\"@type\":\"ListItem\",\"position\":1,\"name\":\"Home\",\"item\":\"https:\/\/www.hypnose-bw.eu\/\"},{\"@type\":\"ListItem\",\"position\":2,\"name\":\"Informationen\",\"item\":\"https:\/\/www.hypnose-bw.eu\/index.php\/hypnose-informationen\/\"},{\"@type\":\"ListItem\",\"position\":3,\"name\":\"Hypnose erlernen\",\"item\":\"https:\/\/www.hypnose-bw.eu\/index.php\/hypnose-informationen\/hypnose-erlernen\/\"},{\"@type\":\"ListItem\",\"position\":4,\"name\":\"Hypnoseausbildung Grundseminar\"}]},{\"@type\":\"WebSite\",\"@id\":\"https:\/\/www.hypnose-bw.eu\/#website\",\"url\":\"https:\/\/www.hypnose-bw.eu\/\",\"name\":\"Hypnose, Hypnosetherapie und Hypnoseausbildung in Baden-W\u00fcrttemberg\",\"description\":\"Moderne Hypnose bietet heute eine enorme Bandbreite von Anwendungen. Informieren Sie sich auf unseren Seiten zum Thema: Hypnose, Hypnosetherapie und Hypnoseausbildung in Baden-W\u00fcrttemberg.\",\"publisher\":{\"@id\":\"https:\/\/www.hypnose-bw.eu\/#\/schema\/person\/696f9a4168500159d90848a8d0d5cb54\"},\"potentialAction\":[{\"@type\":\"SearchAction\",\"target\":{\"@type\":\"EntryPoint\",\"urlTemplate\":\"https:\/\/www.hypnose-bw.eu\/?s={search_term_string}\"},\"query-input\":{\"@type\":\"PropertyValueSpecification\",\"valueRequired\":true,\"valueName\":\"search_term_string\"}}],\"inLanguage\":\"de\"},{\"@type\":[\"Person\",\"Organization\"],\"@id\":\"https:\/\/www.hypnose-bw.eu\/#\/schema\/person\/696f9a4168500159d90848a8d0d5cb54\",\"name\":\"admin\",\"image\":{\"@type\":\"ImageObject\",\"inLanguage\":\"de\",\"@id\":\"https:\/\/www.hypnose-bw.eu\/#\/schema\/person\/image\/\",\"url\":\"https:\/\/secure.gravatar.com\/avatar\/9c6614c27ceccccabc48687d162e5c06?s=96&d=mm&r=g\",\"contentUrl\":\"https:\/\/secure.gravatar.com\/avatar\/9c6614c27ceccccabc48687d162e5c06?s=96&d=mm&r=g\",\"caption\":\"admin\"},\"logo\":{\"@id\":\"https:\/\/www.hypnose-bw.eu\/#\/schema\/person\/image\/\"}}]}<\/script>\n<!-- \/ Yoast SEO plugin. -->","yoast_head_json":{"title":"Hypnoseausbildung Grundseminar - Hypnose Center Baden-W\u00fcrttemberg, Hypnosetherapie- und Ausbildung","robots":{"index":"index","follow":"follow","max-snippet":"max-snippet:-1","max-image-preview":"max-image-preview:large","max-video-preview":"max-video-preview:-1"},"canonical":"https:\/\/www.hypnose-bw.eu\/index.php\/hypnose-informationen\/hypnose-erlernen\/hypnoseausbildung-grundseminar\/","og_locale":"de_DE","og_type":"article","og_title":"Hypnoseausbildung Grundseminar - Hypnose Center Baden-W\u00fcrttemberg, Hypnosetherapie- und Ausbildung","og_description":"Hypnoseausbildung GrundseminarDas Hypnose Grundseminar von Hypnose-Baden-W\u00fcrttemberg ist ein zweit\u00e4gigies Intensivseminar mit hochwertigen Lerninhalten und gro\u00dfer Bandbreite. Lernen Sie den Einstieg in die Hypnose und Hypnosetherapie in Theorie und Praxis. Das Seminar ist geeignet f\u00fcr Neueinsteiger oder auch Therapeuten die ihr Anwendungsfeld mit Hypnose erweitern und ausbauen m\u00f6chten. Neben den wichtigen Grundlagen werden auch viele Tricks [&hellip;]","og_url":"https:\/\/www.hypnose-bw.eu\/index.php\/hypnose-informationen\/hypnose-erlernen\/hypnoseausbildung-grundseminar\/","og_site_name":"Hypnose Center Baden-W\u00fcrttemberg, Hypnosetherapie- und Ausbildung","article_modified_time":"2020-03-25T13:06:58+00:00","twitter_card":"summary_large_image","twitter_misc":{"Gesch\u00e4tzte Lesezeit":"7\u00a0Minuten"},"schema":{"@context":"https:\/\/schema.org","@graph":[{"@type":"WebPage","@id":"https:\/\/www.hypnose-bw.eu\/index.php\/hypnose-informationen\/hypnose-erlernen\/hypnoseausbildung-grundseminar\/","url":"https:\/\/www.hypnose-bw.eu\/index.php\/hypnose-informationen\/hypnose-erlernen\/hypnoseausbildung-grundseminar\/","name":"Hypnoseausbildung Grundseminar - Hypnose Center Baden-W\u00fcrttemberg, Hypnosetherapie- und Ausbildung","isPartOf":{"@id":"https:\/\/www.hypnose-bw.eu\/#website"},"datePublished":"2020-02-27T11:06:04+00:00","dateModified":"2020-03-25T13:06:58+00:00","breadcrumb":{"@id":"https:\/\/www.hypnose-bw.eu\/index.php\/hypnose-informationen\/hypnose-erlernen\/hypnoseausbildung-grundseminar\/#breadcrumb"},"inLanguage":"de","potentialAction":[{"@type":"ReadAction","target":["https:\/\/www.hypnose-bw.eu\/index.php\/hypnose-informationen\/hypnose-erlernen\/hypnoseausbildung-grundseminar\/"]}]},{"@type":"BreadcrumbList","@id":"https:\/\/www.hypnose-bw.eu\/index.php\/hypnose-informationen\/hypnose-erlernen\/hypnoseausbildung-grundseminar\/#breadcrumb","itemListElement":[{"@type":"ListItem","position":1,"name":"Home","item":"https:\/\/www.hypnose-bw.eu\/"},{"@type":"ListItem","position":2,"name":"Informationen","item":"https:\/\/www.hypnose-bw.eu\/index.php\/hypnose-informationen\/"},{"@type":"ListItem","position":3,"name":"Hypnose erlernen","item":"https:\/\/www.hypnose-bw.eu\/index.php\/hypnose-informationen\/hypnose-erlernen\/"},{"@type":"ListItem","position":4,"name":"Hypnoseausbildung Grundseminar"}]},{"@type":"WebSite","@id":"https:\/\/www.hypnose-bw.eu\/#website","url":"https:\/\/www.hypnose-bw.eu\/","name":"Hypnose, Hypnosetherapie und Hypnoseausbildung in Baden-W\u00fcrttemberg","description":"Moderne Hypnose bietet heute eine enorme Bandbreite von Anwendungen. Informieren Sie sich auf unseren Seiten zum Thema: Hypnose, Hypnosetherapie und Hypnoseausbildung in Baden-W\u00fcrttemberg.","publisher":{"@id":"https:\/\/www.hypnose-bw.eu\/#\/schema\/person\/696f9a4168500159d90848a8d0d5cb54"},"potentialAction":[{"@type":"SearchAction","target":{"@type":"EntryPoint","urlTemplate":"https:\/\/www.hypnose-bw.eu\/?s={search_term_string}"},"query-input":{"@type":"PropertyValueSpecification","valueRequired":true,"valueName":"search_term_string"}}],"inLanguage":"de"},{"@type":["Person","Organization"],"@id":"https:\/\/www.hypnose-bw.eu\/#\/schema\/person\/696f9a4168500159d90848a8d0d5cb54","name":"admin","image":{"@type":"ImageObject","inLanguage":"de","@id":"https:\/\/www.hypnose-bw.eu\/#\/schema\/person\/image\/","url":"https:\/\/secure.gravatar.com\/avatar\/9c6614c27ceccccabc48687d162e5c06?s=96&d=mm&r=g","contentUrl":"https:\/\/secure.gravatar.com\/avatar\/9c6614c27ceccccabc48687d162e5c06?s=96&d=mm&r=g","caption":"admin"},"logo":{"@id":"https:\/\/www.hypnose-bw.eu\/#\/schema\/person\/image\/"}}]}},"_links":{"self":[{"href":"https:\/\/www.hypnose-bw.eu\/index.php\/wp-json\/wp\/v2\/pages\/191","targetHints":{"allow":["GET"]}}],"collection":[{"href":"https:\/\/www.hypnose-bw.eu\/index.php\/wp-json\/wp\/v2\/pages"}],"about":[{"href":"https:\/\/www.hypnose-bw.eu\/index.php\/wp-json\/wp\/v2\/types\/page"}],"author":[{"embeddable":true,"href":"https:\/\/www.hypnose-bw.eu\/index.php\/wp-json\/wp\/v2\/users\/3"}],"replies":[{"embeddable":true,"href":"https:\/\/www.hypnose-bw.eu\/index.php\/wp-json\/wp\/v2\/comments?post=191"}],"version-history":[{"count":13,"href":"https:\/\/www.hypnose-bw.eu\/index.php\/wp-json\/wp\/v2\/pages\/191\/revisions"}],"predecessor-version":[{"id":1416,"href":"https:\/\/www.hypnose-bw.eu\/index.php\/wp-json\/wp\/v2\/pages\/191\/revisions\/1416"}],"up":[{"embeddable":true,"href":"https:\/\/www.hypnose-bw.eu\/index.php\/wp-json\/wp\/v2\/pages\/189"}],"wp:attachment":[{"href":"https:\/\/www.hypnose-bw.eu\/index.php\/wp-json\/wp\/v2\/media?parent=191"}],"curies":[{"name":"wp","href":"https:\/\/api.w.org\/{rel}","templated":true}]}}