{"id":189,"date":"2020-02-27T11:05:43","date_gmt":"2020-02-27T11:05:43","guid":{"rendered":"https:\/\/www.hypnose-bw.eu\/?page_id=189"},"modified":"2020-03-19T14:56:25","modified_gmt":"2020-03-19T14:56:25","slug":"hypnose-erlernen","status":"publish","type":"page","link":"https:\/\/www.hypnose-bw.eu\/index.php\/hypnose-informationen\/hypnose-erlernen\/","title":{"rendered":"Hypnose erlernen"},"content":{"rendered":"<p>[et_pb_section fb_built=&#8220;1&#8243; _builder_version=&#8220;3.22&#8243; custom_padding=&#8220;1px|||||&#8220;][et_pb_row _builder_version=&#8220;4.4.0&#8243; module_alignment=&#8220;center&#8220; custom_margin=&#8220;|auto||180px||&#8220; custom_padding=&#8220;30px|||||&#8220;][et_pb_column type=&#8220;4_4&#8243; _builder_version=&#8220;4.3.4&#8243;][et_pb_divider color=&#8220;#5D9D8B&#8220; divider_weight=&#8220;2px&#8220; _builder_version=&#8220;4.3.4&#8243; transform_translate=&#8220;0px|10px&#8220; transform_translate_linked=&#8220;off&#8220; width=&#8220;10%&#8220; module_alignment=&#8220;center&#8220; custom_margin=&#8220;||21px|493px||&#8220; global_module=&#8220;738&#8243; saved_tabs=&#8220;all&#8220;][\/et_pb_divider][et_pb_text _builder_version=&#8220;4.4.0&#8243; text_font=&#8220;Barlow||||||||&#8220; text_text_color=&#8220;#5D9D8B&#8220; header_font=&#8220;Barlow||||||||&#8220; header_text_color=&#8220;#024669&#8243; custom_margin=&#8220;||29px|||&#8220; custom_padding=&#8220;0px||0px|||&#8220; saved_tabs=&#8220;all&#8220; inline_fonts=&#8220;Roboto Slab&#8220;]<\/p>\n<p style=\"text-align: center;\"><span style=\"font-size: xx-large; font-family: 'Roboto Slab';\">Hypnoseausbildung Grundseminar<\/span><\/p>\n<p>[\/et_pb_text][et_pb_text _builder_version=&#8220;4.4.0&#8243; text_font=&#8220;|300|||||||&#8220; text_text_color=&#8220;#666666&#8243; text_font_size=&#8220;20px&#8220; text_line_height=&#8220;1.5em&#8220; header_2_font=&#8220;Barlow||||||||&#8220; width_tablet=&#8220;&#8220; width_phone=&#8220;&#8220; width_last_edited=&#8220;on|phone&#8220; custom_margin=&#8220;-1px||-1px||true|&#8220; custom_padding=&#8220;3px||5px|||&#8220; hover_enabled=&#8220;0&#8243; text_font_size_tablet=&#8220;18px&#8220; text_font_size_phone=&#8220;16px&#8220; text_font_size_last_edited=&#8220;on|desktop&#8220; text_line_height_tablet=&#8220;&#8220; text_line_height_phone=&#8220;&#8220; text_line_height_last_edited=&#8220;on|tablet&#8220;]<\/p>\n<p><span>Das Hypnose Grundseminar von Hypnose-Baden-W\u00fcrttemberg ist ein zweit\u00e4gigies Intensivseminar mit hochwertigen Lerninhalten und gro\u00dfer Bandbreite. Lernen Sie den Einstieg in die Hypnose und Hypnosetherapie in Theorie und Praxis. Das Seminar ist geeignet f\u00fcr Neueinsteiger oder auch Therapeuten die ihr Anwendungsfeld mit Hypnose erweitern und ausbauen m\u00f6chten. Neben den wichtigen Grundlagen werden auch viele Tricks und Kniffe vermittelt und ge\u00fcbt.<\/span><\/p>\n<p>[\/et_pb_text][et_pb_button button_url=&#8220;@ET-DC@eyJkeW5hbWljIjp0cnVlLCJjb250ZW50IjoicG9zdF9saW5rX3VybF9wYWdlIiwic2V0dGluZ3MiOnsicG9zdF9pZCI6IjE5MSJ9fQ==@&#8220; button_text=&#8220;weiterlesen&#8220; button_alignment=&#8220;center&#8220; _builder_version=&#8220;4.3.4&#8243; _dynamic_attributes=&#8220;button_url&#8220; custom_button=&#8220;on&#8220; button_text_size=&#8220;18px&#8220; button_text_color=&#8220;#5d9d8b&#8220; button_bg_color=&#8220;rgba(0,0,0,0)&#8220; button_border_width=&#8220;0px&#8220; button_font=&#8220;||||||||&#8220; button_icon=&#8220;%%20%%&#8220;][\/et_pb_button][\/et_pb_column][\/et_pb_row][et_pb_row _builder_version=&#8220;4.4.0&#8243; module_alignment=&#8220;center&#8220; custom_margin=&#8220;|auto||180px||&#8220; custom_padding=&#8220;30px|||||&#8220;][et_pb_column type=&#8220;4_4&#8243; _builder_version=&#8220;4.3.4&#8243;][et_pb_divider color=&#8220;#5d9d8b&#8220; divider_weight=&#8220;2px&#8220; _builder_version=&#8220;4.3.4&#8243; transform_translate=&#8220;0px|10px&#8220; transform_translate_linked=&#8220;off&#8220; width=&#8220;10%&#8220; module_alignment=&#8220;center&#8220; custom_margin=&#8220;|||493px||&#8220;][\/et_pb_divider][et_pb_text _builder_version=&#8220;4.4.0&#8243; text_font=&#8220;Barlow||||||||&#8220; text_text_color=&#8220;#5D9D8B&#8220; header_font=&#8220;Barlow||||||||&#8220; header_text_color=&#8220;#024669&#8243; custom_margin=&#8220;||29px|||&#8220; custom_padding=&#8220;0px||1px|||&#8220; saved_tabs=&#8220;all&#8220; inline_fonts=&#8220;Roboto Slab&#8220;]<\/p>\n<p style=\"text-align: center;\"><span style=\"font-size: xx-large; font-family: 'Roboto Slab';\">OMNI Hypnosis &#8211; Basic to Advance Seminar<\/span><\/p>\n<p>[\/et_pb_text][et_pb_text _builder_version=&#8220;4.4.0&#8243; text_font=&#8220;|300|||||||&#8220; text_text_color=&#8220;#666666&#8243; text_font_size=&#8220;20px&#8220; text_line_height=&#8220;1.5em&#8220; header_2_font=&#8220;Barlow||||||||&#8220; custom_margin=&#8220;-1px||-1px||true|&#8220; custom_padding=&#8220;3px||5px|||&#8220; hover_enabled=&#8220;0&#8243; text_font_size_tablet=&#8220;18px&#8220; text_font_size_phone=&#8220;16px&#8220; text_font_size_last_edited=&#8220;on|phone&#8220;]<\/p>\n<p><span>Der Gr\u00fcnder des &#8222;OMNI Hypnosis Training Center&#8220; FL, USA, Gerald Kein (geb. 1939), war mit gerade einmal 10 Jahren einer der ersten Sch\u00fcler von Dave Elman. Das von Ihm erarbeitete Hypnose Training basiert auf \u00fcber 50 Jahre angesammelte Hypnoseerfahung. Nicht umsonnst wurde er mehrfach von der National Guild of Hypnotists, der weltweit gr\u00f6\u00dften Hypnoseorganisation, f\u00fcr seine Arbeit ausgezeichnet.<\/span><\/p>\n<p>[\/et_pb_text][et_pb_button button_url=&#8220;@ET-DC@eyJkeW5hbWljIjp0cnVlLCJjb250ZW50IjoicG9zdF9saW5rX3VybF9wYWdlIiwic2V0dGluZ3MiOnsicG9zdF9pZCI6IjE5MyJ9fQ==@&#8220; button_text=&#8220;weiterlesen&#8220; button_alignment=&#8220;center&#8220; _builder_version=&#8220;4.3.4&#8243; _dynamic_attributes=&#8220;button_url&#8220; custom_button=&#8220;on&#8220; button_text_size=&#8220;18px&#8220; button_text_color=&#8220;#5d9d8b&#8220; button_bg_color=&#8220;rgba(0,0,0,0)&#8220; button_border_width=&#8220;0px&#8220; button_font=&#8220;||||||||&#8220; button_icon=&#8220;%%20%%&#8220;][\/et_pb_button][\/et_pb_column][\/et_pb_row][\/et_pb_section]<\/p>\n","protected":false},"excerpt":{"rendered":"<p>Hypnoseausbildung GrundseminarDas Hypnose Grundseminar von Hypnose-Baden-W\u00fcrttemberg ist ein zweit\u00e4gigies Intensivseminar mit hochwertigen Lerninhalten und gro\u00dfer Bandbreite. Lernen Sie den Einstieg in die Hypnose und Hypnosetherapie in Theorie und Praxis. Das Seminar ist geeignet f\u00fcr Neueinsteiger oder auch Therapeuten die ihr Anwendungsfeld mit Hypnose erweitern und ausbauen m\u00f6chten. Neben den wichtigen Grundlagen werden auch viele Tricks [&hellip;]<\/p>\n","protected":false},"author":3,"featured_media":0,"parent":53,"menu_order":0,"comment_status":"closed","ping_status":"closed","template":"","meta":{"_et_pb_use_builder":"on","_et_pb_old_content":"","_et_gb_content_width":"","footnotes":""},"class_list":["post-189","page","type-page","status-publish","hentry"],"yoast_head":"<!-- This site is optimized with the Yoast SEO plugin v24.1 - https:\/\/yoast.com\/wordpress\/plugins\/seo\/ -->\n<title>Hypnose erlernen - Hypnose Center Baden-W\u00fcrttemberg, Hypnosetherapie- und Ausbildung<\/title>\n<meta name=\"robots\" content=\"index, follow, max-snippet:-1, max-image-preview:large, max-video-preview:-1\" \/>\n<link rel=\"canonical\" href=\"https:\/\/www.hypnose-bw.eu\/index.php\/hypnose-informationen\/hypnose-erlernen\/\" \/>\n<meta property=\"og:locale\" content=\"de_DE\" \/>\n<meta property=\"og:type\" content=\"article\" \/>\n<meta property=\"og:title\" content=\"Hypnose erlernen - Hypnose Center Baden-W\u00fcrttemberg, Hypnosetherapie- und Ausbildung\" \/>\n<meta property=\"og:description\" content=\"Hypnoseausbildung GrundseminarDas Hypnose Grundseminar von Hypnose-Baden-W\u00fcrttemberg ist ein zweit\u00e4gigies Intensivseminar mit hochwertigen Lerninhalten und gro\u00dfer Bandbreite. Lernen Sie den Einstieg in die Hypnose und Hypnosetherapie in Theorie und Praxis. Das Seminar ist geeignet f\u00fcr Neueinsteiger oder auch Therapeuten die ihr Anwendungsfeld mit Hypnose erweitern und ausbauen m\u00f6chten. Neben den wichtigen Grundlagen werden auch viele Tricks [&hellip;]\" \/>\n<meta property=\"og:url\" content=\"https:\/\/www.hypnose-bw.eu\/index.php\/hypnose-informationen\/hypnose-erlernen\/\" \/>\n<meta property=\"og:site_name\" content=\"Hypnose Center Baden-W\u00fcrttemberg, Hypnosetherapie- und Ausbildung\" \/>\n<meta property=\"article:modified_time\" content=\"2020-03-19T14:56:25+00:00\" \/>\n<meta name=\"twitter:card\" content=\"summary_large_image\" \/>\n<meta name=\"twitter:label1\" content=\"Gesch\u00e4tzte Lesezeit\" \/>\n\t<meta name=\"twitter:data1\" content=\"3\u00a0Minuten\" \/>\n<script type=\"application\/ld+json\" class=\"yoast-schema-graph\">{\"@context\":\"https:\/\/schema.org\",\"@graph\":[{\"@type\":\"WebPage\",\"@id\":\"https:\/\/www.hypnose-bw.eu\/index.php\/hypnose-informationen\/hypnose-erlernen\/\",\"url\":\"https:\/\/www.hypnose-bw.eu\/index.php\/hypnose-informationen\/hypnose-erlernen\/\",\"name\":\"Hypnose erlernen - Hypnose Center Baden-W\u00fcrttemberg, Hypnosetherapie- und Ausbildung\",\"isPartOf\":{\"@id\":\"https:\/\/www.hypnose-bw.eu\/#website\"},\"datePublished\":\"2020-02-27T11:05:43+00:00\",\"dateModified\":\"2020-03-19T14:56:25+00:00\",\"breadcrumb\":{\"@id\":\"https:\/\/www.hypnose-bw.eu\/index.php\/hypnose-informationen\/hypnose-erlernen\/#breadcrumb\"},\"inLanguage\":\"de\",\"potentialAction\":[{\"@type\":\"ReadAction\",\"target\":[\"https:\/\/www.hypnose-bw.eu\/index.php\/hypnose-informationen\/hypnose-erlernen\/\"]}]},{\"@type\":\"BreadcrumbList\",\"@id\":\"https:\/\/www.hypnose-bw.eu\/index.php\/hypnose-informationen\/hypnose-erlernen\/#breadcrumb\",\"itemListElement\":[{\"@type\":\"ListItem\",\"position\":1,\"name\":\"Home\",\"item\":\"https:\/\/www.hypnose-bw.eu\/\"},{\"@type\":\"ListItem\",\"position\":2,\"name\":\"Informationen\",\"item\":\"https:\/\/www.hypnose-bw.eu\/index.php\/hypnose-informationen\/\"},{\"@type\":\"ListItem\",\"position\":3,\"name\":\"Hypnose erlernen\"}]},{\"@type\":\"WebSite\",\"@id\":\"https:\/\/www.hypnose-bw.eu\/#website\",\"url\":\"https:\/\/www.hypnose-bw.eu\/\",\"name\":\"Hypnose, Hypnosetherapie und Hypnoseausbildung in Baden-W\u00fcrttemberg\",\"description\":\"Moderne Hypnose bietet heute eine enorme Bandbreite von Anwendungen. Informieren Sie sich auf unseren Seiten zum Thema: Hypnose, Hypnosetherapie und Hypnoseausbildung in Baden-W\u00fcrttemberg.\",\"publisher\":{\"@id\":\"https:\/\/www.hypnose-bw.eu\/#\/schema\/person\/696f9a4168500159d90848a8d0d5cb54\"},\"potentialAction\":[{\"@type\":\"SearchAction\",\"target\":{\"@type\":\"EntryPoint\",\"urlTemplate\":\"https:\/\/www.hypnose-bw.eu\/?s={search_term_string}\"},\"query-input\":{\"@type\":\"PropertyValueSpecification\",\"valueRequired\":true,\"valueName\":\"search_term_string\"}}],\"inLanguage\":\"de\"},{\"@type\":[\"Person\",\"Organization\"],\"@id\":\"https:\/\/www.hypnose-bw.eu\/#\/schema\/person\/696f9a4168500159d90848a8d0d5cb54\",\"name\":\"admin\",\"image\":{\"@type\":\"ImageObject\",\"inLanguage\":\"de\",\"@id\":\"https:\/\/www.hypnose-bw.eu\/#\/schema\/person\/image\/\",\"url\":\"https:\/\/secure.gravatar.com\/avatar\/9c6614c27ceccccabc48687d162e5c06?s=96&d=mm&r=g\",\"contentUrl\":\"https:\/\/secure.gravatar.com\/avatar\/9c6614c27ceccccabc48687d162e5c06?s=96&d=mm&r=g\",\"caption\":\"admin\"},\"logo\":{\"@id\":\"https:\/\/www.hypnose-bw.eu\/#\/schema\/person\/image\/\"}}]}<\/script>\n<!-- \/ Yoast SEO plugin. -->","yoast_head_json":{"title":"Hypnose erlernen - Hypnose Center Baden-W\u00fcrttemberg, Hypnosetherapie- und Ausbildung","robots":{"index":"index","follow":"follow","max-snippet":"max-snippet:-1","max-image-preview":"max-image-preview:large","max-video-preview":"max-video-preview:-1"},"canonical":"https:\/\/www.hypnose-bw.eu\/index.php\/hypnose-informationen\/hypnose-erlernen\/","og_locale":"de_DE","og_type":"article","og_title":"Hypnose erlernen - Hypnose Center Baden-W\u00fcrttemberg, Hypnosetherapie- und Ausbildung","og_description":"Hypnoseausbildung GrundseminarDas Hypnose Grundseminar von Hypnose-Baden-W\u00fcrttemberg ist ein zweit\u00e4gigies Intensivseminar mit hochwertigen Lerninhalten und gro\u00dfer Bandbreite. Lernen Sie den Einstieg in die Hypnose und Hypnosetherapie in Theorie und Praxis. Das Seminar ist geeignet f\u00fcr Neueinsteiger oder auch Therapeuten die ihr Anwendungsfeld mit Hypnose erweitern und ausbauen m\u00f6chten. Neben den wichtigen Grundlagen werden auch viele Tricks [&hellip;]","og_url":"https:\/\/www.hypnose-bw.eu\/index.php\/hypnose-informationen\/hypnose-erlernen\/","og_site_name":"Hypnose Center Baden-W\u00fcrttemberg, Hypnosetherapie- und Ausbildung","article_modified_time":"2020-03-19T14:56:25+00:00","twitter_card":"summary_large_image","twitter_misc":{"Gesch\u00e4tzte Lesezeit":"3\u00a0Minuten"},"schema":{"@context":"https:\/\/schema.org","@graph":[{"@type":"WebPage","@id":"https:\/\/www.hypnose-bw.eu\/index.php\/hypnose-informationen\/hypnose-erlernen\/","url":"https:\/\/www.hypnose-bw.eu\/index.php\/hypnose-informationen\/hypnose-erlernen\/","name":"Hypnose erlernen - Hypnose Center Baden-W\u00fcrttemberg, Hypnosetherapie- und Ausbildung","isPartOf":{"@id":"https:\/\/www.hypnose-bw.eu\/#website"},"datePublished":"2020-02-27T11:05:43+00:00","dateModified":"2020-03-19T14:56:25+00:00","breadcrumb":{"@id":"https:\/\/www.hypnose-bw.eu\/index.php\/hypnose-informationen\/hypnose-erlernen\/#breadcrumb"},"inLanguage":"de","potentialAction":[{"@type":"ReadAction","target":["https:\/\/www.hypnose-bw.eu\/index.php\/hypnose-informationen\/hypnose-erlernen\/"]}]},{"@type":"BreadcrumbList","@id":"https:\/\/www.hypnose-bw.eu\/index.php\/hypnose-informationen\/hypnose-erlernen\/#breadcrumb","itemListElement":[{"@type":"ListItem","position":1,"name":"Home","item":"https:\/\/www.hypnose-bw.eu\/"},{"@type":"ListItem","position":2,"name":"Informationen","item":"https:\/\/www.hypnose-bw.eu\/index.php\/hypnose-informationen\/"},{"@type":"ListItem","position":3,"name":"Hypnose erlernen"}]},{"@type":"WebSite","@id":"https:\/\/www.hypnose-bw.eu\/#website","url":"https:\/\/www.hypnose-bw.eu\/","name":"Hypnose, Hypnosetherapie und Hypnoseausbildung in Baden-W\u00fcrttemberg","description":"Moderne Hypnose bietet heute eine enorme Bandbreite von Anwendungen. Informieren Sie sich auf unseren Seiten zum Thema: Hypnose, Hypnosetherapie und Hypnoseausbildung in Baden-W\u00fcrttemberg.","publisher":{"@id":"https:\/\/www.hypnose-bw.eu\/#\/schema\/person\/696f9a4168500159d90848a8d0d5cb54"},"potentialAction":[{"@type":"SearchAction","target":{"@type":"EntryPoint","urlTemplate":"https:\/\/www.hypnose-bw.eu\/?s={search_term_string}"},"query-input":{"@type":"PropertyValueSpecification","valueRequired":true,"valueName":"search_term_string"}}],"inLanguage":"de"},{"@type":["Person","Organization"],"@id":"https:\/\/www.hypnose-bw.eu\/#\/schema\/person\/696f9a4168500159d90848a8d0d5cb54","name":"admin","image":{"@type":"ImageObject","inLanguage":"de","@id":"https:\/\/www.hypnose-bw.eu\/#\/schema\/person\/image\/","url":"https:\/\/secure.gravatar.com\/avatar\/9c6614c27ceccccabc48687d162e5c06?s=96&d=mm&r=g","contentUrl":"https:\/\/secure.gravatar.com\/avatar\/9c6614c27ceccccabc48687d162e5c06?s=96&d=mm&r=g","caption":"admin"},"logo":{"@id":"https:\/\/www.hypnose-bw.eu\/#\/schema\/person\/image\/"}}]}},"_links":{"self":[{"href":"https:\/\/www.hypnose-bw.eu\/index.php\/wp-json\/wp\/v2\/pages\/189","targetHints":{"allow":["GET"]}}],"collection":[{"href":"https:\/\/www.hypnose-bw.eu\/index.php\/wp-json\/wp\/v2\/pages"}],"about":[{"href":"https:\/\/www.hypnose-bw.eu\/index.php\/wp-json\/wp\/v2\/types\/page"}],"author":[{"embeddable":true,"href":"https:\/\/www.hypnose-bw.eu\/index.php\/wp-json\/wp\/v2\/users\/3"}],"replies":[{"embeddable":true,"href":"https:\/\/www.hypnose-bw.eu\/index.php\/wp-json\/wp\/v2\/comments?post=189"}],"version-history":[{"count":10,"href":"https:\/\/www.hypnose-bw.eu\/index.php\/wp-json\/wp\/v2\/pages\/189\/revisions"}],"predecessor-version":[{"id":1186,"href":"https:\/\/www.hypnose-bw.eu\/index.php\/wp-json\/wp\/v2\/pages\/189\/revisions\/1186"}],"up":[{"embeddable":true,"href":"https:\/\/www.hypnose-bw.eu\/index.php\/wp-json\/wp\/v2\/pages\/53"}],"wp:attachment":[{"href":"https:\/\/www.hypnose-bw.eu\/index.php\/wp-json\/wp\/v2\/media?parent=189"}],"curies":[{"name":"wp","href":"https:\/\/api.w.org\/{rel}","templated":true}]}}