{"id":160,"date":"2020-02-26T14:48:16","date_gmt":"2020-02-26T14:48:16","guid":{"rendered":"https:\/\/www.hypnose-bw.eu\/?page_id=160"},"modified":"2020-03-19T14:55:16","modified_gmt":"2020-03-19T14:55:16","slug":"anwendungsbeispiele","status":"publish","type":"page","link":"https:\/\/www.hypnose-bw.eu\/index.php\/hypnose-informationen\/anwendungsbeispiele\/","title":{"rendered":"Anwendungsgebiete"},"content":{"rendered":"<p>[et_pb_section fb_built=&#8220;1&#8243; _builder_version=&#8220;3.22&#8243; custom_padding=&#8220;1px|||||&#8220;][et_pb_row _builder_version=&#8220;4.4.0&#8243; module_alignment=&#8220;center&#8220; custom_margin=&#8220;|auto||180px||&#8220; custom_padding=&#8220;29px|||||&#8220;][et_pb_column type=&#8220;4_4&#8243; _builder_version=&#8220;4.3.4&#8243;][et_pb_divider color=&#8220;#5D9D8B&#8220; divider_weight=&#8220;2px&#8220; _builder_version=&#8220;4.3.4&#8243; transform_translate=&#8220;0px|10px&#8220; transform_translate_linked=&#8220;off&#8220; width=&#8220;10%&#8220; module_alignment=&#8220;center&#8220; custom_margin=&#8220;||21px|493px||&#8220; global_module=&#8220;738&#8243; saved_tabs=&#8220;all&#8220;][\/et_pb_divider][et_pb_text _builder_version=&#8220;4.4.0&#8243; text_font=&#8220;Barlow||||||||&#8220; text_text_color=&#8220;#5D9D8B&#8220; header_font=&#8220;Barlow||||||||&#8220; header_text_color=&#8220;#024669&#8243; custom_margin=&#8220;||29px|||&#8220; custom_padding=&#8220;0px||0px|||&#8220; saved_tabs=&#8220;all&#8220; inline_fonts=&#8220;Roboto Slab&#8220;]<\/p>\n<p style=\"text-align: center;\"><span style=\"font-size: xx-large; font-family: 'Roboto Slab';\">Hypnose hilft<\/span><\/p>\n<p>[\/et_pb_text][et_pb_text _builder_version=&#8220;4.4.0&#8243; text_font=&#8220;|300|||||||&#8220; text_text_color=&#8220;#666666&#8243; text_font_size=&#8220;20px&#8220; text_line_height=&#8220;1.5em&#8220; header_2_font=&#8220;Barlow||||||||&#8220; custom_margin=&#8220;-1px||-1px||true|&#8220; custom_padding=&#8220;3px||5px|||&#8220; hover_enabled=&#8220;0&#8243; text_font_size_tablet=&#8220;18px&#8220; text_font_size_phone=&#8220;16px&#8220; text_font_size_last_edited=&#8220;on|phone&#8220; text_line_height_tablet=&#8220;&#8220; text_line_height_phone=&#8220;&#8220; text_line_height_last_edited=&#8220;on|tablet&#8220;]<\/p>\n<p>Diese Aussage ist heute durch eine vielzahl an Studien und Forschungsergebnisse belegt. Doch f\u00fcr was kann die moderne <a href=\"file:\/\/\/glossar\/17-Hypnose.html#17\" title=\"\" class=\"glossar_link\">Hypnose<\/a> und Hypnosetherapie hilfreich sein ?\u00a0Seit mehreren tausend Jahren diente Hypnose und die hypnotische Trance zu Heilzwecken indem die k\u00f6rpereigenen Kr\u00e4fte intensiv genutzt werden.<\/p>\n<ul>\n<li style=\"text-align: left;\">Allergien verschiedenster Art<\/li>\n<li style=\"text-align: left;\">Entspannung und Stressabbau<\/li>\n<li style=\"text-align: left;\">Schnelles, problemloses Ein- und erholsames Durchschlafen<\/li>\n<li style=\"text-align: left;\">Selbstbewusstseinssteigerung<\/li>\n<li style=\"text-align: left;\">Motivations- und Kreativit\u00e4tssteigerung<\/li>\n<li style=\"text-align: left;\">Eiversucht und Partnerprobleme<\/li>\n<li style=\"text-align: left;\">Kinderprobleme<\/li>\n<li style=\"text-align: left;\">Nagelbeissen<\/li>\n<li style=\"text-align: left;\">Sporthypnose<\/li>\n<li style=\"text-align: left;\">Z\u00e4hneknirschen<\/li>\n<li style=\"text-align: left;\">Rauchentw\u00f6hung<\/li>\n<li style=\"text-align: left;\">Gewichtsregulierung<\/li>\n<li style=\"text-align: left;\">Burn <span class=\"lang_en\" lang=\"en\" xml:lang=\"en\">Out<\/span> Syndrom<\/li>\n<li style=\"text-align: left;\">Schnarchen<\/li>\n<li style=\"text-align: left;\">Schmerzen<\/li>\n<li style=\"text-align: left;\">Phantomschmerzen<\/li>\n<li style=\"text-align: left;\">Sexuelle Probleme<\/li>\n<li style=\"text-align: left;\">Aktivierung der Selbstheilungskr\u00e4fte<\/li>\n<li style=\"text-align: left;\">R\u00fcckf\u00fchrung zur Aufarbeitung\u00a0 von Traumata<\/li>\n<li style=\"text-align: left;\">H\u00f6henangst<\/li>\n<li style=\"text-align: left;\">Zahnarztangst<\/li>\n<li style=\"text-align: left;\">Entspannter Umgang mit spezifischen \u00c4ngsten (Flugangst, Pr\u00fcfungsangst, Tierangst, etc.)<\/li>\n<li style=\"text-align: left;\">L\u00f6sen von allg. \u00c4ngsten und Phobien<\/li>\n<li style=\"text-align: left;\">Begleitung bei schweren Krankheiten<\/li>\n<\/ul>\n<p>und vieles mehr&#8230;<\/p>\n<p>Als unterst\u00fctzende Therapie kann Hypnose bei allen Krankheitsformen mit k\u00f6rperlichen, emotionalen, mentalen und energetischen Ursachen angewendet werden. Bitte beachten Sie da\u00df wir bei medizinischen Anwendungen eng mit \u00c4rzten, Psychologen und Heilpraktikern zusammenarbeiten und Sie bei Bedarf an diese weiterempfehlen.<\/p>\n<p>[\/et_pb_text][\/et_pb_column][\/et_pb_row][\/et_pb_section]<\/p>\n","protected":false},"excerpt":{"rendered":"<p>Hypnose hilftDiese Aussage ist heute durch eine vielzahl an Studien und Forschungsergebnisse belegt. Doch f\u00fcr was kann die moderne Hypnose und Hypnosetherapie hilfreich sein ?\u00a0Seit mehreren tausend Jahren diente Hypnose und die hypnotische Trance zu Heilzwecken indem die k\u00f6rpereigenen Kr\u00e4fte intensiv genutzt werden. Allergien verschiedenster Art Entspannung und Stressabbau Schnelles, problemloses Ein- und erholsames Durchschlafen [&hellip;]<\/p>\n","protected":false},"author":3,"featured_media":0,"parent":53,"menu_order":0,"comment_status":"closed","ping_status":"closed","template":"","meta":{"_et_pb_use_builder":"on","_et_pb_old_content":"","_et_gb_content_width":"","footnotes":""},"class_list":["post-160","page","type-page","status-publish","hentry"],"yoast_head":"<!-- This site is optimized with the Yoast SEO plugin v24.1 - https:\/\/yoast.com\/wordpress\/plugins\/seo\/ -->\n<title>Anwendungsgebiete - Hypnose Center Baden-W\u00fcrttemberg, Hypnosetherapie- und Ausbildung<\/title>\n<meta name=\"robots\" content=\"index, follow, max-snippet:-1, max-image-preview:large, max-video-preview:-1\" \/>\n<link rel=\"canonical\" href=\"https:\/\/www.hypnose-bw.eu\/index.php\/hypnose-informationen\/anwendungsbeispiele\/\" \/>\n<meta property=\"og:locale\" content=\"de_DE\" \/>\n<meta property=\"og:type\" content=\"article\" \/>\n<meta property=\"og:title\" content=\"Anwendungsgebiete - Hypnose Center Baden-W\u00fcrttemberg, Hypnosetherapie- und Ausbildung\" \/>\n<meta property=\"og:description\" content=\"Hypnose hilftDiese Aussage ist heute durch eine vielzahl an Studien und Forschungsergebnisse belegt. Doch f\u00fcr was kann die moderne Hypnose und Hypnosetherapie hilfreich sein ?\u00a0Seit mehreren tausend Jahren diente Hypnose und die hypnotische Trance zu Heilzwecken indem die k\u00f6rpereigenen Kr\u00e4fte intensiv genutzt werden. Allergien verschiedenster Art Entspannung und Stressabbau Schnelles, problemloses Ein- und erholsames Durchschlafen [&hellip;]\" \/>\n<meta property=\"og:url\" content=\"https:\/\/www.hypnose-bw.eu\/index.php\/hypnose-informationen\/anwendungsbeispiele\/\" \/>\n<meta property=\"og:site_name\" content=\"Hypnose Center Baden-W\u00fcrttemberg, Hypnosetherapie- und Ausbildung\" \/>\n<meta property=\"article:modified_time\" content=\"2020-03-19T14:55:16+00:00\" \/>\n<meta name=\"twitter:card\" content=\"summary_large_image\" \/>\n<meta name=\"twitter:label1\" content=\"Gesch\u00e4tzte Lesezeit\" \/>\n\t<meta name=\"twitter:data1\" content=\"2\u00a0Minuten\" \/>\n<script type=\"application\/ld+json\" class=\"yoast-schema-graph\">{\"@context\":\"https:\/\/schema.org\",\"@graph\":[{\"@type\":\"WebPage\",\"@id\":\"https:\/\/www.hypnose-bw.eu\/index.php\/hypnose-informationen\/anwendungsbeispiele\/\",\"url\":\"https:\/\/www.hypnose-bw.eu\/index.php\/hypnose-informationen\/anwendungsbeispiele\/\",\"name\":\"Anwendungsgebiete - Hypnose Center Baden-W\u00fcrttemberg, Hypnosetherapie- und Ausbildung\",\"isPartOf\":{\"@id\":\"https:\/\/www.hypnose-bw.eu\/#website\"},\"datePublished\":\"2020-02-26T14:48:16+00:00\",\"dateModified\":\"2020-03-19T14:55:16+00:00\",\"breadcrumb\":{\"@id\":\"https:\/\/www.hypnose-bw.eu\/index.php\/hypnose-informationen\/anwendungsbeispiele\/#breadcrumb\"},\"inLanguage\":\"de\",\"potentialAction\":[{\"@type\":\"ReadAction\",\"target\":[\"https:\/\/www.hypnose-bw.eu\/index.php\/hypnose-informationen\/anwendungsbeispiele\/\"]}]},{\"@type\":\"BreadcrumbList\",\"@id\":\"https:\/\/www.hypnose-bw.eu\/index.php\/hypnose-informationen\/anwendungsbeispiele\/#breadcrumb\",\"itemListElement\":[{\"@type\":\"ListItem\",\"position\":1,\"name\":\"Home\",\"item\":\"https:\/\/www.hypnose-bw.eu\/\"},{\"@type\":\"ListItem\",\"position\":2,\"name\":\"Informationen\",\"item\":\"https:\/\/www.hypnose-bw.eu\/index.php\/hypnose-informationen\/\"},{\"@type\":\"ListItem\",\"position\":3,\"name\":\"Anwendungsgebiete\"}]},{\"@type\":\"WebSite\",\"@id\":\"https:\/\/www.hypnose-bw.eu\/#website\",\"url\":\"https:\/\/www.hypnose-bw.eu\/\",\"name\":\"Hypnose, Hypnosetherapie und Hypnoseausbildung in Baden-W\u00fcrttemberg\",\"description\":\"Moderne Hypnose bietet heute eine enorme Bandbreite von Anwendungen. Informieren Sie sich auf unseren Seiten zum Thema: Hypnose, Hypnosetherapie und Hypnoseausbildung in Baden-W\u00fcrttemberg.\",\"publisher\":{\"@id\":\"https:\/\/www.hypnose-bw.eu\/#\/schema\/person\/696f9a4168500159d90848a8d0d5cb54\"},\"potentialAction\":[{\"@type\":\"SearchAction\",\"target\":{\"@type\":\"EntryPoint\",\"urlTemplate\":\"https:\/\/www.hypnose-bw.eu\/?s={search_term_string}\"},\"query-input\":{\"@type\":\"PropertyValueSpecification\",\"valueRequired\":true,\"valueName\":\"search_term_string\"}}],\"inLanguage\":\"de\"},{\"@type\":[\"Person\",\"Organization\"],\"@id\":\"https:\/\/www.hypnose-bw.eu\/#\/schema\/person\/696f9a4168500159d90848a8d0d5cb54\",\"name\":\"admin\",\"image\":{\"@type\":\"ImageObject\",\"inLanguage\":\"de\",\"@id\":\"https:\/\/www.hypnose-bw.eu\/#\/schema\/person\/image\/\",\"url\":\"https:\/\/secure.gravatar.com\/avatar\/9c6614c27ceccccabc48687d162e5c06?s=96&d=mm&r=g\",\"contentUrl\":\"https:\/\/secure.gravatar.com\/avatar\/9c6614c27ceccccabc48687d162e5c06?s=96&d=mm&r=g\",\"caption\":\"admin\"},\"logo\":{\"@id\":\"https:\/\/www.hypnose-bw.eu\/#\/schema\/person\/image\/\"}}]}<\/script>\n<!-- \/ Yoast SEO plugin. -->","yoast_head_json":{"title":"Anwendungsgebiete - Hypnose Center Baden-W\u00fcrttemberg, Hypnosetherapie- und Ausbildung","robots":{"index":"index","follow":"follow","max-snippet":"max-snippet:-1","max-image-preview":"max-image-preview:large","max-video-preview":"max-video-preview:-1"},"canonical":"https:\/\/www.hypnose-bw.eu\/index.php\/hypnose-informationen\/anwendungsbeispiele\/","og_locale":"de_DE","og_type":"article","og_title":"Anwendungsgebiete - Hypnose Center Baden-W\u00fcrttemberg, Hypnosetherapie- und Ausbildung","og_description":"Hypnose hilftDiese Aussage ist heute durch eine vielzahl an Studien und Forschungsergebnisse belegt. Doch f\u00fcr was kann die moderne Hypnose und Hypnosetherapie hilfreich sein ?\u00a0Seit mehreren tausend Jahren diente Hypnose und die hypnotische Trance zu Heilzwecken indem die k\u00f6rpereigenen Kr\u00e4fte intensiv genutzt werden. Allergien verschiedenster Art Entspannung und Stressabbau Schnelles, problemloses Ein- und erholsames Durchschlafen [&hellip;]","og_url":"https:\/\/www.hypnose-bw.eu\/index.php\/hypnose-informationen\/anwendungsbeispiele\/","og_site_name":"Hypnose Center Baden-W\u00fcrttemberg, Hypnosetherapie- und Ausbildung","article_modified_time":"2020-03-19T14:55:16+00:00","twitter_card":"summary_large_image","twitter_misc":{"Gesch\u00e4tzte Lesezeit":"2\u00a0Minuten"},"schema":{"@context":"https:\/\/schema.org","@graph":[{"@type":"WebPage","@id":"https:\/\/www.hypnose-bw.eu\/index.php\/hypnose-informationen\/anwendungsbeispiele\/","url":"https:\/\/www.hypnose-bw.eu\/index.php\/hypnose-informationen\/anwendungsbeispiele\/","name":"Anwendungsgebiete - Hypnose Center Baden-W\u00fcrttemberg, Hypnosetherapie- und Ausbildung","isPartOf":{"@id":"https:\/\/www.hypnose-bw.eu\/#website"},"datePublished":"2020-02-26T14:48:16+00:00","dateModified":"2020-03-19T14:55:16+00:00","breadcrumb":{"@id":"https:\/\/www.hypnose-bw.eu\/index.php\/hypnose-informationen\/anwendungsbeispiele\/#breadcrumb"},"inLanguage":"de","potentialAction":[{"@type":"ReadAction","target":["https:\/\/www.hypnose-bw.eu\/index.php\/hypnose-informationen\/anwendungsbeispiele\/"]}]},{"@type":"BreadcrumbList","@id":"https:\/\/www.hypnose-bw.eu\/index.php\/hypnose-informationen\/anwendungsbeispiele\/#breadcrumb","itemListElement":[{"@type":"ListItem","position":1,"name":"Home","item":"https:\/\/www.hypnose-bw.eu\/"},{"@type":"ListItem","position":2,"name":"Informationen","item":"https:\/\/www.hypnose-bw.eu\/index.php\/hypnose-informationen\/"},{"@type":"ListItem","position":3,"name":"Anwendungsgebiete"}]},{"@type":"WebSite","@id":"https:\/\/www.hypnose-bw.eu\/#website","url":"https:\/\/www.hypnose-bw.eu\/","name":"Hypnose, Hypnosetherapie und Hypnoseausbildung in Baden-W\u00fcrttemberg","description":"Moderne Hypnose bietet heute eine enorme Bandbreite von Anwendungen. Informieren Sie sich auf unseren Seiten zum Thema: Hypnose, Hypnosetherapie und Hypnoseausbildung in Baden-W\u00fcrttemberg.","publisher":{"@id":"https:\/\/www.hypnose-bw.eu\/#\/schema\/person\/696f9a4168500159d90848a8d0d5cb54"},"potentialAction":[{"@type":"SearchAction","target":{"@type":"EntryPoint","urlTemplate":"https:\/\/www.hypnose-bw.eu\/?s={search_term_string}"},"query-input":{"@type":"PropertyValueSpecification","valueRequired":true,"valueName":"search_term_string"}}],"inLanguage":"de"},{"@type":["Person","Organization"],"@id":"https:\/\/www.hypnose-bw.eu\/#\/schema\/person\/696f9a4168500159d90848a8d0d5cb54","name":"admin","image":{"@type":"ImageObject","inLanguage":"de","@id":"https:\/\/www.hypnose-bw.eu\/#\/schema\/person\/image\/","url":"https:\/\/secure.gravatar.com\/avatar\/9c6614c27ceccccabc48687d162e5c06?s=96&d=mm&r=g","contentUrl":"https:\/\/secure.gravatar.com\/avatar\/9c6614c27ceccccabc48687d162e5c06?s=96&d=mm&r=g","caption":"admin"},"logo":{"@id":"https:\/\/www.hypnose-bw.eu\/#\/schema\/person\/image\/"}}]}},"_links":{"self":[{"href":"https:\/\/www.hypnose-bw.eu\/index.php\/wp-json\/wp\/v2\/pages\/160","targetHints":{"allow":["GET"]}}],"collection":[{"href":"https:\/\/www.hypnose-bw.eu\/index.php\/wp-json\/wp\/v2\/pages"}],"about":[{"href":"https:\/\/www.hypnose-bw.eu\/index.php\/wp-json\/wp\/v2\/types\/page"}],"author":[{"embeddable":true,"href":"https:\/\/www.hypnose-bw.eu\/index.php\/wp-json\/wp\/v2\/users\/3"}],"replies":[{"embeddable":true,"href":"https:\/\/www.hypnose-bw.eu\/index.php\/wp-json\/wp\/v2\/comments?post=160"}],"version-history":[{"count":10,"href":"https:\/\/www.hypnose-bw.eu\/index.php\/wp-json\/wp\/v2\/pages\/160\/revisions"}],"predecessor-version":[{"id":1185,"href":"https:\/\/www.hypnose-bw.eu\/index.php\/wp-json\/wp\/v2\/pages\/160\/revisions\/1185"}],"up":[{"embeddable":true,"href":"https:\/\/www.hypnose-bw.eu\/index.php\/wp-json\/wp\/v2\/pages\/53"}],"wp:attachment":[{"href":"https:\/\/www.hypnose-bw.eu\/index.php\/wp-json\/wp\/v2\/media?parent=160"}],"curies":[{"name":"wp","href":"https:\/\/api.w.org\/{rel}","templated":true}]}}