{"id":152,"date":"2020-02-26T14:46:06","date_gmt":"2020-02-26T14:46:06","guid":{"rendered":"https:\/\/www.hypnose-bw.eu\/?page_id=152"},"modified":"2020-03-19T14:59:25","modified_gmt":"2020-03-19T14:59:25","slug":"wer-eignet-sich-fuer-hypnose","status":"publish","type":"page","link":"https:\/\/www.hypnose-bw.eu\/index.php\/hypnose-informationen\/hypnose\/wer-eignet-sich-fuer-hypnose\/","title":{"rendered":"Wer eignet sich f\u00fcr Hypnose?"},"content":{"rendered":"<p>[et_pb_section fb_built=&#8220;1&#8243; _builder_version=&#8220;3.22&#8243; custom_padding=&#8220;1px|||||&#8220;][et_pb_row _builder_version=&#8220;4.4.0&#8243; module_alignment=&#8220;center&#8220; custom_margin=&#8220;|auto||180px||&#8220; custom_padding=&#8220;30px|||||&#8220;][et_pb_column type=&#8220;4_4&#8243; _builder_version=&#8220;4.3.4&#8243;][et_pb_divider color=&#8220;#5d9d8b&#8220; divider_weight=&#8220;2px&#8220; _builder_version=&#8220;4.3.4&#8243; transform_translate=&#8220;0px|10px&#8220; transform_translate_linked=&#8220;off&#8220; width=&#8220;10%&#8220; module_alignment=&#8220;center&#8220; custom_margin=&#8220;|||493px||&#8220;][\/et_pb_divider][et_pb_text _builder_version=&#8220;4.4.0&#8243; text_font=&#8220;Barlow||||||||&#8220; text_text_color=&#8220;#5D9D8B&#8220; header_font=&#8220;Barlow||||||||&#8220; header_text_color=&#8220;#024669&#8243; custom_margin=&#8220;||29px|||&#8220; custom_padding=&#8220;0px||0px|||&#8220; saved_tabs=&#8220;all&#8220; inline_fonts=&#8220;Roboto Slab&#8220;]<\/p>\n<p style=\"text-align: center;\"><span style=\"font-size: xx-large; font-family: 'Roboto Slab';\">Wer eignet sich f\u00fcr die Hypnose?<\/span><\/p>\n<p>[\/et_pb_text][et_pb_text _builder_version=&#8220;4.4.0&#8243; text_font=&#8220;|300|||||||&#8220; text_text_color=&#8220;#666666&#8243; text_font_size=&#8220;20px&#8220; text_line_height=&#8220;1.5em&#8220; header_2_font=&#8220;Barlow||||||||&#8220; custom_margin=&#8220;-1px||-1px||true|&#8220; custom_padding=&#8220;3px||5px|||&#8220; hover_enabled=&#8220;0&#8243; text_font_size_tablet=&#8220;18px&#8220; text_font_size_phone=&#8220;16px&#8220; text_font_size_last_edited=&#8220;on|desktop&#8220;]<\/p>\n<p>Bin ich \u00fcberhaupt hypnotisierbar? Dies fragen anfangs viele unserer Klienten oder Kursteilnehmer.<br \/> <strong>Man geht heute davon aus da\u00df 98% aller Menschen prinzipell hypnotisierbar sind.<\/strong>\u00a0Es werden allerdings anfangs unterschiedlich tiefe Trancezust\u00e4nde erreicht und einige Hypnotisanden ben\u00f6tigen etwas mehr Zeit und andere auch einige Sitzungen. Ein Gro\u00dfteil aller Menschen ist aber in der Lage sich schnell in einen tiefen hypnotischen Zustand f\u00fchren zun lassen. Voraussetzung ist aber immer ein gutes Vertrauensverh\u00e4ltnis zwischen Hypnotiseur und Hypnotisand.<br \/> Unsere Erfahrung zeigt auch gerade in Gruppenkursen, da\u00df Hypnotisanden die anfangs M\u00fche hatten loszulassen, mit jedem weiteren Termin die Trancetiefe enorm zugenommen hat. Vielmals ist das &#8222;loslassen k\u00f6nnen&#8220; einfach auch ein Lernprozess.<\/p>\n<p>[\/et_pb_text][\/et_pb_column][\/et_pb_row][\/et_pb_section]<\/p>\n","protected":false},"excerpt":{"rendered":"<p>Wer eignet sich f\u00fcr die Hypnose?Bin ich \u00fcberhaupt hypnotisierbar? Dies fragen anfangs viele unserer Klienten oder Kursteilnehmer. Man geht heute davon aus da\u00df 98% aller Menschen prinzipell hypnotisierbar sind.\u00a0Es werden allerdings anfangs unterschiedlich tiefe Trancezust\u00e4nde erreicht und einige Hypnotisanden ben\u00f6tigen etwas mehr Zeit und andere auch einige Sitzungen. Ein Gro\u00dfteil aller Menschen ist aber in [&hellip;]<\/p>\n","protected":false},"author":3,"featured_media":0,"parent":58,"menu_order":0,"comment_status":"closed","ping_status":"closed","template":"","meta":{"_et_pb_use_builder":"on","_et_pb_old_content":"","_et_gb_content_width":"","footnotes":""},"class_list":["post-152","page","type-page","status-publish","hentry"],"yoast_head":"<!-- This site is optimized with the Yoast SEO plugin v24.1 - https:\/\/yoast.com\/wordpress\/plugins\/seo\/ -->\n<title>Wer eignet sich f\u00fcr Hypnose? - Hypnose Center Baden-W\u00fcrttemberg, Hypnosetherapie- und Ausbildung<\/title>\n<meta name=\"robots\" content=\"index, follow, max-snippet:-1, max-image-preview:large, max-video-preview:-1\" \/>\n<link rel=\"canonical\" href=\"https:\/\/www.hypnose-bw.eu\/index.php\/hypnose-informationen\/hypnose\/wer-eignet-sich-fuer-hypnose\/\" \/>\n<meta property=\"og:locale\" content=\"de_DE\" \/>\n<meta property=\"og:type\" content=\"article\" \/>\n<meta property=\"og:title\" content=\"Wer eignet sich f\u00fcr Hypnose? - Hypnose Center Baden-W\u00fcrttemberg, Hypnosetherapie- und Ausbildung\" \/>\n<meta property=\"og:description\" content=\"Wer eignet sich f\u00fcr die Hypnose?Bin ich \u00fcberhaupt hypnotisierbar? Dies fragen anfangs viele unserer Klienten oder Kursteilnehmer. Man geht heute davon aus da\u00df 98% aller Menschen prinzipell hypnotisierbar sind.\u00a0Es werden allerdings anfangs unterschiedlich tiefe Trancezust\u00e4nde erreicht und einige Hypnotisanden ben\u00f6tigen etwas mehr Zeit und andere auch einige Sitzungen. Ein Gro\u00dfteil aller Menschen ist aber in [&hellip;]\" \/>\n<meta property=\"og:url\" content=\"https:\/\/www.hypnose-bw.eu\/index.php\/hypnose-informationen\/hypnose\/wer-eignet-sich-fuer-hypnose\/\" \/>\n<meta property=\"og:site_name\" content=\"Hypnose Center Baden-W\u00fcrttemberg, Hypnosetherapie- und Ausbildung\" \/>\n<meta property=\"article:modified_time\" content=\"2020-03-19T14:59:25+00:00\" \/>\n<meta name=\"twitter:card\" content=\"summary_large_image\" \/>\n<meta name=\"twitter:label1\" content=\"Gesch\u00e4tzte Lesezeit\" \/>\n\t<meta name=\"twitter:data1\" content=\"1\u00a0Minute\" \/>\n<script type=\"application\/ld+json\" class=\"yoast-schema-graph\">{\"@context\":\"https:\/\/schema.org\",\"@graph\":[{\"@type\":\"WebPage\",\"@id\":\"https:\/\/www.hypnose-bw.eu\/index.php\/hypnose-informationen\/hypnose\/wer-eignet-sich-fuer-hypnose\/\",\"url\":\"https:\/\/www.hypnose-bw.eu\/index.php\/hypnose-informationen\/hypnose\/wer-eignet-sich-fuer-hypnose\/\",\"name\":\"Wer eignet sich f\u00fcr Hypnose? - Hypnose Center Baden-W\u00fcrttemberg, Hypnosetherapie- und Ausbildung\",\"isPartOf\":{\"@id\":\"https:\/\/www.hypnose-bw.eu\/#website\"},\"datePublished\":\"2020-02-26T14:46:06+00:00\",\"dateModified\":\"2020-03-19T14:59:25+00:00\",\"breadcrumb\":{\"@id\":\"https:\/\/www.hypnose-bw.eu\/index.php\/hypnose-informationen\/hypnose\/wer-eignet-sich-fuer-hypnose\/#breadcrumb\"},\"inLanguage\":\"de\",\"potentialAction\":[{\"@type\":\"ReadAction\",\"target\":[\"https:\/\/www.hypnose-bw.eu\/index.php\/hypnose-informationen\/hypnose\/wer-eignet-sich-fuer-hypnose\/\"]}]},{\"@type\":\"BreadcrumbList\",\"@id\":\"https:\/\/www.hypnose-bw.eu\/index.php\/hypnose-informationen\/hypnose\/wer-eignet-sich-fuer-hypnose\/#breadcrumb\",\"itemListElement\":[{\"@type\":\"ListItem\",\"position\":1,\"name\":\"Home\",\"item\":\"https:\/\/www.hypnose-bw.eu\/\"},{\"@type\":\"ListItem\",\"position\":2,\"name\":\"Informationen\",\"item\":\"https:\/\/www.hypnose-bw.eu\/index.php\/hypnose-informationen\/\"},{\"@type\":\"ListItem\",\"position\":3,\"name\":\"Hypnose\",\"item\":\"https:\/\/www.hypnose-bw.eu\/index.php\/hypnose-informationen\/hypnose\/\"},{\"@type\":\"ListItem\",\"position\":4,\"name\":\"Wer eignet sich f\u00fcr Hypnose?\"}]},{\"@type\":\"WebSite\",\"@id\":\"https:\/\/www.hypnose-bw.eu\/#website\",\"url\":\"https:\/\/www.hypnose-bw.eu\/\",\"name\":\"Hypnose, Hypnosetherapie und Hypnoseausbildung in Baden-W\u00fcrttemberg\",\"description\":\"Moderne Hypnose bietet heute eine enorme Bandbreite von Anwendungen. Informieren Sie sich auf unseren Seiten zum Thema: Hypnose, Hypnosetherapie und Hypnoseausbildung in Baden-W\u00fcrttemberg.\",\"publisher\":{\"@id\":\"https:\/\/www.hypnose-bw.eu\/#\/schema\/person\/696f9a4168500159d90848a8d0d5cb54\"},\"potentialAction\":[{\"@type\":\"SearchAction\",\"target\":{\"@type\":\"EntryPoint\",\"urlTemplate\":\"https:\/\/www.hypnose-bw.eu\/?s={search_term_string}\"},\"query-input\":{\"@type\":\"PropertyValueSpecification\",\"valueRequired\":true,\"valueName\":\"search_term_string\"}}],\"inLanguage\":\"de\"},{\"@type\":[\"Person\",\"Organization\"],\"@id\":\"https:\/\/www.hypnose-bw.eu\/#\/schema\/person\/696f9a4168500159d90848a8d0d5cb54\",\"name\":\"admin\",\"image\":{\"@type\":\"ImageObject\",\"inLanguage\":\"de\",\"@id\":\"https:\/\/www.hypnose-bw.eu\/#\/schema\/person\/image\/\",\"url\":\"https:\/\/secure.gravatar.com\/avatar\/9c6614c27ceccccabc48687d162e5c06?s=96&d=mm&r=g\",\"contentUrl\":\"https:\/\/secure.gravatar.com\/avatar\/9c6614c27ceccccabc48687d162e5c06?s=96&d=mm&r=g\",\"caption\":\"admin\"},\"logo\":{\"@id\":\"https:\/\/www.hypnose-bw.eu\/#\/schema\/person\/image\/\"}}]}<\/script>\n<!-- \/ Yoast SEO plugin. -->","yoast_head_json":{"title":"Wer eignet sich f\u00fcr Hypnose? - Hypnose Center Baden-W\u00fcrttemberg, Hypnosetherapie- und Ausbildung","robots":{"index":"index","follow":"follow","max-snippet":"max-snippet:-1","max-image-preview":"max-image-preview:large","max-video-preview":"max-video-preview:-1"},"canonical":"https:\/\/www.hypnose-bw.eu\/index.php\/hypnose-informationen\/hypnose\/wer-eignet-sich-fuer-hypnose\/","og_locale":"de_DE","og_type":"article","og_title":"Wer eignet sich f\u00fcr Hypnose? - Hypnose Center Baden-W\u00fcrttemberg, Hypnosetherapie- und Ausbildung","og_description":"Wer eignet sich f\u00fcr die Hypnose?Bin ich \u00fcberhaupt hypnotisierbar? Dies fragen anfangs viele unserer Klienten oder Kursteilnehmer. Man geht heute davon aus da\u00df 98% aller Menschen prinzipell hypnotisierbar sind.\u00a0Es werden allerdings anfangs unterschiedlich tiefe Trancezust\u00e4nde erreicht und einige Hypnotisanden ben\u00f6tigen etwas mehr Zeit und andere auch einige Sitzungen. Ein Gro\u00dfteil aller Menschen ist aber in [&hellip;]","og_url":"https:\/\/www.hypnose-bw.eu\/index.php\/hypnose-informationen\/hypnose\/wer-eignet-sich-fuer-hypnose\/","og_site_name":"Hypnose Center Baden-W\u00fcrttemberg, Hypnosetherapie- und Ausbildung","article_modified_time":"2020-03-19T14:59:25+00:00","twitter_card":"summary_large_image","twitter_misc":{"Gesch\u00e4tzte Lesezeit":"1\u00a0Minute"},"schema":{"@context":"https:\/\/schema.org","@graph":[{"@type":"WebPage","@id":"https:\/\/www.hypnose-bw.eu\/index.php\/hypnose-informationen\/hypnose\/wer-eignet-sich-fuer-hypnose\/","url":"https:\/\/www.hypnose-bw.eu\/index.php\/hypnose-informationen\/hypnose\/wer-eignet-sich-fuer-hypnose\/","name":"Wer eignet sich f\u00fcr Hypnose? - Hypnose Center Baden-W\u00fcrttemberg, Hypnosetherapie- und Ausbildung","isPartOf":{"@id":"https:\/\/www.hypnose-bw.eu\/#website"},"datePublished":"2020-02-26T14:46:06+00:00","dateModified":"2020-03-19T14:59:25+00:00","breadcrumb":{"@id":"https:\/\/www.hypnose-bw.eu\/index.php\/hypnose-informationen\/hypnose\/wer-eignet-sich-fuer-hypnose\/#breadcrumb"},"inLanguage":"de","potentialAction":[{"@type":"ReadAction","target":["https:\/\/www.hypnose-bw.eu\/index.php\/hypnose-informationen\/hypnose\/wer-eignet-sich-fuer-hypnose\/"]}]},{"@type":"BreadcrumbList","@id":"https:\/\/www.hypnose-bw.eu\/index.php\/hypnose-informationen\/hypnose\/wer-eignet-sich-fuer-hypnose\/#breadcrumb","itemListElement":[{"@type":"ListItem","position":1,"name":"Home","item":"https:\/\/www.hypnose-bw.eu\/"},{"@type":"ListItem","position":2,"name":"Informationen","item":"https:\/\/www.hypnose-bw.eu\/index.php\/hypnose-informationen\/"},{"@type":"ListItem","position":3,"name":"Hypnose","item":"https:\/\/www.hypnose-bw.eu\/index.php\/hypnose-informationen\/hypnose\/"},{"@type":"ListItem","position":4,"name":"Wer eignet sich f\u00fcr Hypnose?"}]},{"@type":"WebSite","@id":"https:\/\/www.hypnose-bw.eu\/#website","url":"https:\/\/www.hypnose-bw.eu\/","name":"Hypnose, Hypnosetherapie und Hypnoseausbildung in Baden-W\u00fcrttemberg","description":"Moderne Hypnose bietet heute eine enorme Bandbreite von Anwendungen. Informieren Sie sich auf unseren Seiten zum Thema: Hypnose, Hypnosetherapie und Hypnoseausbildung in Baden-W\u00fcrttemberg.","publisher":{"@id":"https:\/\/www.hypnose-bw.eu\/#\/schema\/person\/696f9a4168500159d90848a8d0d5cb54"},"potentialAction":[{"@type":"SearchAction","target":{"@type":"EntryPoint","urlTemplate":"https:\/\/www.hypnose-bw.eu\/?s={search_term_string}"},"query-input":{"@type":"PropertyValueSpecification","valueRequired":true,"valueName":"search_term_string"}}],"inLanguage":"de"},{"@type":["Person","Organization"],"@id":"https:\/\/www.hypnose-bw.eu\/#\/schema\/person\/696f9a4168500159d90848a8d0d5cb54","name":"admin","image":{"@type":"ImageObject","inLanguage":"de","@id":"https:\/\/www.hypnose-bw.eu\/#\/schema\/person\/image\/","url":"https:\/\/secure.gravatar.com\/avatar\/9c6614c27ceccccabc48687d162e5c06?s=96&d=mm&r=g","contentUrl":"https:\/\/secure.gravatar.com\/avatar\/9c6614c27ceccccabc48687d162e5c06?s=96&d=mm&r=g","caption":"admin"},"logo":{"@id":"https:\/\/www.hypnose-bw.eu\/#\/schema\/person\/image\/"}}]}},"_links":{"self":[{"href":"https:\/\/www.hypnose-bw.eu\/index.php\/wp-json\/wp\/v2\/pages\/152","targetHints":{"allow":["GET"]}}],"collection":[{"href":"https:\/\/www.hypnose-bw.eu\/index.php\/wp-json\/wp\/v2\/pages"}],"about":[{"href":"https:\/\/www.hypnose-bw.eu\/index.php\/wp-json\/wp\/v2\/types\/page"}],"author":[{"embeddable":true,"href":"https:\/\/www.hypnose-bw.eu\/index.php\/wp-json\/wp\/v2\/users\/3"}],"replies":[{"embeddable":true,"href":"https:\/\/www.hypnose-bw.eu\/index.php\/wp-json\/wp\/v2\/comments?post=152"}],"version-history":[{"count":9,"href":"https:\/\/www.hypnose-bw.eu\/index.php\/wp-json\/wp\/v2\/pages\/152\/revisions"}],"predecessor-version":[{"id":1194,"href":"https:\/\/www.hypnose-bw.eu\/index.php\/wp-json\/wp\/v2\/pages\/152\/revisions\/1194"}],"up":[{"embeddable":true,"href":"https:\/\/www.hypnose-bw.eu\/index.php\/wp-json\/wp\/v2\/pages\/58"}],"wp:attachment":[{"href":"https:\/\/www.hypnose-bw.eu\/index.php\/wp-json\/wp\/v2\/media?parent=152"}],"curies":[{"name":"wp","href":"https:\/\/api.w.org\/{rel}","templated":true}]}}