{"id":150,"date":"2020-02-26T14:45:51","date_gmt":"2020-02-26T14:45:51","guid":{"rendered":"https:\/\/www.hypnose-bw.eu\/?page_id=150"},"modified":"2020-03-19T14:59:02","modified_gmt":"2020-03-19T14:59:02","slug":"wie-funktioniert-hypnose","status":"publish","type":"page","link":"https:\/\/www.hypnose-bw.eu\/index.php\/hypnose-informationen\/hypnose\/wie-funktioniert-hypnose\/","title":{"rendered":"Wie funktioniert Hypnose?"},"content":{"rendered":"<p>[et_pb_section fb_built=&#8220;1&#8243; _builder_version=&#8220;3.22&#8243; custom_padding=&#8220;1px|||||&#8220;][et_pb_row _builder_version=&#8220;4.4.0&#8243; module_alignment=&#8220;center&#8220; custom_margin=&#8220;|auto||180px||&#8220; custom_padding=&#8220;30px|||||&#8220;][et_pb_column type=&#8220;4_4&#8243; _builder_version=&#8220;4.3.4&#8243;][et_pb_divider color=&#8220;#5d9d8b&#8220; divider_weight=&#8220;2px&#8220; _builder_version=&#8220;4.3.4&#8243; transform_translate=&#8220;0px|10px&#8220; transform_translate_linked=&#8220;off&#8220; width=&#8220;10%&#8220; module_alignment=&#8220;center&#8220; custom_margin=&#8220;|||493px||&#8220;][\/et_pb_divider][et_pb_text _builder_version=&#8220;4.4.0&#8243; text_font=&#8220;Barlow||||||||&#8220; text_text_color=&#8220;#5D9D8B&#8220; header_font=&#8220;Barlow||||||||&#8220; header_text_color=&#8220;#024669&#8243; custom_margin=&#8220;||29px|||&#8220; custom_padding=&#8220;0px||0px|||&#8220; saved_tabs=&#8220;all&#8220; inline_fonts=&#8220;Roboto Slab&#8220;]<\/p>\n<p style=\"text-align: center;\"><span style=\"font-size: xx-large; font-family: 'Roboto Slab';\">Wie funktioniert Hypnose?<\/span><\/p>\n<p>[\/et_pb_text][et_pb_text _builder_version=&#8220;4.4.0&#8243; text_font=&#8220;|300|||||||&#8220; text_text_color=&#8220;#666666&#8243; text_font_size=&#8220;20px&#8220; text_line_height=&#8220;1.5em&#8220; header_2_font=&#8220;Barlow||||||||&#8220; custom_margin=&#8220;-1px||-1px||true|&#8220; custom_padding=&#8220;3px||5px|||&#8220; hover_enabled=&#8220;0&#8243; text_font_size_tablet=&#8220;18px&#8220; text_font_size_phone=&#8220;16px&#8220; text_font_size_last_edited=&#8220;on|phone&#8220;]<\/p>\n<p>Jeder der schon einmal versucht hat abzunehmen oder das Rauchen aufzuh\u00f6ren wei\u00df genau mit wie viel Anstrengung dies verbunden ist.\u00a0Es ist nicht einfach nur mit dem Willen eine gewollte Ver\u00e4nderung durchzusetzen und wirklich solange durchzuhalten bis unser Unterbewusstsein das neue Verhaltensmuster akzeptiert.\u00a0Eine nat\u00fcrliche Schutzfunktion unseres Gehirn filtert von Au\u00dfen eintretende Einfl\u00fcsse, bewertet diese und letztendlich erfolgt eine Selektion bzw. Akzeptanz von einigen. Im Durchschnitt wird es mit jedem Lebensjahr immer aufwendiger etablierte Angewohnheiten zu \u00e4ndern. Zum einen weil diese schon Jahre genau so ausgef\u00fchrt werden, zum anderen weil unser Unterbewusstsein auf immer mehr gelernte und festsitzende Erfahrungswerte zur\u00fcckgreifen kann.\u00a0Fast jeder hat sicherlich die eine oder andere Erfahrung mit Verhaltensmuster oder Angewohnheiten bereits durchlaufen und wurde mit dem allgemein bekannten JoJo-Effekt konfrontiert.\u00a0Dies ist eigentlich auch nicht au\u00dfergew\u00f6hnlich denn im Vergleich zwischen Wille und Unterbewusstsein stehen sich sehr ungleiche Parteien gegen \u00fcber und normalerweise gewinnt immer das Unterbewusstsein.<br \/> Prinzipiell ist unser Unterbewusstsein nicht einfach so bereit Ver\u00e4nderungen zuzulassen, vielmals Bedarf es einer grundlegenden \u00c4nderung der Sichtweise oder wirkliche Gr\u00fcnde um Ver\u00e4nderungen einzuleiten. Und sehr oft unterscheiden sich die Gr\u00fcnde die ein Klient im Vorgespr\u00e4ch nennt von den Gr\u00fcnden die w\u00e4hrend der Hypnosesitzung zum Vorschein kommen.<\/p>\n<p><em><strong>Wie sag ich`s meinem Unterbewusstsein?<\/strong><\/em><br \/> Stellen Sie sich nun mal vor, es w\u00e4re m\u00f6glich dieses Filter bzw. den kritischen Faktor in einem Zeitfenster selbst so zu beeinflussen dass Ihre gew\u00fcnschten \u00c4nderungen akzeptiert und dauerhaft verankert werden. W\u00fcrden Sie dies tun? Wie wichtig sind Ihnen Ihre Ziele?<\/p>\n<p><em><strong>Was kann Hypnose an dieser Stelle tun?<\/strong><\/em><br \/> Die hypnotischen Trance hat die Eigenschaft dass der Hypnotisand mit zunehmender Trancetiefe immer suggestibler wird und es Ihm gleichzeitig immer leichter f\u00e4llt \u00c4nderungen im Unterbewusstsein zu akzeptieren.\u00a0Vereinfacht ausgedr\u00fcckt \u00f6ffnet sich im Filter bzw. dem kritischen Faktor ein selektiver Pfad der die gew\u00fcnschten Suggestionen passieren l\u00e4sst.\u00a0Gleichzeitig erm\u00f6glicht das erh\u00f6hte Erinnerungsverm\u00f6gen \u00fcber eine Reggression auch neue Sichtweisen auf alte unbewusste Muster auf die im normalen Bewusstsein kein Zugriff mehr besteht.\u00a0An diesen und vielen weiteren Stellen setzt Hypnosetherapie und <a href=\"file:\/\/\/glossar\/17-Hypnose.html#17\" title=\"\">Hypnose<\/a> Coaching an und er\u00f6ffnet vielf\u00e4ltige Anwendungsgebiete wie Raucherentw\u00f6hung, Gewichtsreduzierung, Tiefenentspannung, Stressbew\u00e4ltigung, Sporthypnose und Motivationstraining, Blockaden l\u00f6sen und viele weitere.<\/p>\n<p>So wie viele andere werden Sie sich fragen &#8211; funktioniert das auch bei mir &#8211; ist jeder Mensch hypnotisierbar ? Wirklich eine sehr interessante Frage, lesen Sie hierzu die n\u00e4chste Seite, <a title=\"Wer eignet sich f\u00fcr die Hypnose ?\" href=\"file:\/\/\/hypnose-informationen\/hypnose\/wer-eignet-sich-fuer-die-hypnose.html\">wer eignet sich f\u00fcr die Hypnosetherapie oder das Hypnose Coaching.<\/a><\/p>\n<p>&nbsp;<\/p>\n<p>&nbsp;<\/p>\n<p>[\/et_pb_text][\/et_pb_column][\/et_pb_row][\/et_pb_section]<\/p>\n","protected":false},"excerpt":{"rendered":"<p>Wie funktioniert Hypnose?Jeder der schon einmal versucht hat abzunehmen oder das Rauchen aufzuh\u00f6ren wei\u00df genau mit wie viel Anstrengung dies verbunden ist.\u00a0Es ist nicht einfach nur mit dem Willen eine gewollte Ver\u00e4nderung durchzusetzen und wirklich solange durchzuhalten bis unser Unterbewusstsein das neue Verhaltensmuster akzeptiert.\u00a0Eine nat\u00fcrliche Schutzfunktion unseres Gehirn filtert von Au\u00dfen eintretende Einfl\u00fcsse, bewertet diese [&hellip;]<\/p>\n","protected":false},"author":3,"featured_media":0,"parent":58,"menu_order":0,"comment_status":"closed","ping_status":"closed","template":"","meta":{"_et_pb_use_builder":"on","_et_pb_old_content":"","_et_gb_content_width":"","footnotes":""},"class_list":["post-150","page","type-page","status-publish","hentry"],"yoast_head":"<!-- This site is optimized with the Yoast SEO plugin v24.1 - https:\/\/yoast.com\/wordpress\/plugins\/seo\/ -->\n<title>Wie funktioniert Hypnose? - Hypnose Center Baden-W\u00fcrttemberg, Hypnosetherapie- und Ausbildung<\/title>\n<meta name=\"robots\" content=\"index, follow, max-snippet:-1, max-image-preview:large, max-video-preview:-1\" \/>\n<link rel=\"canonical\" href=\"https:\/\/www.hypnose-bw.eu\/index.php\/hypnose-informationen\/hypnose\/wie-funktioniert-hypnose\/\" \/>\n<meta property=\"og:locale\" content=\"de_DE\" \/>\n<meta property=\"og:type\" content=\"article\" \/>\n<meta property=\"og:title\" content=\"Wie funktioniert Hypnose? - Hypnose Center Baden-W\u00fcrttemberg, Hypnosetherapie- und Ausbildung\" \/>\n<meta property=\"og:description\" content=\"Wie funktioniert Hypnose?Jeder der schon einmal versucht hat abzunehmen oder das Rauchen aufzuh\u00f6ren wei\u00df genau mit wie viel Anstrengung dies verbunden ist.\u00a0Es ist nicht einfach nur mit dem Willen eine gewollte Ver\u00e4nderung durchzusetzen und wirklich solange durchzuhalten bis unser Unterbewusstsein das neue Verhaltensmuster akzeptiert.\u00a0Eine nat\u00fcrliche Schutzfunktion unseres Gehirn filtert von Au\u00dfen eintretende Einfl\u00fcsse, bewertet diese [&hellip;]\" \/>\n<meta property=\"og:url\" content=\"https:\/\/www.hypnose-bw.eu\/index.php\/hypnose-informationen\/hypnose\/wie-funktioniert-hypnose\/\" \/>\n<meta property=\"og:site_name\" content=\"Hypnose Center Baden-W\u00fcrttemberg, Hypnosetherapie- und Ausbildung\" \/>\n<meta property=\"article:modified_time\" content=\"2020-03-19T14:59:02+00:00\" \/>\n<meta name=\"twitter:card\" content=\"summary_large_image\" \/>\n<meta name=\"twitter:label1\" content=\"Gesch\u00e4tzte Lesezeit\" \/>\n\t<meta name=\"twitter:data1\" content=\"3\u00a0Minuten\" \/>\n<script type=\"application\/ld+json\" class=\"yoast-schema-graph\">{\"@context\":\"https:\/\/schema.org\",\"@graph\":[{\"@type\":\"WebPage\",\"@id\":\"https:\/\/www.hypnose-bw.eu\/index.php\/hypnose-informationen\/hypnose\/wie-funktioniert-hypnose\/\",\"url\":\"https:\/\/www.hypnose-bw.eu\/index.php\/hypnose-informationen\/hypnose\/wie-funktioniert-hypnose\/\",\"name\":\"Wie funktioniert Hypnose? - Hypnose Center Baden-W\u00fcrttemberg, Hypnosetherapie- und Ausbildung\",\"isPartOf\":{\"@id\":\"https:\/\/www.hypnose-bw.eu\/#website\"},\"datePublished\":\"2020-02-26T14:45:51+00:00\",\"dateModified\":\"2020-03-19T14:59:02+00:00\",\"breadcrumb\":{\"@id\":\"https:\/\/www.hypnose-bw.eu\/index.php\/hypnose-informationen\/hypnose\/wie-funktioniert-hypnose\/#breadcrumb\"},\"inLanguage\":\"de\",\"potentialAction\":[{\"@type\":\"ReadAction\",\"target\":[\"https:\/\/www.hypnose-bw.eu\/index.php\/hypnose-informationen\/hypnose\/wie-funktioniert-hypnose\/\"]}]},{\"@type\":\"BreadcrumbList\",\"@id\":\"https:\/\/www.hypnose-bw.eu\/index.php\/hypnose-informationen\/hypnose\/wie-funktioniert-hypnose\/#breadcrumb\",\"itemListElement\":[{\"@type\":\"ListItem\",\"position\":1,\"name\":\"Home\",\"item\":\"https:\/\/www.hypnose-bw.eu\/\"},{\"@type\":\"ListItem\",\"position\":2,\"name\":\"Informationen\",\"item\":\"https:\/\/www.hypnose-bw.eu\/index.php\/hypnose-informationen\/\"},{\"@type\":\"ListItem\",\"position\":3,\"name\":\"Hypnose\",\"item\":\"https:\/\/www.hypnose-bw.eu\/index.php\/hypnose-informationen\/hypnose\/\"},{\"@type\":\"ListItem\",\"position\":4,\"name\":\"Wie funktioniert Hypnose?\"}]},{\"@type\":\"WebSite\",\"@id\":\"https:\/\/www.hypnose-bw.eu\/#website\",\"url\":\"https:\/\/www.hypnose-bw.eu\/\",\"name\":\"Hypnose, Hypnosetherapie und Hypnoseausbildung in Baden-W\u00fcrttemberg\",\"description\":\"Moderne Hypnose bietet heute eine enorme Bandbreite von Anwendungen. Informieren Sie sich auf unseren Seiten zum Thema: Hypnose, Hypnosetherapie und Hypnoseausbildung in Baden-W\u00fcrttemberg.\",\"publisher\":{\"@id\":\"https:\/\/www.hypnose-bw.eu\/#\/schema\/person\/696f9a4168500159d90848a8d0d5cb54\"},\"potentialAction\":[{\"@type\":\"SearchAction\",\"target\":{\"@type\":\"EntryPoint\",\"urlTemplate\":\"https:\/\/www.hypnose-bw.eu\/?s={search_term_string}\"},\"query-input\":{\"@type\":\"PropertyValueSpecification\",\"valueRequired\":true,\"valueName\":\"search_term_string\"}}],\"inLanguage\":\"de\"},{\"@type\":[\"Person\",\"Organization\"],\"@id\":\"https:\/\/www.hypnose-bw.eu\/#\/schema\/person\/696f9a4168500159d90848a8d0d5cb54\",\"name\":\"admin\",\"image\":{\"@type\":\"ImageObject\",\"inLanguage\":\"de\",\"@id\":\"https:\/\/www.hypnose-bw.eu\/#\/schema\/person\/image\/\",\"url\":\"https:\/\/secure.gravatar.com\/avatar\/9c6614c27ceccccabc48687d162e5c06?s=96&d=mm&r=g\",\"contentUrl\":\"https:\/\/secure.gravatar.com\/avatar\/9c6614c27ceccccabc48687d162e5c06?s=96&d=mm&r=g\",\"caption\":\"admin\"},\"logo\":{\"@id\":\"https:\/\/www.hypnose-bw.eu\/#\/schema\/person\/image\/\"}}]}<\/script>\n<!-- \/ Yoast SEO plugin. -->","yoast_head_json":{"title":"Wie funktioniert Hypnose? - Hypnose Center Baden-W\u00fcrttemberg, Hypnosetherapie- und Ausbildung","robots":{"index":"index","follow":"follow","max-snippet":"max-snippet:-1","max-image-preview":"max-image-preview:large","max-video-preview":"max-video-preview:-1"},"canonical":"https:\/\/www.hypnose-bw.eu\/index.php\/hypnose-informationen\/hypnose\/wie-funktioniert-hypnose\/","og_locale":"de_DE","og_type":"article","og_title":"Wie funktioniert Hypnose? - Hypnose Center Baden-W\u00fcrttemberg, Hypnosetherapie- und Ausbildung","og_description":"Wie funktioniert Hypnose?Jeder der schon einmal versucht hat abzunehmen oder das Rauchen aufzuh\u00f6ren wei\u00df genau mit wie viel Anstrengung dies verbunden ist.\u00a0Es ist nicht einfach nur mit dem Willen eine gewollte Ver\u00e4nderung durchzusetzen und wirklich solange durchzuhalten bis unser Unterbewusstsein das neue Verhaltensmuster akzeptiert.\u00a0Eine nat\u00fcrliche Schutzfunktion unseres Gehirn filtert von Au\u00dfen eintretende Einfl\u00fcsse, bewertet diese [&hellip;]","og_url":"https:\/\/www.hypnose-bw.eu\/index.php\/hypnose-informationen\/hypnose\/wie-funktioniert-hypnose\/","og_site_name":"Hypnose Center Baden-W\u00fcrttemberg, Hypnosetherapie- und Ausbildung","article_modified_time":"2020-03-19T14:59:02+00:00","twitter_card":"summary_large_image","twitter_misc":{"Gesch\u00e4tzte Lesezeit":"3\u00a0Minuten"},"schema":{"@context":"https:\/\/schema.org","@graph":[{"@type":"WebPage","@id":"https:\/\/www.hypnose-bw.eu\/index.php\/hypnose-informationen\/hypnose\/wie-funktioniert-hypnose\/","url":"https:\/\/www.hypnose-bw.eu\/index.php\/hypnose-informationen\/hypnose\/wie-funktioniert-hypnose\/","name":"Wie funktioniert Hypnose? - Hypnose Center Baden-W\u00fcrttemberg, Hypnosetherapie- und Ausbildung","isPartOf":{"@id":"https:\/\/www.hypnose-bw.eu\/#website"},"datePublished":"2020-02-26T14:45:51+00:00","dateModified":"2020-03-19T14:59:02+00:00","breadcrumb":{"@id":"https:\/\/www.hypnose-bw.eu\/index.php\/hypnose-informationen\/hypnose\/wie-funktioniert-hypnose\/#breadcrumb"},"inLanguage":"de","potentialAction":[{"@type":"ReadAction","target":["https:\/\/www.hypnose-bw.eu\/index.php\/hypnose-informationen\/hypnose\/wie-funktioniert-hypnose\/"]}]},{"@type":"BreadcrumbList","@id":"https:\/\/www.hypnose-bw.eu\/index.php\/hypnose-informationen\/hypnose\/wie-funktioniert-hypnose\/#breadcrumb","itemListElement":[{"@type":"ListItem","position":1,"name":"Home","item":"https:\/\/www.hypnose-bw.eu\/"},{"@type":"ListItem","position":2,"name":"Informationen","item":"https:\/\/www.hypnose-bw.eu\/index.php\/hypnose-informationen\/"},{"@type":"ListItem","position":3,"name":"Hypnose","item":"https:\/\/www.hypnose-bw.eu\/index.php\/hypnose-informationen\/hypnose\/"},{"@type":"ListItem","position":4,"name":"Wie funktioniert Hypnose?"}]},{"@type":"WebSite","@id":"https:\/\/www.hypnose-bw.eu\/#website","url":"https:\/\/www.hypnose-bw.eu\/","name":"Hypnose, Hypnosetherapie und Hypnoseausbildung in Baden-W\u00fcrttemberg","description":"Moderne Hypnose bietet heute eine enorme Bandbreite von Anwendungen. Informieren Sie sich auf unseren Seiten zum Thema: Hypnose, Hypnosetherapie und Hypnoseausbildung in Baden-W\u00fcrttemberg.","publisher":{"@id":"https:\/\/www.hypnose-bw.eu\/#\/schema\/person\/696f9a4168500159d90848a8d0d5cb54"},"potentialAction":[{"@type":"SearchAction","target":{"@type":"EntryPoint","urlTemplate":"https:\/\/www.hypnose-bw.eu\/?s={search_term_string}"},"query-input":{"@type":"PropertyValueSpecification","valueRequired":true,"valueName":"search_term_string"}}],"inLanguage":"de"},{"@type":["Person","Organization"],"@id":"https:\/\/www.hypnose-bw.eu\/#\/schema\/person\/696f9a4168500159d90848a8d0d5cb54","name":"admin","image":{"@type":"ImageObject","inLanguage":"de","@id":"https:\/\/www.hypnose-bw.eu\/#\/schema\/person\/image\/","url":"https:\/\/secure.gravatar.com\/avatar\/9c6614c27ceccccabc48687d162e5c06?s=96&d=mm&r=g","contentUrl":"https:\/\/secure.gravatar.com\/avatar\/9c6614c27ceccccabc48687d162e5c06?s=96&d=mm&r=g","caption":"admin"},"logo":{"@id":"https:\/\/www.hypnose-bw.eu\/#\/schema\/person\/image\/"}}]}},"_links":{"self":[{"href":"https:\/\/www.hypnose-bw.eu\/index.php\/wp-json\/wp\/v2\/pages\/150","targetHints":{"allow":["GET"]}}],"collection":[{"href":"https:\/\/www.hypnose-bw.eu\/index.php\/wp-json\/wp\/v2\/pages"}],"about":[{"href":"https:\/\/www.hypnose-bw.eu\/index.php\/wp-json\/wp\/v2\/types\/page"}],"author":[{"embeddable":true,"href":"https:\/\/www.hypnose-bw.eu\/index.php\/wp-json\/wp\/v2\/users\/3"}],"replies":[{"embeddable":true,"href":"https:\/\/www.hypnose-bw.eu\/index.php\/wp-json\/wp\/v2\/comments?post=150"}],"version-history":[{"count":7,"href":"https:\/\/www.hypnose-bw.eu\/index.php\/wp-json\/wp\/v2\/pages\/150\/revisions"}],"predecessor-version":[{"id":1193,"href":"https:\/\/www.hypnose-bw.eu\/index.php\/wp-json\/wp\/v2\/pages\/150\/revisions\/1193"}],"up":[{"embeddable":true,"href":"https:\/\/www.hypnose-bw.eu\/index.php\/wp-json\/wp\/v2\/pages\/58"}],"wp:attachment":[{"href":"https:\/\/www.hypnose-bw.eu\/index.php\/wp-json\/wp\/v2\/media?parent=150"}],"curies":[{"name":"wp","href":"https:\/\/api.w.org\/{rel}","templated":true}]}}