{"id":116,"date":"2020-02-26T13:17:15","date_gmt":"2020-02-26T13:17:15","guid":{"rendered":"https:\/\/www.hypnose-bw.eu\/?page_id=116"},"modified":"2020-04-07T11:48:19","modified_gmt":"2020-04-07T11:48:19","slug":"startseite","status":"publish","type":"page","link":"https:\/\/www.hypnose-bw.eu\/","title":{"rendered":"Startseite"},"content":{"rendered":"<p>[et_pb_section fb_built=&#8220;1&#8243; _builder_version=&#8220;4.4.0&#8243; background_image=&#8220;https:\/\/www.hypnose-bw.eu\/wp-content\/uploads\/2020\/03\/bright-white-clouds_v06.01.png&#8220; parallax=&#8220;on&#8220; custom_padding=&#8220;||0px|||&#8220;][et_pb_row _builder_version=&#8220;4.4.0&#8243; transform_scale_tablet=&#8220;&#8220; transform_scale_phone=&#8220;&#8220; transform_scale_last_edited=&#8220;on|desktop&#8220; transform_translate_tablet=&#8220;&#8220; transform_translate_phone=&#8220;&#8220; transform_translate_last_edited=&#8220;on|desktop&#8220; transform_translate_linked=&#8220;off&#8220; transform_rotate_tablet=&#8220;&#8220; transform_rotate_phone=&#8220;&#8220; transform_rotate_last_edited=&#8220;on|desktop&#8220; transform_skew_tablet=&#8220;&#8220; transform_skew_phone=&#8220;&#8220; transform_skew_last_edited=&#8220;on|desktop&#8220; transform_origin_tablet=&#8220;&#8220; transform_origin_phone=&#8220;&#8220; transform_origin_last_edited=&#8220;on|desktop&#8220; transform_styles_last_edited=&#8220;on|desktop&#8220; width=&#8220;100%&#8220; max_width=&#8220;80%&#8220; max_width_tablet=&#8220;90%&#8220; max_width_phone=&#8220;&#8220; max_width_last_edited=&#8220;on|desktop&#8220; custom_margin=&#8220;60px|auto|60px|auto||&#8220; custom_margin_tablet=&#8220;&#8220; custom_margin_phone=&#8220;-30px||0px||false|false&#8220; custom_margin_last_edited=&#8220;on|phone&#8220; custom_padding=&#8220;0px|0px|0px||false|false&#8220; transform_styles_tablet=&#8220;&#8220; transform_styles_phone=&#8220;&#8220;][et_pb_column type=&#8220;4_4&#8243; _builder_version=&#8220;4.4.0&#8243;][et_pb_text content_tablet=&#8220;&#8220; content_phone=&#8220;<\/p>\n<h3><span style=%22font-family: inherit; font-size: xx-large;%22><span style=%22font-size: x-large;%22>Herzlich willkommen beim Hypnose Center <\/span><\/span><span style=%22font-family: inherit; font-size: xx-large;%22><span style=%22font-size: x-large;%22>Baden-W\u00fcrttemberg<\/span><br \/> <\/span><\/h3>\n<p>Ich freue mich Sie auf der Webseite des Hypnose Centers begr\u00fcssen zu d\u00fcrfen.<br \/> Ihrem Partner f\u00fcr Hypnose in Baden-W\u00fcrttemberg.<br \/> Auf dieser Seite finden Sie Informationen \u00fcber die M\u00f6glichkeiten und Anwendungen der modernen Hypnosetherapie. Des Weiteren haben Sie die M\u00f6glichkeit sich selbst zur Hypnoseausbildung anzumelden.<\/p>\n<p><span style=%22font-family: inherit;%22>Ihr Andreas Wehrle<br \/> Hypnose Center Baden-W\u00fcrttemberg<\/span><\/p>\n<p>&#8220; content_last_edited=&#8220;on|desktop&#8220; _builder_version=&#8220;4.4.0&#8243; text_font=&#8220;Roboto Slab||||||||&#8220; text_text_color=&#8220;#ffffff&#8220; text_font_size=&#8220;18px&#8220; text_line_height=&#8220;1.5em&#8220; header_font=&#8220;Roboto Slab|300|||||||&#8220; header_text_color=&#8220;#ffffff&#8220; header_font_size=&#8220;23px&#8220; header_line_height=&#8220;1.2em&#8220; header_2_font=&#8220;Roboto Slab||||||||&#8220; header_2_text_color=&#8220;#ffffff&#8220; header_2_font_size=&#8220;19px&#8220; header_2_line_height=&#8220;1.4em&#8220; header_3_font=&#8220;Roboto Slab||||||||&#8220; header_3_text_align=&#8220;left&#8220; header_3_text_color=&#8220;#ffffff&#8220; header_3_font_size=&#8220;14px&#8220; header_3_line_height=&#8220;1.6em&#8220; background_color=&#8220;#5d9d8b&#8220; transform_scale_tablet=&#8220;&#8220; transform_scale_phone=&#8220;&#8220; transform_scale_last_edited=&#8220;on|desktop&#8220; transform_translate=&#8220;0px|5%&#8220; transform_translate_tablet=&#8220;&#8220; transform_translate_phone=&#8220;&#8220; transform_translate_last_edited=&#8220;on|desktop&#8220; transform_translate_linked=&#8220;off&#8220; transform_rotate_tablet=&#8220;&#8220; transform_rotate_phone=&#8220;&#8220; transform_rotate_last_edited=&#8220;on|desktop&#8220; transform_skew_tablet=&#8220;&#8220; transform_skew_phone=&#8220;&#8220; transform_skew_last_edited=&#8220;on|desktop&#8220; transform_origin_tablet=&#8220;&#8220; transform_origin_phone=&#8220;&#8220; transform_origin_last_edited=&#8220;on|desktop&#8220; transform_styles_last_edited=&#8220;on|desktop&#8220; custom_margin=&#8220;0px||0px||false|false&#8220; custom_margin_tablet=&#8220;&#8220; custom_margin_phone=&#8220;&#8220; custom_margin_last_edited=&#8220;on|phone&#8220; custom_padding=&#8220;6%|6px|6%|6%|false|false&#8220; filter_opacity=&#8220;90%&#8220; animation_style=&#8220;slide&#8220; animation_direction=&#8220;left&#8220; animation_intensity_slide=&#8220;1%&#8220; text_text_color_tablet=&#8220;&#8220; text_text_color_phone=&#8220;&#8220; text_text_color_last_edited=&#8220;on|desktop&#8220; text_font_size_tablet=&#8220;16px&#8220; text_font_size_phone=&#8220;14px&#8220; text_font_size_last_edited=&#8220;on|tablet&#8220; header_3_font_tablet=&#8220;&#8220; header_3_font_phone=&#8220;&#8220; header_3_font_last_edited=&#8220;on|phone&#8220; header_3_font_size_tablet=&#8220;&#8220; header_3_font_size_phone=&#8220;16px&#8220; header_3_font_size_last_edited=&#8220;on|phone&#8220; transform_styles_tablet=&#8220;&#8220; transform_styles_phone=&#8220;&#8220; box_shadow_style=&#8220;preset1&#8243;]<\/p>\n<h2><span style=\"font-family: inherit; font-size: xx-large;\"><span style=\"font-size: x-large;\">Herzlich willkommen beim Hypnose Center Baden-W\u00fcrttemberg<\/p>\n<p><\/span><\/span><\/h2>\n<p>Ich freue mich Sie auf der Webseite des Hypnose Centers begr\u00fcssen zu d\u00fcrfen.<br \/> Ihrem Partner f\u00fcr Hypnose in Baden-W\u00fcrttemberg.<br \/> Auf dieser Seite finden Sie Informationen \u00fcber die M\u00f6glichkeiten und Anwendungen der modernen Hypnosetherapie.<br \/> Des Weiteren haben Sie die M\u00f6glichkeit sich selbst zur Hypnoseausbildung anzumelden.<\/p>\n<p><span style=\"font-family: inherit;\">Ihr Andreas Wehrle<br \/> Hypnose Center Baden-W\u00fcrttemberg<\/span><\/p>\n<p>[\/et_pb_text][\/et_pb_column][\/et_pb_row][\/et_pb_section][et_pb_section fb_built=&#8220;1&#8243; _builder_version=&#8220;4.4.0&#8243; background_color=&#8220;rgba(0,0,0,0)&#8220; background_enable_image=&#8220;off&#8220; custom_margin=&#8220;-3px|||||&#8220; custom_padding=&#8220;100px||100px||true|&#8220;][et_pb_row _builder_version=&#8220;4.4.0&#8243; module_alignment=&#8220;center&#8220; custom_padding=&#8220;0px||26px|||&#8220;][et_pb_column type=&#8220;4_4&#8243; _builder_version=&#8220;4.3.4&#8243;][et_pb_divider color=&#8220;#5D9D8B&#8220; divider_weight=&#8220;3px&#8220; _builder_version=&#8220;4.4.2&#8243; transform_translate=&#8220;0px|10px&#8220; transform_translate_linked=&#8220;off&#8220; width=&#8220;10%&#8220; module_alignment=&#8220;center&#8220; custom_margin=&#8220;|||493px||&#8220; saved_tabs=&#8220;all&#8220;][\/et_pb_divider][et_pb_text content_tablet=&#8220;&#8220; content_phone=&#8220;&#8220; content_last_edited=&#8220;on|tablet&#8220; _builder_version=&#8220;4.4.2&#8243; text_font=&#8220;Roboto Slab||||||||&#8220; text_text_color=&#8220;#5D9D8B&#8220; header_font=&#8220;Roboto Slab||||||||&#8220; header_text_color=&#8220;#024669&#8243; custom_margin=&#8220;||-23px|||&#8220; custom_padding=&#8220;0px||0px|||&#8220; hover_enabled=&#8220;0&#8243; saved_tabs=&#8220;all&#8220;]<\/p>\n<p style=\"text-align: center;\"><span style=\"font-size: xx-large; font-family: inherit; font-weight: normal;\">\u00a0Anwendungsbeispiele\u00a0einer Hypnosetherapie<\/span><\/p>\n<p style=\"text-align: center;\"><span style=\"font-size: xx-large; font-family: Barlow;\"><\/span><\/p>\n<p>[\/et_pb_text][et_pb_text _builder_version=&#8220;4.4.2&#8243; text_font=&#8220;|300|||||||&#8220; text_font_size=&#8220;20px&#8220; text_line_height=&#8220;1.5em&#8220; custom_padding=&#8220;31px|||||&#8220; text_font_size_tablet=&#8220;18px&#8220; text_font_size_phone=&#8220;16px&#8220; text_font_size_last_edited=&#8220;on|desktop&#8220;]<\/p>\n<p>Moderne Hypnose bietet heute eine gro\u00dfe Bandbreite von Anwendungen. Informieren Sie sich auf unseren Seiten zum Thema: Hypnose, Hypnosetherapie und Hypnoseausbildung in Baden-W\u00fcrttemberg.<br \/> Mit Hilfe der Hypnosetherapie k\u00f6nnen Sie lernen, Ihr inneres Gleichgewicht zu finden. Sie lernen au\u00dferdem die psychischen Blockaden oder auch Muster aus der Kindheit nach und nach zu l\u00f6sen und dadurch auch die k\u00f6rperlichen Beschwerden zu lindern.\u00a0Die <a href=\"https:\/\/www.hypnose-bw.eu\/index.php\/informationen\/hypnose\/\" target=\"_blank\" rel=\"noopener noreferrer\">Hypnosetherapie<\/a> bietet die M\u00f6glichkeit, Probleme zu \u00fcberwinden sowie bestimmte Ziele schneller und einfacher zu erreichen.<\/p>\n<p>Sie m\u00f6chten endlich aufh\u00f6ren zu rauchen? Sie m\u00f6chten entspannt in eine Pr\u00fcfung gehen?<br \/> Sich m\u00f6chten Ihr Gewicht reduzieren oder generell Blockaden l\u00f6sen?<br \/> Die Hypnosetherapie kann Sie dabei unterst\u00fctzen diese Ziele zu erreichen.<\/p>\n<p>[\/et_pb_text][\/et_pb_column][\/et_pb_row][et_pb_row column_structure=&#8220;1_2,1_2&#8243; _builder_version=&#8220;4.3.4&#8243; custom_margin=&#8220;0px|auto||auto||&#8220; custom_padding=&#8220;45px|||||&#8220;][et_pb_column type=&#8220;1_2&#8243; _builder_version=&#8220;4.3.4&#8243;][et_pb_image src=&#8220;https:\/\/www.hypnose-bw.eu\/wp-content\/uploads\/2020\/03\/01-3.png&#8220; _builder_version=&#8220;4.4.0&#8243; box_shadow_style=&#8220;preset1&#8243;][\/et_pb_image][\/et_pb_column][et_pb_column type=&#8220;1_2&#8243; _builder_version=&#8220;4.3.4&#8243;][et_pb_image src=&#8220;https:\/\/www.hypnose-bw.eu\/wp-content\/uploads\/2020\/03\/02-3.png&#8220; _builder_version=&#8220;4.4.0&#8243; box_shadow_style=&#8220;preset1&#8243;][\/et_pb_image][\/et_pb_column][\/et_pb_row][et_pb_row column_structure=&#8220;1_2,1_2&#8243; _builder_version=&#8220;4.3.4&#8243; min_height=&#8220;499px&#8220; custom_padding=&#8220;||50px|||&#8220;][et_pb_column type=&#8220;1_2&#8243; _builder_version=&#8220;4.3.4&#8243;][et_pb_image src=&#8220;https:\/\/www.hypnose-bw.eu\/wp-content\/uploads\/2020\/03\/03-3.png&#8220; _builder_version=&#8220;4.4.0&#8243; custom_margin=&#8220;||12px|||&#8220; box_shadow_style=&#8220;preset1&#8243;][\/et_pb_image][\/et_pb_column][et_pb_column type=&#8220;1_2&#8243; _builder_version=&#8220;4.3.4&#8243;][et_pb_image src=&#8220;https:\/\/www.hypnose-bw.eu\/wp-content\/uploads\/2020\/03\/04-3.png&#8220; _builder_version=&#8220;4.4.0&#8243; box_shadow_style=&#8220;preset1&#8243;][\/et_pb_image][\/et_pb_column][\/et_pb_row][et_pb_row _builder_version=&#8220;4.4.0&#8243;][et_pb_column type=&#8220;4_4&#8243; _builder_version=&#8220;4.4.0&#8243;][et_pb_text _builder_version=&#8220;4.4.0&#8243; text_font=&#8220;Barlow||||||||&#8220; text_text_color=&#8220;#5D9D8B&#8220; header_font=&#8220;Barlow||||||||&#8220; header_text_color=&#8220;#024669&#8243; custom_margin=&#8220;||29px|||&#8220; custom_padding=&#8220;0px||0px|||&#8220; saved_tabs=&#8220;all&#8220; inline_fonts=&#8220;Roboto Slab&#8220;]<\/p>\n<p style=\"text-align: center;\"><span style=\"font-size: xx-large; font-family: 'Roboto Slab';\">Haben wir Ihr Interesse geweckt?<\/span><\/p>\n<p>[\/et_pb_text][et_pb_text _builder_version=&#8220;4.4.0&#8243; text_font=&#8220;|300|||||||&#8220; text_font_size=&#8220;20px&#8220; text_line_height=&#8220;1.5em&#8220; text_font_size_tablet=&#8220;18px&#8220; text_font_size_phone=&#8220;16px&#8220; text_font_size_last_edited=&#8220;on|desktop&#8220;]<\/p>\n<p><span>Dann beginnen Sie jetzt mit dem ersten Schritt und informieren sich unverbindlich auf unserer Seite zum Thema <a href=\"https:\/\/www.hypnose-bw.eu\/index.php\/informationen\/hypnose\/\" target=\"_blank\" rel=\"noopener noreferrer\" title=\"Hypnose\">Hypnose<\/a> und deren <a href=\"https:\/\/www.hypnose-bw.eu\/index.php\/informationen\/anwendungsbeispiele\/\" target=\"_blank\" rel=\"noopener noreferrer\" title=\"Anwendungsgebiete\">Anwendungsgebiete<\/a>, unserem\u00a0Seminar- und Kursangebot sowie \u00fcber die <a href=\"https:\/\/www.hypnose-bw.eu\/index.php\/informationen\/hypnose-erlernen\/\" title=\"Hypnoseausbildung\" target=\"_blank\" rel=\"noopener noreferrer\">Hypnoseausbildung<\/a> in Baden-W\u00fcrttemberg. Auf unserer Facebook Seite finden\u00a0Sie au\u00dferdem weitere Informationen zum Thema Hypnose und aktuellen Terminen.<\/span><\/p>\n<p>&nbsp;<\/p>\n<p>[\/et_pb_text][\/et_pb_column][\/et_pb_row][et_pb_row _builder_version=&#8220;4.3.4&#8243;][et_pb_column type=&#8220;4_4&#8243; _builder_version=&#8220;4.3.4&#8243;][et_pb_social_media_follow icon_color=&#8220;#ffffff&#8220; _builder_version=&#8220;4.4.0&#8243; background_color=&#8220;rgba(0,0,0,0)&#8220; text_orientation=&#8220;center&#8220;][et_pb_social_media_follow_network social_network=&#8220;facebook&#8220; url=&#8220;https:\/\/www.facebook.com\/Hypnose.BW\/?ref=nf&#038;hc_ref=ARQsWusqvMHzh8R4X3haPpqPZEy7YsJjkZ_beCyREPmbefuWf13OFHmABxpZpepw1V0&#8243; _builder_version=&#8220;4.4.0&#8243; background_color=&#8220;#3b5998&#8243; follow_button=&#8220;off&#8220; url_new_window=&#8220;on&#8220;]facebook[\/et_pb_social_media_follow_network][\/et_pb_social_media_follow][\/et_pb_column][\/et_pb_row][\/et_pb_section]<\/p>\n","protected":false},"excerpt":{"rendered":"<p>Herzlich willkommen beim Hypnose Center Baden-W\u00fcrttemberg Ich freue mich Sie auf der Webseite des Hypnose Centers begr\u00fcssen zu d\u00fcrfen. Ihrem Partner f\u00fcr Hypnose in Baden-W\u00fcrttemberg. Auf dieser Seite finden Sie Informationen \u00fcber die M\u00f6glichkeiten und Anwendungen der modernen Hypnosetherapie. Des Weiteren haben Sie die M\u00f6glichkeit sich selbst zur Hypnoseausbildung anzumelden. Ihr Andreas Wehrle Hypnose Center [&hellip;]<\/p>\n","protected":false},"author":3,"featured_media":0,"parent":0,"menu_order":0,"comment_status":"closed","ping_status":"closed","template":"","meta":{"_et_pb_use_builder":"on","_et_pb_old_content":"","_et_gb_content_width":"","footnotes":""},"class_list":["post-116","page","type-page","status-publish","hentry"],"yoast_head":"<!-- This site is optimized with the Yoast SEO plugin v24.1 - https:\/\/yoast.com\/wordpress\/plugins\/seo\/ -->\n<title>Hypnose Center Baden-W\u00fcrttemberg, Hypnosetherapie - und Ausbildung<\/title>\n<meta name=\"description\" content=\"Die Hypnosetherapie bietet eine tolle M\u00f6glichkeit, Probleme und Blockaden zu \u00fcberwinden sowie Ziele schneller zu erreichen. Hypnose Center Baden-W\u00fcrttemberg\" \/>\n<meta name=\"robots\" content=\"index, follow, max-snippet:-1, max-image-preview:large, max-video-preview:-1\" \/>\n<link rel=\"canonical\" href=\"https:\/\/www.hypnose-bw.eu\/\" \/>\n<meta property=\"og:locale\" content=\"de_DE\" \/>\n<meta property=\"og:type\" content=\"article\" \/>\n<meta property=\"og:title\" content=\"Hypnose Center Baden-W\u00fcrttemberg, Hypnosetherapie - und Ausbildung\" \/>\n<meta property=\"og:description\" content=\"Die Hypnosetherapie bietet eine tolle M\u00f6glichkeit, Probleme und Blockaden zu \u00fcberwinden sowie Ziele schneller zu erreichen. Hypnose Center Baden-W\u00fcrttemberg\" \/>\n<meta property=\"og:url\" content=\"https:\/\/www.hypnose-bw.eu\/\" \/>\n<meta property=\"og:site_name\" content=\"Hypnose Center Baden-W\u00fcrttemberg, Hypnosetherapie- und Ausbildung\" \/>\n<meta property=\"article:modified_time\" content=\"2020-04-07T11:48:19+00:00\" \/>\n<meta name=\"twitter:card\" content=\"summary_large_image\" \/>\n<meta name=\"twitter:label1\" content=\"Gesch\u00e4tzte Lesezeit\" \/>\n\t<meta name=\"twitter:data1\" content=\"6\u00a0Minuten\" \/>\n<script type=\"application\/ld+json\" class=\"yoast-schema-graph\">{\"@context\":\"https:\/\/schema.org\",\"@graph\":[{\"@type\":\"WebPage\",\"@id\":\"https:\/\/www.hypnose-bw.eu\/\",\"url\":\"https:\/\/www.hypnose-bw.eu\/\",\"name\":\"Hypnose Center Baden-W\u00fcrttemberg, Hypnosetherapie - und Ausbildung\",\"isPartOf\":{\"@id\":\"https:\/\/www.hypnose-bw.eu\/#website\"},\"datePublished\":\"2020-02-26T13:17:15+00:00\",\"dateModified\":\"2020-04-07T11:48:19+00:00\",\"description\":\"Die Hypnosetherapie bietet eine tolle M\u00f6glichkeit, Probleme und Blockaden zu \u00fcberwinden sowie Ziele schneller zu erreichen. Hypnose Center Baden-W\u00fcrttemberg\",\"breadcrumb\":{\"@id\":\"https:\/\/www.hypnose-bw.eu\/#breadcrumb\"},\"inLanguage\":\"de\",\"potentialAction\":[{\"@type\":\"ReadAction\",\"target\":[\"https:\/\/www.hypnose-bw.eu\/\"]}]},{\"@type\":\"BreadcrumbList\",\"@id\":\"https:\/\/www.hypnose-bw.eu\/#breadcrumb\",\"itemListElement\":[{\"@type\":\"ListItem\",\"position\":1,\"name\":\"Home\",\"item\":\"https:\/\/www.hypnose-bw.eu\/\"},{\"@type\":\"ListItem\",\"position\":2,\"name\":\"Startseite\"}]},{\"@type\":\"WebSite\",\"@id\":\"https:\/\/www.hypnose-bw.eu\/#website\",\"url\":\"https:\/\/www.hypnose-bw.eu\/\",\"name\":\"Hypnose, Hypnosetherapie und Hypnoseausbildung in Baden-W\u00fcrttemberg\",\"description\":\"Moderne Hypnose bietet heute eine enorme Bandbreite von Anwendungen. Informieren Sie sich auf unseren Seiten zum Thema: Hypnose, Hypnosetherapie und Hypnoseausbildung in Baden-W\u00fcrttemberg.\",\"publisher\":{\"@id\":\"https:\/\/www.hypnose-bw.eu\/#\/schema\/person\/696f9a4168500159d90848a8d0d5cb54\"},\"potentialAction\":[{\"@type\":\"SearchAction\",\"target\":{\"@type\":\"EntryPoint\",\"urlTemplate\":\"https:\/\/www.hypnose-bw.eu\/?s={search_term_string}\"},\"query-input\":{\"@type\":\"PropertyValueSpecification\",\"valueRequired\":true,\"valueName\":\"search_term_string\"}}],\"inLanguage\":\"de\"},{\"@type\":[\"Person\",\"Organization\"],\"@id\":\"https:\/\/www.hypnose-bw.eu\/#\/schema\/person\/696f9a4168500159d90848a8d0d5cb54\",\"name\":\"admin\",\"image\":{\"@type\":\"ImageObject\",\"inLanguage\":\"de\",\"@id\":\"https:\/\/www.hypnose-bw.eu\/#\/schema\/person\/image\/\",\"url\":\"https:\/\/secure.gravatar.com\/avatar\/9c6614c27ceccccabc48687d162e5c06?s=96&d=mm&r=g\",\"contentUrl\":\"https:\/\/secure.gravatar.com\/avatar\/9c6614c27ceccccabc48687d162e5c06?s=96&d=mm&r=g\",\"caption\":\"admin\"},\"logo\":{\"@id\":\"https:\/\/www.hypnose-bw.eu\/#\/schema\/person\/image\/\"}}]}<\/script>\n<!-- \/ Yoast SEO plugin. -->","yoast_head_json":{"title":"Hypnose Center Baden-W\u00fcrttemberg, Hypnosetherapie - und Ausbildung","description":"Die Hypnosetherapie bietet eine tolle M\u00f6glichkeit, Probleme und Blockaden zu \u00fcberwinden sowie Ziele schneller zu erreichen. Hypnose Center Baden-W\u00fcrttemberg","robots":{"index":"index","follow":"follow","max-snippet":"max-snippet:-1","max-image-preview":"max-image-preview:large","max-video-preview":"max-video-preview:-1"},"canonical":"https:\/\/www.hypnose-bw.eu\/","og_locale":"de_DE","og_type":"article","og_title":"Hypnose Center Baden-W\u00fcrttemberg, Hypnosetherapie - und Ausbildung","og_description":"Die Hypnosetherapie bietet eine tolle M\u00f6glichkeit, Probleme und Blockaden zu \u00fcberwinden sowie Ziele schneller zu erreichen. Hypnose Center Baden-W\u00fcrttemberg","og_url":"https:\/\/www.hypnose-bw.eu\/","og_site_name":"Hypnose Center Baden-W\u00fcrttemberg, Hypnosetherapie- und Ausbildung","article_modified_time":"2020-04-07T11:48:19+00:00","twitter_card":"summary_large_image","twitter_misc":{"Gesch\u00e4tzte Lesezeit":"6\u00a0Minuten"},"schema":{"@context":"https:\/\/schema.org","@graph":[{"@type":"WebPage","@id":"https:\/\/www.hypnose-bw.eu\/","url":"https:\/\/www.hypnose-bw.eu\/","name":"Hypnose Center Baden-W\u00fcrttemberg, Hypnosetherapie - und Ausbildung","isPartOf":{"@id":"https:\/\/www.hypnose-bw.eu\/#website"},"datePublished":"2020-02-26T13:17:15+00:00","dateModified":"2020-04-07T11:48:19+00:00","description":"Die Hypnosetherapie bietet eine tolle M\u00f6glichkeit, Probleme und Blockaden zu \u00fcberwinden sowie Ziele schneller zu erreichen. Hypnose Center Baden-W\u00fcrttemberg","breadcrumb":{"@id":"https:\/\/www.hypnose-bw.eu\/#breadcrumb"},"inLanguage":"de","potentialAction":[{"@type":"ReadAction","target":["https:\/\/www.hypnose-bw.eu\/"]}]},{"@type":"BreadcrumbList","@id":"https:\/\/www.hypnose-bw.eu\/#breadcrumb","itemListElement":[{"@type":"ListItem","position":1,"name":"Home","item":"https:\/\/www.hypnose-bw.eu\/"},{"@type":"ListItem","position":2,"name":"Startseite"}]},{"@type":"WebSite","@id":"https:\/\/www.hypnose-bw.eu\/#website","url":"https:\/\/www.hypnose-bw.eu\/","name":"Hypnose, Hypnosetherapie und Hypnoseausbildung in Baden-W\u00fcrttemberg","description":"Moderne Hypnose bietet heute eine enorme Bandbreite von Anwendungen. Informieren Sie sich auf unseren Seiten zum Thema: Hypnose, Hypnosetherapie und Hypnoseausbildung in Baden-W\u00fcrttemberg.","publisher":{"@id":"https:\/\/www.hypnose-bw.eu\/#\/schema\/person\/696f9a4168500159d90848a8d0d5cb54"},"potentialAction":[{"@type":"SearchAction","target":{"@type":"EntryPoint","urlTemplate":"https:\/\/www.hypnose-bw.eu\/?s={search_term_string}"},"query-input":{"@type":"PropertyValueSpecification","valueRequired":true,"valueName":"search_term_string"}}],"inLanguage":"de"},{"@type":["Person","Organization"],"@id":"https:\/\/www.hypnose-bw.eu\/#\/schema\/person\/696f9a4168500159d90848a8d0d5cb54","name":"admin","image":{"@type":"ImageObject","inLanguage":"de","@id":"https:\/\/www.hypnose-bw.eu\/#\/schema\/person\/image\/","url":"https:\/\/secure.gravatar.com\/avatar\/9c6614c27ceccccabc48687d162e5c06?s=96&d=mm&r=g","contentUrl":"https:\/\/secure.gravatar.com\/avatar\/9c6614c27ceccccabc48687d162e5c06?s=96&d=mm&r=g","caption":"admin"},"logo":{"@id":"https:\/\/www.hypnose-bw.eu\/#\/schema\/person\/image\/"}}]}},"_links":{"self":[{"href":"https:\/\/www.hypnose-bw.eu\/index.php\/wp-json\/wp\/v2\/pages\/116","targetHints":{"allow":["GET"]}}],"collection":[{"href":"https:\/\/www.hypnose-bw.eu\/index.php\/wp-json\/wp\/v2\/pages"}],"about":[{"href":"https:\/\/www.hypnose-bw.eu\/index.php\/wp-json\/wp\/v2\/types\/page"}],"author":[{"embeddable":true,"href":"https:\/\/www.hypnose-bw.eu\/index.php\/wp-json\/wp\/v2\/users\/3"}],"replies":[{"embeddable":true,"href":"https:\/\/www.hypnose-bw.eu\/index.php\/wp-json\/wp\/v2\/comments?post=116"}],"version-history":[{"count":167,"href":"https:\/\/www.hypnose-bw.eu\/index.php\/wp-json\/wp\/v2\/pages\/116\/revisions"}],"predecessor-version":[{"id":1540,"href":"https:\/\/www.hypnose-bw.eu\/index.php\/wp-json\/wp\/v2\/pages\/116\/revisions\/1540"}],"wp:attachment":[{"href":"https:\/\/www.hypnose-bw.eu\/index.php\/wp-json\/wp\/v2\/media?parent=116"}],"curies":[{"name":"wp","href":"https:\/\/api.w.org\/{rel}","templated":true}]}}